{"id":98,"date":"2017-04-23T14:25:03","date_gmt":"2017-04-23T12:25:03","guid":{"rendered":"http:\/\/utopia-muc.de\/?page_id=98"},"modified":"2026-01-21T11:52:12","modified_gmt":"2026-01-21T10:52:12","slug":"willkommen-im-utopia","status":"publish","type":"page","link":"https:\/\/utopia-muc.de\/","title":{"rendered":"Willkommen im Utopia"},"content":{"rendered":"<div class=\"grid-x grid-margin-x align-stretch\" data-equalizer=\"\">\n<div class=\"small-6 cell\">\n<h3 class=\"fzs titel-bereich\" data-equalizer-watch=\"\"><a href=\"https:\/\/utopia-muc.de\/index.php\/freizeitstaette\/\">Freizeit\u00adst\u00e4tte<\/a><\/h3>\n<p><a href=\"https:\/\/utopia-muc.de\/index.php\/freizeitstaette\/\"><img loading=\"lazy\" decoding=\"async\" class=\"alignnone\" src=\"https:\/\/utopia-muc.de\/wp-content\/uploads\/2017\/08\/17-08-22start_fzs.jpg\" alt=\"Utopia Freizeitst\u00e4tte Eingang zum Haus\" width=\"570\" height=\"380\" \/><\/a><\/p>\n<\/div>\n<div class=\"small-6 cell\">\n<h3 class=\"asp titel-bereich\" data-equalizer-watch=\"\"><a href=\"https:\/\/utopia-muc.de\/index.php\/abenteuerspielplatz\/\">Abenteuer\u00adspiel\u00adplatz<\/a><\/h3>\n<p><a href=\"https:\/\/utopia-muc.de\/index.php\/abenteuerspielplatz\/\"><img loading=\"lazy\" decoding=\"async\" class=\"alignnone\" src=\"https:\/\/utopia-muc.de\/wp-content\/uploads\/2017\/08\/17-08-22start_asp.jpg\" alt=\"Schild am Baum: Abenteuer-Spielplatz\" width=\"570\" height=\"380\" \/><\/a><\/p>\n<\/div>\n<\/div>\n\n\n<p class=\"has-text-align-center has-large-font-size\"><\/p>\n\n\n\n<div class=\"wp-block-cover alignfull is-light\" style=\"margin-top:0;padding-top:5vw;padding-right:5vw;padding-bottom:5vw;padding-left:5vw;min-height:280px;aspect-ratio:unset;\"><span aria-hidden=\"true\" class=\"wp-block-cover__background has-background-dim-100 has-background-dim\" style=\"background-color:#e68b14\"><\/span><div class=\"wp-block-cover__inner-container is-layout-flow wp-block-cover-is-layout-flow\">\n<p class=\"has-text-align-center\" style=\"font-size:40px\"><strong>Platz und Raumnutzung der FFV e.V. Einrichtungen<\/strong><\/p>\n\n\n\n<div class=\"wp-block-group is-content-justification-center is-layout-flex wp-container-core-group-is-layout-eb4edde9 wp-block-group-is-layout-flex\">\n<div class=\"wp-block-group wp-container-content-8eb0bdf3\"><div class=\"wp-block-group__inner-container is-layout-flow wp-block-group-is-layout-flow\">\n<div class=\"wp-block-buttons is-content-justification-center is-layout-flex wp-container-core-buttons-is-layout-16018d1d wp-block-buttons-is-layout-flex\">\n<div class=\"wp-block-button\"><a class=\"wp-block-button__link has-white-color has-black-background-color has-text-color has-background has-custom-font-size wp-element-button\" href=\"https:\/\/utopia-muc.de\/index.php\/informationen-zur-nutzung-der-einrichtungn\/\" style=\"border-radius:0px;border-top-style:none;border-top-width:0px;border-right-style:none;border-right-width:0px;border-bottom-style:none;border-bottom-width:0px;border-left-style:none;border-left-width:0px;padding-top:14px;padding-right:36px;padding-bottom:14px;padding-left:36px;font-size:17px;font-style:normal;font-weight:700;letter-spacing:0px;text-decoration:none;text-transform:uppercase\">Weiterlesen &gt;<\/a><\/div>\n<\/div>\n<\/div><\/div>\n<\/div>\n<\/div><\/div>\n\n\n\n<div class=\"wp-block-cover alignfull wp-duotone-rgb4448102-ffb23d-1\" style=\"margin-top:0;padding-top:4vw;padding-right:4vw;padding-bottom:4vw;padding-left:4vw;min-height:583px;aspect-ratio:unset;\"><img decoding=\"async\" class=\"wp-block-cover__image-background wp-image-334\" alt=\"\" src=\"https:\/\/pd.w.org\/2022\/01\/2661f82cd1ba9172.16386413.jpg\" data-object-fit=\"cover\"\/><span aria-hidden=\"true\" class=\"wp-block-cover__background has-background-dim-80 has-background-dim\" style=\"background-color:#2c3066\"><\/span><div class=\"wp-block-cover__inner-container is-layout-flow wp-block-cover-is-layout-flow\">\n<div class=\"wp-block-group\"><div class=\"wp-block-group__inner-container is-layout-flow wp-block-group-is-layout-flow\">\n<p class=\"has-text-align-center has-text-color\" style=\"color:#ffb23d;font-size:50px;font-style:normal;font-weight:700;line-height:0.9;text-transform:none\"><strong>Das Utopia ist f\u00fcr mobilit\u00e4tseingeschr\u00e4nkte Menschen zug\u00e4nglich und verf\u00fcgt \u00fcber eine Rollstuhltoilette<\/strong><\/p>\n\n\n\n<div style=\"height:48px\" aria-hidden=\"true\" class=\"wp-block-spacer\"><\/div>\n<\/div><\/div>\n\n\n<div class=\"wp-block-image\">\n<figure class=\"aligncenter size-full is-resized\"><img srcset=\"https:\/\/utopia-muc.de\/wp-content\/uploads\/2022\/09\/Rolli-mit-wc-24x24.jpg 24w, https:\/\/utopia-muc.de\/wp-content\/uploads\/2022\/09\/Rolli-mit-wc-36x36.jpg 36w, https:\/\/utopia-muc.de\/wp-content\/uploads\/2022\/09\/Rolli-mit-wc-48x48.jpg 48w, https:\/\/utopia-muc.de\/wp-content\/uploads\/2022\/09\/Rolli-mit-wc.jpg 110w\" sizes=\"(min-width: 48px) 110px, (min-width: 36px) 48px, (min-width: 24px) 36px, 24px\" alt=\"\" class=\"wp-image-3237\" style=\"width:150px;height:auto\"><\/figure><\/div><\/div><\/div>\n\n\n\n<p><\/p>\n","protected":false},"excerpt":{"rendered":"<p>Freizeit\u00adst\u00e4tte Abenteuer\u00adspiel\u00adplatz<\/p>\n","protected":false},"author":4,"featured_media":0,"parent":0,"menu_order":0,"comment_status":"closed","ping_status":"closed","template":"page-templates\/front-page.php","meta":{"ngg_post_thumbnail":0,"footnotes":""},"class_list":["post-98","page","type-page","status-publish","hentry"],"yoast_head":"<!-- This site is optimized with the Yoast SEO plugin v25.3.1 - https:\/\/yoast.com\/wordpress\/plugins\/seo\/ -->\n<title>Willkommen im Utopia - Utopia Ramersdorf | Freizeitst\u00e4tte und Abenteuerspielplatz<\/title>\n<meta name=\"description\" content=\"Das Utopia Ramersdorf ist eine Freizeitst\u00e4tte und ein Abenteuerspielplatz in M\u00fcnchen Ramersdorf\" \/>\n<meta name=\"robots\" content=\"index, follow, max-snippet:-1, max-image-preview:large, max-video-preview:-1\" \/>\n<link rel=\"canonical\" href=\"https:\/\/utopia-muc.de\/\" \/>\n<meta property=\"og:locale\" content=\"de_DE\" \/>\n<meta property=\"og:type\" content=\"article\" \/>\n<meta property=\"og:title\" content=\"Willkommen im Utopia - Utopia Ramersdorf | Freizeitst\u00e4tte und Abenteuerspielplatz\" \/>\n<meta property=\"og:description\" content=\"Das Utopia Ramersdorf ist eine Freizeitst\u00e4tte und ein Abenteuerspielplatz in M\u00fcnchen Ramersdorf\" \/>\n<meta property=\"og:url\" content=\"https:\/\/utopia-muc.de\/\" \/>\n<meta property=\"og:site_name\" content=\"Utopia Ramersdorf | Freizeitst\u00e4tte und Abenteuerspielplatz\" \/>\n<meta property=\"article:publisher\" content=\"https:\/\/www.facebook.com\/UtopiaRamersdorf\" \/>\n<meta property=\"article:modified_time\" content=\"2026-01-21T10:52:12+00:00\" \/>\n<meta property=\"og:image\" content=\"https:\/\/utopia-muc.de\/wp-content\/uploads\/2017\/08\/17-08-22start_fzs.jpg\" \/>\n<meta name=\"twitter:card\" content=\"summary_large_image\" \/>\n<meta name=\"twitter:label1\" content=\"Gesch\u00e4tzte Lesezeit\" \/>\n\t<meta name=\"twitter:data1\" content=\"1\u00a0Minute\" \/>\n<script type=\"application\/ld+json\" class=\"yoast-schema-graph\">{\"@context\":\"https:\/\/schema.org\",\"@graph\":[{\"@type\":\"WebPage\",\"@id\":\"https:\/\/utopia-muc.de\/\",\"url\":\"https:\/\/utopia-muc.de\/\",\"name\":\"Willkommen im Utopia - Utopia Ramersdorf | Freizeitst\u00e4tte und Abenteuerspielplatz\",\"isPartOf\":{\"@id\":\"https:\/\/utopia-muc.de\/#website\"},\"primaryImageOfPage\":{\"@id\":\"https:\/\/utopia-muc.de\/#primaryimage\"},\"image\":{\"@id\":\"https:\/\/utopia-muc.de\/#primaryimage\"},\"thumbnailUrl\":\"https:\/\/utopia-muc.de\/wp-content\/uploads\/2017\/08\/17-08-22start_fzs.jpg\",\"datePublished\":\"2017-04-23T12:25:03+00:00\",\"dateModified\":\"2026-01-21T10:52:12+00:00\",\"description\":\"Das Utopia Ramersdorf ist eine Freizeitst\u00e4tte und ein Abenteuerspielplatz in M\u00fcnchen Ramersdorf\",\"breadcrumb\":{\"@id\":\"https:\/\/utopia-muc.de\/#breadcrumb\"},\"inLanguage\":\"de\",\"potentialAction\":[{\"@type\":\"ReadAction\",\"target\":[\"https:\/\/utopia-muc.de\/\"]}]},{\"@type\":\"ImageObject\",\"inLanguage\":\"de\",\"@id\":\"https:\/\/utopia-muc.de\/#primaryimage\",\"url\":\"https:\/\/utopia-muc.de\/wp-content\/uploads\/2017\/08\/17-08-22start_fzs.jpg\",\"contentUrl\":\"https:\/\/utopia-muc.de\/wp-content\/uploads\/2017\/08\/17-08-22start_fzs.jpg\",\"width\":570,\"height\":380},{\"@type\":\"BreadcrumbList\",\"@id\":\"https:\/\/utopia-muc.de\/#breadcrumb\",\"itemListElement\":[{\"@type\":\"ListItem\",\"position\":1,\"name\":\"Startseite\",\"item\":\"https:\/\/utopia-muc.de\/\"},{\"@type\":\"ListItem\",\"position\":2,\"name\":\"Willkommen im Utopia\"}]},{\"@type\":\"WebSite\",\"@id\":\"https:\/\/utopia-muc.de\/#website\",\"url\":\"https:\/\/utopia-muc.de\/\",\"name\":\"Utopia Ramersdorf | Freizeitst\u00e4tte und Abenteuerspielplatz\",\"description\":\"Vorgestellt wird das Utopia Ramersdorf,  Freizeitst\u00e4tte und Abenteuerspielplatz in M\u00fcnchen-Ramersdorf\",\"potentialAction\":[{\"@type\":\"SearchAction\",\"target\":{\"@type\":\"EntryPoint\",\"urlTemplate\":\"https:\/\/utopia-muc.de\/?s={search_term_string}\"},\"query-input\":{\"@type\":\"PropertyValueSpecification\",\"valueRequired\":true,\"valueName\":\"search_term_string\"}}],\"inLanguage\":\"de\"}]}<\/script>\n<!-- \/ Yoast SEO plugin. -->","yoast_head_json":{"title":"Willkommen im Utopia - Utopia Ramersdorf | Freizeitst\u00e4tte und Abenteuerspielplatz","description":"Das Utopia Ramersdorf ist eine Freizeitst\u00e4tte und ein Abenteuerspielplatz in M\u00fcnchen Ramersdorf","robots":{"index":"index","follow":"follow","max-snippet":"max-snippet:-1","max-image-preview":"max-image-preview:large","max-video-preview":"max-video-preview:-1"},"canonical":"https:\/\/utopia-muc.de\/","og_locale":"de_DE","og_type":"article","og_title":"Willkommen im Utopia - Utopia Ramersdorf | Freizeitst\u00e4tte und Abenteuerspielplatz","og_description":"Das Utopia Ramersdorf ist eine Freizeitst\u00e4tte und ein Abenteuerspielplatz in M\u00fcnchen Ramersdorf","og_url":"https:\/\/utopia-muc.de\/","og_site_name":"Utopia Ramersdorf | Freizeitst\u00e4tte und Abenteuerspielplatz","article_publisher":"https:\/\/www.facebook.com\/UtopiaRamersdorf","article_modified_time":"2026-01-21T10:52:12+00:00","og_image":[{"url":"https:\/\/utopia-muc.de\/wp-content\/uploads\/2017\/08\/17-08-22start_fzs.jpg","type":"","width":"","height":""}],"twitter_card":"summary_large_image","twitter_misc":{"Gesch\u00e4tzte Lesezeit":"1\u00a0Minute"},"schema":{"@context":"https:\/\/schema.org","@graph":[{"@type":"WebPage","@id":"https:\/\/utopia-muc.de\/","url":"https:\/\/utopia-muc.de\/","name":"Willkommen im Utopia - Utopia Ramersdorf | Freizeitst\u00e4tte und Abenteuerspielplatz","isPartOf":{"@id":"https:\/\/utopia-muc.de\/#website"},"primaryImageOfPage":{"@id":"https:\/\/utopia-muc.de\/#primaryimage"},"image":{"@id":"https:\/\/utopia-muc.de\/#primaryimage"},"thumbnailUrl":"https:\/\/utopia-muc.de\/wp-content\/uploads\/2017\/08\/17-08-22start_fzs.jpg","datePublished":"2017-04-23T12:25:03+00:00","dateModified":"2026-01-21T10:52:12+00:00","description":"Das Utopia Ramersdorf ist eine Freizeitst\u00e4tte und ein Abenteuerspielplatz in M\u00fcnchen Ramersdorf","breadcrumb":{"@id":"https:\/\/utopia-muc.de\/#breadcrumb"},"inLanguage":"de","potentialAction":[{"@type":"ReadAction","target":["https:\/\/utopia-muc.de\/"]}]},{"@type":"ImageObject","inLanguage":"de","@id":"https:\/\/utopia-muc.de\/#primaryimage","url":"https:\/\/utopia-muc.de\/wp-content\/uploads\/2017\/08\/17-08-22start_fzs.jpg","contentUrl":"https:\/\/utopia-muc.de\/wp-content\/uploads\/2017\/08\/17-08-22start_fzs.jpg","width":570,"height":380},{"@type":"BreadcrumbList","@id":"https:\/\/utopia-muc.de\/#breadcrumb","itemListElement":[{"@type":"ListItem","position":1,"name":"Startseite","item":"https:\/\/utopia-muc.de\/"},{"@type":"ListItem","position":2,"name":"Willkommen im Utopia"}]},{"@type":"WebSite","@id":"https:\/\/utopia-muc.de\/#website","url":"https:\/\/utopia-muc.de\/","name":"Utopia Ramersdorf | Freizeitst\u00e4tte und Abenteuerspielplatz","description":"Vorgestellt wird das Utopia Ramersdorf,  Freizeitst\u00e4tte und Abenteuerspielplatz in M\u00fcnchen-Ramersdorf","potentialAction":[{"@type":"SearchAction","target":{"@type":"EntryPoint","urlTemplate":"https:\/\/utopia-muc.de\/?s={search_term_string}"},"query-input":{"@type":"PropertyValueSpecification","valueRequired":true,"valueName":"search_term_string"}}],"inLanguage":"de"}]}},"featured_image_src":null,"featured_image_src_square":null,"_links":{"self":[{"href":"https:\/\/utopia-muc.de\/index.php\/wp-json\/wp\/v2\/pages\/98","targetHints":{"allow":["GET"]}}],"collection":[{"href":"https:\/\/utopia-muc.de\/index.php\/wp-json\/wp\/v2\/pages"}],"about":[{"href":"https:\/\/utopia-muc.de\/index.php\/wp-json\/wp\/v2\/types\/page"}],"author":[{"embeddable":true,"href":"https:\/\/utopia-muc.de\/index.php\/wp-json\/wp\/v2\/users\/4"}],"replies":[{"embeddable":true,"href":"https:\/\/utopia-muc.de\/index.php\/wp-json\/wp\/v2\/comments?post=98"}],"version-history":[{"count":114,"href":"https:\/\/utopia-muc.de\/index.php\/wp-json\/wp\/v2\/pages\/98\/revisions"}],"predecessor-version":[{"id":4342,"href":"https:\/\/utopia-muc.de\/index.php\/wp-json\/wp\/v2\/pages\/98\/revisions\/4342"}],"wp:attachment":[{"href":"https:\/\/utopia-muc.de\/index.php\/wp-json\/wp\/v2\/media?parent=98"}],"curies":[{"name":"wp","href":"https:\/\/api.w.org\/{rel}","templated":true}]}}