{"id":463,"date":"2017-06-30T15:15:50","date_gmt":"2017-06-30T13:15:50","guid":{"rendered":"http:\/\/utopia-muc.de\/?page_id=463"},"modified":"2019-05-07T17:31:38","modified_gmt":"2019-05-07T15:31:38","slug":"traeger-und-geschichte","status":"publish","type":"page","link":"https:\/\/utopia-muc.de\/index.php\/abenteuerspielplatz\/traeger-und-geschichte\/","title":{"rendered":"Tr\u00e4ger und Geschichte"},"content":{"rendered":"\n<div class=\"wp-block-atomic-blocks-ab-container ab-block-container\"><div class=\"ab-container-inside\"><div class=\"ab-container-content\" style=\"max-width:1600px\">\n<p><span style=\"font-family: Verdana,Arial,Helvetica,sans-serif; font-size: medium;\"><b>Tr\u00e4ger:&nbsp;<\/b><\/span><\/p>\n\n\n\n<p>Der Tr\u00e4ger des\u00a0<b>Utopias<\/b>\u00a0ist der Falkenfreizeitst\u00e4ttenverein e.V. (FFV). Der Verein ist gemeinn\u00fctzig und anerkannter Tr\u00e4ger der Jugendarbeit. Gegr\u00fcndet wurde der FFV 1986 von der M\u00fcnchener Gliederung der SJD-Die Falken.<br><br>Die Falken sind ein bundesweiter Jugendverband. Infos \u00fcber die Falken\u00a0<a href=\"http:\/\/www.falken-muenchen.de\">www.falken-muenchen.de.<\/a><br><\/p>\n\n\n\n<figure class=\"wp-block-image\"><img loading=\"lazy\" decoding=\"async\" width=\"200\" height=\"193\" src=\"https:\/\/utopia-muc.de\/wp-content\/uploads\/2017\/06\/falke.jpg\" alt=\"\" class=\"wp-image-465\"\/><\/figure>\n\n\n\n<p>Der FFV hat 20 Mitglieder und einen gew\u00e4hlten, ehrenamtlichen Vorstand. Die Zielsetzung des FFVs ist der Betrieb von Einrichtungen der offenen Kinder- und Jugendarbeit in M\u00fcnchen. Derzeit ist das <strong>Utopia<\/strong> in Ramersdorf die einzige Einrichtung des FFVs.<\/p>\n\n\n\n<p><b><span style=\"font-size: medium;\">Geschichte:<\/span><\/b><\/p>\n\n\n\n<p><b>1950<\/b>\u00a0errichtete die SPD nach Ende des 2.Weltkrieges ein Haus f\u00fcr ihre Mitglieder in Ramersdorf.<br><b>1957<\/b>\u00a0wurde beschlossen, das Haus nur f\u00fcr Jugendarbeit zu nutzen.<br><b>1982<\/b>\u00a0wurde ein Sozialp\u00e4dagoge eingestellt und damit begann die, von der Stadt M\u00fcnchen gef\u00f6rderte, offene Jugendarbeit in Ramersdorf. Zu Ehren von Sepp Linsenmeier, einem Ramersdorfer SPD-Mitglied, wurde das Haus nach ihm benannt.<br><b>1987<\/b> wurde auf dem angrenzenden Grundst\u00fcck der Abenteuerspielplatz er\u00f6ffnet. Der Stellenplan wurde auf vier Stellen f\u00fcr Sozialp\u00e4dagogen erweitert.<br><b>1998<\/b>\u00a0wurde das Haus renoviert, erheblich vergr\u00f6\u00dfert und der Abenteuerspielplatz sowie die Freizeitst\u00e4tte in\u00a0<b>Utopia<\/b>\u00a0umbenannt.<\/p>\n\n\n\n<p><\/p>\n<\/div><\/div><\/div>\n","protected":false},"excerpt":{"rendered":"","protected":false},"author":4,"featured_media":0,"parent":122,"menu_order":0,"comment_status":"closed","ping_status":"closed","template":"page-templates\/full-width-utopia.php","meta":{"ngg_post_thumbnail":0,"footnotes":""},"class_list":["post-463","page","type-page","status-publish","hentry"],"yoast_head":"<!-- This site is optimized with the Yoast SEO plugin v25.3.1 - https:\/\/yoast.com\/wordpress\/plugins\/seo\/ -->\n<title>Tr\u00e4ger und Geschichte - Utopia Ramersdorf | Freizeitst\u00e4tte und Abenteuerspielplatz<\/title>\n<meta name=\"robots\" content=\"index, follow, max-snippet:-1, max-image-preview:large, max-video-preview:-1\" \/>\n<link rel=\"canonical\" href=\"https:\/\/utopia-muc.de\/index.php\/abenteuerspielplatz\/traeger-und-geschichte\/\" \/>\n<meta property=\"og:locale\" content=\"de_DE\" \/>\n<meta property=\"og:type\" content=\"article\" \/>\n<meta property=\"og:title\" content=\"Tr\u00e4ger und Geschichte - Utopia Ramersdorf | Freizeitst\u00e4tte und Abenteuerspielplatz\" \/>\n<meta property=\"og:url\" content=\"https:\/\/utopia-muc.de\/index.php\/abenteuerspielplatz\/traeger-und-geschichte\/\" \/>\n<meta property=\"og:site_name\" content=\"Utopia Ramersdorf | Freizeitst\u00e4tte und Abenteuerspielplatz\" \/>\n<meta property=\"article:publisher\" content=\"https:\/\/www.facebook.com\/UtopiaRamersdorf\" \/>\n<meta property=\"article:modified_time\" content=\"2019-05-07T15:31:38+00:00\" \/>\n<meta name=\"twitter:card\" content=\"summary_large_image\" \/>\n<script type=\"application\/ld+json\" class=\"yoast-schema-graph\">{\"@context\":\"https:\/\/schema.org\",\"@graph\":[{\"@type\":\"WebPage\",\"@id\":\"https:\/\/utopia-muc.de\/index.php\/abenteuerspielplatz\/traeger-und-geschichte\/\",\"url\":\"https:\/\/utopia-muc.de\/index.php\/abenteuerspielplatz\/traeger-und-geschichte\/\",\"name\":\"Tr\u00e4ger und Geschichte - Utopia Ramersdorf | Freizeitst\u00e4tte und Abenteuerspielplatz\",\"isPartOf\":{\"@id\":\"https:\/\/utopia-muc.de\/#website\"},\"datePublished\":\"2017-06-30T13:15:50+00:00\",\"dateModified\":\"2019-05-07T15:31:38+00:00\",\"breadcrumb\":{\"@id\":\"https:\/\/utopia-muc.de\/index.php\/abenteuerspielplatz\/traeger-und-geschichte\/#breadcrumb\"},\"inLanguage\":\"de\",\"potentialAction\":[{\"@type\":\"ReadAction\",\"target\":[\"https:\/\/utopia-muc.de\/index.php\/abenteuerspielplatz\/traeger-und-geschichte\/\"]}]},{\"@type\":\"BreadcrumbList\",\"@id\":\"https:\/\/utopia-muc.de\/index.php\/abenteuerspielplatz\/traeger-und-geschichte\/#breadcrumb\",\"itemListElement\":[{\"@type\":\"ListItem\",\"position\":1,\"name\":\"Startseite\",\"item\":\"https:\/\/utopia-muc.de\/\"},{\"@type\":\"ListItem\",\"position\":2,\"name\":\"Unser Abenteuerspielplatz\",\"item\":\"https:\/\/utopia-muc.de\/index.php\/abenteuerspielplatz\/\"},{\"@type\":\"ListItem\",\"position\":3,\"name\":\"Tr\u00e4ger und Geschichte\"}]},{\"@type\":\"WebSite\",\"@id\":\"https:\/\/utopia-muc.de\/#website\",\"url\":\"https:\/\/utopia-muc.de\/\",\"name\":\"Utopia Ramersdorf | Freizeitst\u00e4tte und Abenteuerspielplatz\",\"description\":\"Vorgestellt wird das Utopia Ramersdorf,  Freizeitst\u00e4tte und Abenteuerspielplatz in M\u00fcnchen-Ramersdorf\",\"potentialAction\":[{\"@type\":\"SearchAction\",\"target\":{\"@type\":\"EntryPoint\",\"urlTemplate\":\"https:\/\/utopia-muc.de\/?s={search_term_string}\"},\"query-input\":{\"@type\":\"PropertyValueSpecification\",\"valueRequired\":true,\"valueName\":\"search_term_string\"}}],\"inLanguage\":\"de\"}]}<\/script>\n<!-- \/ Yoast SEO plugin. -->","yoast_head_json":{"title":"Tr\u00e4ger und Geschichte - Utopia Ramersdorf | Freizeitst\u00e4tte und Abenteuerspielplatz","robots":{"index":"index","follow":"follow","max-snippet":"max-snippet:-1","max-image-preview":"max-image-preview:large","max-video-preview":"max-video-preview:-1"},"canonical":"https:\/\/utopia-muc.de\/index.php\/abenteuerspielplatz\/traeger-und-geschichte\/","og_locale":"de_DE","og_type":"article","og_title":"Tr\u00e4ger und Geschichte - Utopia Ramersdorf | Freizeitst\u00e4tte und Abenteuerspielplatz","og_url":"https:\/\/utopia-muc.de\/index.php\/abenteuerspielplatz\/traeger-und-geschichte\/","og_site_name":"Utopia Ramersdorf | Freizeitst\u00e4tte und Abenteuerspielplatz","article_publisher":"https:\/\/www.facebook.com\/UtopiaRamersdorf","article_modified_time":"2019-05-07T15:31:38+00:00","twitter_card":"summary_large_image","schema":{"@context":"https:\/\/schema.org","@graph":[{"@type":"WebPage","@id":"https:\/\/utopia-muc.de\/index.php\/abenteuerspielplatz\/traeger-und-geschichte\/","url":"https:\/\/utopia-muc.de\/index.php\/abenteuerspielplatz\/traeger-und-geschichte\/","name":"Tr\u00e4ger und Geschichte - Utopia Ramersdorf | Freizeitst\u00e4tte und Abenteuerspielplatz","isPartOf":{"@id":"https:\/\/utopia-muc.de\/#website"},"datePublished":"2017-06-30T13:15:50+00:00","dateModified":"2019-05-07T15:31:38+00:00","breadcrumb":{"@id":"https:\/\/utopia-muc.de\/index.php\/abenteuerspielplatz\/traeger-und-geschichte\/#breadcrumb"},"inLanguage":"de","potentialAction":[{"@type":"ReadAction","target":["https:\/\/utopia-muc.de\/index.php\/abenteuerspielplatz\/traeger-und-geschichte\/"]}]},{"@type":"BreadcrumbList","@id":"https:\/\/utopia-muc.de\/index.php\/abenteuerspielplatz\/traeger-und-geschichte\/#breadcrumb","itemListElement":[{"@type":"ListItem","position":1,"name":"Startseite","item":"https:\/\/utopia-muc.de\/"},{"@type":"ListItem","position":2,"name":"Unser Abenteuerspielplatz","item":"https:\/\/utopia-muc.de\/index.php\/abenteuerspielplatz\/"},{"@type":"ListItem","position":3,"name":"Tr\u00e4ger und Geschichte"}]},{"@type":"WebSite","@id":"https:\/\/utopia-muc.de\/#website","url":"https:\/\/utopia-muc.de\/","name":"Utopia Ramersdorf | Freizeitst\u00e4tte und Abenteuerspielplatz","description":"Vorgestellt wird das Utopia Ramersdorf,  Freizeitst\u00e4tte und Abenteuerspielplatz in M\u00fcnchen-Ramersdorf","potentialAction":[{"@type":"SearchAction","target":{"@type":"EntryPoint","urlTemplate":"https:\/\/utopia-muc.de\/?s={search_term_string}"},"query-input":{"@type":"PropertyValueSpecification","valueRequired":true,"valueName":"search_term_string"}}],"inLanguage":"de"}]}},"featured_image_src":null,"featured_image_src_square":null,"_links":{"self":[{"href":"https:\/\/utopia-muc.de\/index.php\/wp-json\/wp\/v2\/pages\/463","targetHints":{"allow":["GET"]}}],"collection":[{"href":"https:\/\/utopia-muc.de\/index.php\/wp-json\/wp\/v2\/pages"}],"about":[{"href":"https:\/\/utopia-muc.de\/index.php\/wp-json\/wp\/v2\/types\/page"}],"author":[{"embeddable":true,"href":"https:\/\/utopia-muc.de\/index.php\/wp-json\/wp\/v2\/users\/4"}],"replies":[{"embeddable":true,"href":"https:\/\/utopia-muc.de\/index.php\/wp-json\/wp\/v2\/comments?post=463"}],"version-history":[{"count":9,"href":"https:\/\/utopia-muc.de\/index.php\/wp-json\/wp\/v2\/pages\/463\/revisions"}],"predecessor-version":[{"id":1491,"href":"https:\/\/utopia-muc.de\/index.php\/wp-json\/wp\/v2\/pages\/463\/revisions\/1491"}],"up":[{"embeddable":true,"href":"https:\/\/utopia-muc.de\/index.php\/wp-json\/wp\/v2\/pages\/122"}],"wp:attachment":[{"href":"https:\/\/utopia-muc.de\/index.php\/wp-json\/wp\/v2\/media?parent=463"}],"curies":[{"name":"wp","href":"https:\/\/api.w.org\/{rel}","templated":true}]}}