{"id":4160,"date":"2025-05-22T13:23:10","date_gmt":"2025-05-22T11:23:10","guid":{"rendered":"https:\/\/utopia-muc.de\/?page_id=4160"},"modified":"2026-04-23T12:49:28","modified_gmt":"2026-04-23T10:49:28","slug":"spendet-und-unterstuetzt-das-utopia","status":"publish","type":"page","link":"https:\/\/utopia-muc.de\/index.php\/abenteuerspielplatz\/unsere-angebote\/spendet-und-unterstuetzt-das-utopia\/","title":{"rendered":"Spenden"},"content":{"rendered":"\n<p><strong>Unterst\u00fctzt den Utopia <u>Abenteuerspielplatz<\/u> und die <u>Freizeitst\u00e4tte<\/u><\/strong> <strong>mit euren<\/strong> <strong>Spenden<\/strong><\/p>\n\n\n\n<p><strong>Der p\u00e4dagogisch betreute Abenteuerspielplatz und die Freizeitst\u00e4tte bieten f\u00fcr Kinder ab der 1. Klasse bis 13 Jahren und Jugendliche ab 13 Jahren einen gesch\u00fctzten und naturnahen Begegnungs- und Erfahrungsraum im <\/strong><strong>Stadtteil Ramersdorf.<\/strong><\/p>\n\n\n\n<p><strong>Wie wird unsere Arbeit vom Utopia finanziert?<\/strong><br>Das Utopia wird mit \u00f6ffentlichen Geldern vom Sozialreferat der LH M\u00fcnchen finanziert. Dies deckt einen Gro\u00dfteil der Sachkosten, allerdings sind wir trotzdem auf Eigenmittel angewiesen, um unser vielf\u00e4ltiges Angebot erhalten zu k\u00f6nnen.<\/p>\n\n\n\n<p><strong>Jede Spende hilft!&nbsp;<\/strong><\/p>\n\n\n\n<p><strong>Daf\u00fcr werden eure Spenden genutzt:<\/strong><\/p>\n\n\n\n<div style=\"color:#32373c;background-color:#ff3860\" class=\"wp-block-genesis-blocks-gb-notice gb-font-size-18 gb-block-notice\" data-id=\"c7718b\"><div class=\"gb-notice-title\" style=\"color:#fff\"><p>Zweckgebundene Spenden<\/p><\/div><div class=\"gb-notice-text\" style=\"border-color:#ff3860\">\n<p class=\"has-text-align-center has-medium-font-size\"><strong><a href=\"https:\/\/www.betterplace.org\/de\/organisations\/70183-utopia-ramersdorf-falkenfreizeitstaettenverein-e-v\">Jetzt \u00fcber Betterplace zweckgebunden Spenden<\/a><\/strong><\/p>\n<\/div><\/div>\n\n\n\n<ul class=\"wp-block-list\">\n<li>Spiel- und Bastelmaterialien<\/li>\n\n\n\n<li>Bauholz<\/li>\n\n\n\n<li>Anschaffungen<\/li>\n\n\n\n<li>Werkzeug<\/li>\n\n\n\n<li>Ferienangebote<\/li>\n<\/ul>\n\n\n\n<p><strong>Kontodaten f\u00fcr Spenden:<\/strong><\/p>\n\n\n\n<p><strong>Falkenfreizeitst\u00e4ttenverein e.V.<br>\u200dStadtsparkasse M\u00fcnchen<br>IBAN: DE 82 7015 0000 0068 1008 41<\/strong><br><strong>Betreff: Spende<\/strong><\/p>\n\n\n\n<p>Falls ihr eine Spendenquittung ben\u00f6tigt, schickt uns eine E-Mail an: <a href=\"mailto:mail@utopia-muc.de\">mail(at)utopia-muc.de<\/a><\/p>\n\n\n\n<p><\/p>\n","protected":false},"excerpt":{"rendered":"<p>Unterst\u00fctzt den Utopia Abenteuerspielplatz und die Freizeitst\u00e4tte mit euren Spenden Der p\u00e4dagogisch betreute Abenteuerspielplatz und die Freizeitst\u00e4tte bieten f\u00fcr Kinder ab der 1. Klasse bis 13 Jahren und Jugendliche ab 13 Jahren einen gesch\u00fctzten und naturnahen Begegnungs- und Erfahrungsraum im Stadtteil Ramersdorf. Wie wird unsere Arbeit vom Utopia finanziert?Das Utopia wird mit \u00f6ffentlichen Geldern vom Sozialreferat der LH M\u00fcnchen finanziert. Dies deckt einen Gro\u00dfteil der &hellip; <a href=\"https:\/\/utopia-muc.de\/index.php\/abenteuerspielplatz\/unsere-angebote\/spendet-und-unterstuetzt-das-utopia\/\" class=\"more-link\">Continue reading <span class=\"screen-reader-text\">Spenden<\/span> <span class=\"meta-nav\">&raquo;<\/span><\/a><\/p>\n","protected":false},"author":4,"featured_media":0,"parent":139,"menu_order":0,"comment_status":"closed","ping_status":"closed","template":"page-templates\/full-width-utopia.php","meta":{"ngg_post_thumbnail":0,"footnotes":""},"class_list":["post-4160","page","type-page","status-publish","hentry"],"yoast_head":"<!-- This site is optimized with the Yoast SEO plugin v25.3.1 - https:\/\/yoast.com\/wordpress\/plugins\/seo\/ -->\n<title>Spenden - Utopia Ramersdorf | Freizeitst\u00e4tte und Abenteuerspielplatz<\/title>\n<meta name=\"robots\" content=\"index, follow, max-snippet:-1, max-image-preview:large, max-video-preview:-1\" \/>\n<link rel=\"canonical\" href=\"https:\/\/utopia-muc.de\/index.php\/abenteuerspielplatz\/unsere-angebote\/spendet-und-unterstuetzt-das-utopia\/\" \/>\n<meta property=\"og:locale\" content=\"de_DE\" \/>\n<meta property=\"og:type\" content=\"article\" \/>\n<meta property=\"og:title\" content=\"Spenden - Utopia Ramersdorf | Freizeitst\u00e4tte und Abenteuerspielplatz\" \/>\n<meta property=\"og:description\" content=\"Unterst\u00fctzt den Utopia Abenteuerspielplatz und die Freizeitst\u00e4tte mit euren Spenden Der p\u00e4dagogisch betreute Abenteuerspielplatz und die Freizeitst\u00e4tte bieten f\u00fcr Kinder ab der 1. Klasse bis 13 Jahren und Jugendliche ab 13 Jahren einen gesch\u00fctzten und naturnahen Begegnungs- und Erfahrungsraum im Stadtteil Ramersdorf. Wie wird unsere Arbeit vom Utopia finanziert?Das Utopia wird mit \u00f6ffentlichen Geldern vom Sozialreferat der LH M\u00fcnchen finanziert. Dies deckt einen Gro\u00dfteil der &hellip; Continue reading Spenden &raquo;\" \/>\n<meta property=\"og:url\" content=\"https:\/\/utopia-muc.de\/index.php\/abenteuerspielplatz\/unsere-angebote\/spendet-und-unterstuetzt-das-utopia\/\" \/>\n<meta property=\"og:site_name\" content=\"Utopia Ramersdorf | Freizeitst\u00e4tte und Abenteuerspielplatz\" \/>\n<meta property=\"article:publisher\" content=\"https:\/\/www.facebook.com\/UtopiaRamersdorf\" \/>\n<meta property=\"article:modified_time\" content=\"2026-04-23T10:49:28+00:00\" \/>\n<meta name=\"twitter:card\" content=\"summary_large_image\" \/>\n<meta name=\"twitter:label1\" content=\"Gesch\u00e4tzte Lesezeit\" \/>\n\t<meta name=\"twitter:data1\" content=\"1\u00a0Minute\" \/>\n<script type=\"application\/ld+json\" class=\"yoast-schema-graph\">{\"@context\":\"https:\/\/schema.org\",\"@graph\":[{\"@type\":\"WebPage\",\"@id\":\"https:\/\/utopia-muc.de\/index.php\/abenteuerspielplatz\/unsere-angebote\/spendet-und-unterstuetzt-das-utopia\/\",\"url\":\"https:\/\/utopia-muc.de\/index.php\/abenteuerspielplatz\/unsere-angebote\/spendet-und-unterstuetzt-das-utopia\/\",\"name\":\"Spenden - Utopia Ramersdorf | Freizeitst\u00e4tte und Abenteuerspielplatz\",\"isPartOf\":{\"@id\":\"https:\/\/utopia-muc.de\/#website\"},\"datePublished\":\"2025-05-22T11:23:10+00:00\",\"dateModified\":\"2026-04-23T10:49:28+00:00\",\"breadcrumb\":{\"@id\":\"https:\/\/utopia-muc.de\/index.php\/abenteuerspielplatz\/unsere-angebote\/spendet-und-unterstuetzt-das-utopia\/#breadcrumb\"},\"inLanguage\":\"de\",\"potentialAction\":[{\"@type\":\"ReadAction\",\"target\":[\"https:\/\/utopia-muc.de\/index.php\/abenteuerspielplatz\/unsere-angebote\/spendet-und-unterstuetzt-das-utopia\/\"]}]},{\"@type\":\"BreadcrumbList\",\"@id\":\"https:\/\/utopia-muc.de\/index.php\/abenteuerspielplatz\/unsere-angebote\/spendet-und-unterstuetzt-das-utopia\/#breadcrumb\",\"itemListElement\":[{\"@type\":\"ListItem\",\"position\":1,\"name\":\"Startseite\",\"item\":\"https:\/\/utopia-muc.de\/\"},{\"@type\":\"ListItem\",\"position\":2,\"name\":\"Unser Abenteuerspielplatz\",\"item\":\"https:\/\/utopia-muc.de\/index.php\/abenteuerspielplatz\/\"},{\"@type\":\"ListItem\",\"position\":3,\"name\":\"Unsere Angebote\",\"item\":\"https:\/\/utopia-muc.de\/index.php\/abenteuerspielplatz\/unsere-angebote\/\"},{\"@type\":\"ListItem\",\"position\":4,\"name\":\"Spenden\"}]},{\"@type\":\"WebSite\",\"@id\":\"https:\/\/utopia-muc.de\/#website\",\"url\":\"https:\/\/utopia-muc.de\/\",\"name\":\"Utopia Ramersdorf | Freizeitst\u00e4tte und Abenteuerspielplatz\",\"description\":\"Vorgestellt wird das Utopia Ramersdorf,  Freizeitst\u00e4tte und Abenteuerspielplatz in M\u00fcnchen-Ramersdorf\",\"potentialAction\":[{\"@type\":\"SearchAction\",\"target\":{\"@type\":\"EntryPoint\",\"urlTemplate\":\"https:\/\/utopia-muc.de\/?s={search_term_string}\"},\"query-input\":{\"@type\":\"PropertyValueSpecification\",\"valueRequired\":true,\"valueName\":\"search_term_string\"}}],\"inLanguage\":\"de\"}]}<\/script>\n<!-- \/ Yoast SEO plugin. -->","yoast_head_json":{"title":"Spenden - Utopia Ramersdorf | Freizeitst\u00e4tte und Abenteuerspielplatz","robots":{"index":"index","follow":"follow","max-snippet":"max-snippet:-1","max-image-preview":"max-image-preview:large","max-video-preview":"max-video-preview:-1"},"canonical":"https:\/\/utopia-muc.de\/index.php\/abenteuerspielplatz\/unsere-angebote\/spendet-und-unterstuetzt-das-utopia\/","og_locale":"de_DE","og_type":"article","og_title":"Spenden - Utopia Ramersdorf | Freizeitst\u00e4tte und Abenteuerspielplatz","og_description":"Unterst\u00fctzt den Utopia Abenteuerspielplatz und die Freizeitst\u00e4tte mit euren Spenden Der p\u00e4dagogisch betreute Abenteuerspielplatz und die Freizeitst\u00e4tte bieten f\u00fcr Kinder ab der 1. Klasse bis 13 Jahren und Jugendliche ab 13 Jahren einen gesch\u00fctzten und naturnahen Begegnungs- und Erfahrungsraum im Stadtteil Ramersdorf. Wie wird unsere Arbeit vom Utopia finanziert?Das Utopia wird mit \u00f6ffentlichen Geldern vom Sozialreferat der LH M\u00fcnchen finanziert. Dies deckt einen Gro\u00dfteil der &hellip; Continue reading Spenden &raquo;","og_url":"https:\/\/utopia-muc.de\/index.php\/abenteuerspielplatz\/unsere-angebote\/spendet-und-unterstuetzt-das-utopia\/","og_site_name":"Utopia Ramersdorf | Freizeitst\u00e4tte und Abenteuerspielplatz","article_publisher":"https:\/\/www.facebook.com\/UtopiaRamersdorf","article_modified_time":"2026-04-23T10:49:28+00:00","twitter_card":"summary_large_image","twitter_misc":{"Gesch\u00e4tzte Lesezeit":"1\u00a0Minute"},"schema":{"@context":"https:\/\/schema.org","@graph":[{"@type":"WebPage","@id":"https:\/\/utopia-muc.de\/index.php\/abenteuerspielplatz\/unsere-angebote\/spendet-und-unterstuetzt-das-utopia\/","url":"https:\/\/utopia-muc.de\/index.php\/abenteuerspielplatz\/unsere-angebote\/spendet-und-unterstuetzt-das-utopia\/","name":"Spenden - Utopia Ramersdorf | Freizeitst\u00e4tte und Abenteuerspielplatz","isPartOf":{"@id":"https:\/\/utopia-muc.de\/#website"},"datePublished":"2025-05-22T11:23:10+00:00","dateModified":"2026-04-23T10:49:28+00:00","breadcrumb":{"@id":"https:\/\/utopia-muc.de\/index.php\/abenteuerspielplatz\/unsere-angebote\/spendet-und-unterstuetzt-das-utopia\/#breadcrumb"},"inLanguage":"de","potentialAction":[{"@type":"ReadAction","target":["https:\/\/utopia-muc.de\/index.php\/abenteuerspielplatz\/unsere-angebote\/spendet-und-unterstuetzt-das-utopia\/"]}]},{"@type":"BreadcrumbList","@id":"https:\/\/utopia-muc.de\/index.php\/abenteuerspielplatz\/unsere-angebote\/spendet-und-unterstuetzt-das-utopia\/#breadcrumb","itemListElement":[{"@type":"ListItem","position":1,"name":"Startseite","item":"https:\/\/utopia-muc.de\/"},{"@type":"ListItem","position":2,"name":"Unser Abenteuerspielplatz","item":"https:\/\/utopia-muc.de\/index.php\/abenteuerspielplatz\/"},{"@type":"ListItem","position":3,"name":"Unsere Angebote","item":"https:\/\/utopia-muc.de\/index.php\/abenteuerspielplatz\/unsere-angebote\/"},{"@type":"ListItem","position":4,"name":"Spenden"}]},{"@type":"WebSite","@id":"https:\/\/utopia-muc.de\/#website","url":"https:\/\/utopia-muc.de\/","name":"Utopia Ramersdorf | Freizeitst\u00e4tte und Abenteuerspielplatz","description":"Vorgestellt wird das Utopia Ramersdorf,  Freizeitst\u00e4tte und Abenteuerspielplatz in M\u00fcnchen-Ramersdorf","potentialAction":[{"@type":"SearchAction","target":{"@type":"EntryPoint","urlTemplate":"https:\/\/utopia-muc.de\/?s={search_term_string}"},"query-input":{"@type":"PropertyValueSpecification","valueRequired":true,"valueName":"search_term_string"}}],"inLanguage":"de"}]}},"featured_image_src":null,"featured_image_src_square":null,"_links":{"self":[{"href":"https:\/\/utopia-muc.de\/index.php\/wp-json\/wp\/v2\/pages\/4160","targetHints":{"allow":["GET"]}}],"collection":[{"href":"https:\/\/utopia-muc.de\/index.php\/wp-json\/wp\/v2\/pages"}],"about":[{"href":"https:\/\/utopia-muc.de\/index.php\/wp-json\/wp\/v2\/types\/page"}],"author":[{"embeddable":true,"href":"https:\/\/utopia-muc.de\/index.php\/wp-json\/wp\/v2\/users\/4"}],"replies":[{"embeddable":true,"href":"https:\/\/utopia-muc.de\/index.php\/wp-json\/wp\/v2\/comments?post=4160"}],"version-history":[{"count":7,"href":"https:\/\/utopia-muc.de\/index.php\/wp-json\/wp\/v2\/pages\/4160\/revisions"}],"predecessor-version":[{"id":4415,"href":"https:\/\/utopia-muc.de\/index.php\/wp-json\/wp\/v2\/pages\/4160\/revisions\/4415"}],"up":[{"embeddable":true,"href":"https:\/\/utopia-muc.de\/index.php\/wp-json\/wp\/v2\/pages\/139"}],"wp:attachment":[{"href":"https:\/\/utopia-muc.de\/index.php\/wp-json\/wp\/v2\/media?parent=4160"}],"curies":[{"name":"wp","href":"https:\/\/api.w.org\/{rel}","templated":true}]}}