{"id":4069,"date":"2025-03-11T11:46:47","date_gmt":"2025-03-11T10:46:47","guid":{"rendered":"https:\/\/utopia-muc.de\/?page_id=4069"},"modified":"2025-10-24T13:18:44","modified_gmt":"2025-10-24T11:18:44","slug":"informationen-zur-nutzung-der-einrichtungn","status":"publish","type":"page","link":"https:\/\/utopia-muc.de\/index.php\/informationen-zur-nutzung-der-einrichtungn\/","title":{"rendered":"Informationen zur Nutzung der FFV e.V. Einrichtungen"},"content":{"rendered":"\n<div class=\"wp-block-media-text is-stacked-on-mobile is-vertically-aligned-center\"><figure class=\"wp-block-media-text__media\"><a href=\"https:\/\/utopia-muc.de\/index.php\/abenteuerspielplatz\/unsere-angebote\/platznutzung\/\"><img srcset=\"https:\/\/utopia-muc.de\/wp-content\/uploads\/2025\/03\/Fertige-Stickergrafik-ASP-24x24.png 24w, https:\/\/utopia-muc.de\/wp-content\/uploads\/2025\/03\/Fertige-Stickergrafik-ASP-36x36.png 36w, https:\/\/utopia-muc.de\/wp-content\/uploads\/2025\/03\/Fertige-Stickergrafik-ASP-48x48.png 48w, https:\/\/utopia-muc.de\/wp-content\/uploads\/2025\/03\/Fertige-Stickergrafik-ASP-150x150.png 150w, https:\/\/utopia-muc.de\/wp-content\/uploads\/2025\/03\/Fertige-Stickergrafik-ASP-300x300.png 300w, https:\/\/utopia-muc.de\/wp-content\/uploads\/2025\/03\/Fertige-Stickergrafik-ASP-600x600.png 600w, https:\/\/utopia-muc.de\/wp-content\/uploads\/2025\/03\/Fertige-Stickergrafik-ASP-600x400.png 600w, https:\/\/utopia-muc.de\/wp-content\/uploads\/2025\/03\/Fertige-Stickergrafik-ASP-600x600.png 600w, https:\/\/utopia-muc.de\/wp-content\/uploads\/2025\/03\/Fertige-Stickergrafik-ASP-600x400.png 600w, https:\/\/utopia-muc.de\/wp-content\/uploads\/2025\/03\/Fertige-Stickergrafik-ASP-768x768.png 768w, https:\/\/utopia-muc.de\/wp-content\/uploads\/2025\/03\/Fertige-Stickergrafik-ASP-800x800.png 800w, https:\/\/utopia-muc.de\/wp-content\/uploads\/2025\/03\/Fertige-Stickergrafik-ASP-1024x1024.png 1024w\" sizes=\"(min-width: 800px) 1024px, (min-width: 768px) 800px, (min-width: 600px) 768px, (min-width: 600px) 600px, (min-width: 600px) 600px, (min-width: 600px) 600px, (min-width: 300px) 600px, (min-width: 150px) 300px, (min-width: 48px) 150px, (min-width: 36px) 48px, (min-width: 24px) 36px, 24px\" alt=\"\" class=\"wp-image-4073 size-full\"><\/a><\/figure><div class=\"wp-block-media-text__content\">\n<p class=\"has-small-font-size\"><strong><mark style=\"background-color:#fcb900\" class=\"has-inline-color has-black-color\">Nutzung des Utopia Abenteuerspielplatzes <\/mark><\/strong><br>Ottobrunnerstr. 10, 81737 M\u00fcnchen<br><strong>&#8211; Nutzung NUR<\/strong> f\u00fcr <strong>Kinder- und Klassenfeste f\u00fcr Kinder bis 13 Jahre<\/strong><br><strong>&#8211; Zur verf\u00fcgung steht das<\/strong> <strong>Au\u00dfengel\u00e4nde<\/strong> <strong>des Abenteuerspielplatzes<\/strong><br><strong>&#8211; Samstag, Sonntag und Montag<\/strong>, <strong>ganzt\u00e4gig<\/strong><br><strong>&#8211; Dienstag, Mittwoch, Donnerstag und Freitag<\/strong> <strong>bis 12:30<\/strong> <strong>Uhr<\/strong><\/p>\n\n\n\n<p><a href=\"https:\/\/utopia-muc.de\/index.php\/abenteuerspielplatz\/unsere-angebote\/platznutzung\/\">Weitere Infos und Buchung.<\/a><br><\/p>\n<\/div><\/div>\n\n\n\n<div class=\"wp-block-media-text is-stacked-on-mobile\"><figure class=\"wp-block-media-text__media\"><a href=\"https:\/\/utopia-muc.de\/index.php\/freizeitstaette\/raumnutzung-roteshaus\/\"><img loading=\"lazy\" decoding=\"async\" width=\"570\" height=\"380\" src=\"https:\/\/utopia-muc.de\/wp-content\/uploads\/2017\/08\/17-08-22start_fzs.jpg\" alt=\"\" class=\"wp-image-801 size-full\"\/><\/a><\/figure><div class=\"wp-block-media-text__content\">\n<p class=\"has-small-font-size\"><strong><mark style=\"background-color:#fcb900\" class=\"has-inline-color has-black-color\">Raumnutzung rotes Haus <\/mark><\/strong><br>Ottobrunnerstr. 10, 81737 M\u00fcnchen<br><strong>&#8211; Die R\u00e4umlichkeiten des Jugendtreffs<br>&#8211; Nur Samstag von 12 Uhr bis 22 Uhr<\/strong><\/p>\n\n\n\n<p><a href=\"https:\/\/utopia-muc.de\/index.php\/freizeitstaette\/raumnutzung-roteshaus\/\">Weitere Infos und Buchung.<\/a><\/p>\n<\/div><\/div>\n\n\n\n<div class=\"wp-block-media-text is-stacked-on-mobile\"><figure class=\"wp-block-media-text__media\"><a href=\"https:\/\/jugendcafe-hochaecker.de\/raumueberlassung\/\"><img srcset=\"https:\/\/utopia-muc.de\/wp-content\/uploads\/2025\/03\/jugendcafe-logo-24x6.png 24w, https:\/\/utopia-muc.de\/wp-content\/uploads\/2025\/03\/jugendcafe-logo-36x9.png 36w, https:\/\/utopia-muc.de\/wp-content\/uploads\/2025\/03\/jugendcafe-logo-48x13.png 48w, https:\/\/utopia-muc.de\/wp-content\/uploads\/2025\/03\/jugendcafe-logo-150x150.png 150w, https:\/\/utopia-muc.de\/wp-content\/uploads\/2025\/03\/jugendcafe-logo-300x79.png 300w, https:\/\/utopia-muc.de\/wp-content\/uploads\/2025\/03\/jugendcafe-logo-600x395.png 600w, https:\/\/utopia-muc.de\/wp-content\/uploads\/2025\/03\/jugendcafe-logo-600x395.png 600w, https:\/\/utopia-muc.de\/wp-content\/uploads\/2025\/03\/jugendcafe-logo-600x395.png 600w, https:\/\/utopia-muc.de\/wp-content\/uploads\/2025\/03\/jugendcafe-logo-600x395.png 600w, https:\/\/utopia-muc.de\/wp-content\/uploads\/2025\/03\/jugendcafe-logo-768x202.png 768w, https:\/\/utopia-muc.de\/wp-content\/uploads\/2025\/03\/jugendcafe-logo-800x211.png 800w, https:\/\/utopia-muc.de\/wp-content\/uploads\/2025\/03\/jugendcafe-logo-1024x270.png 1024w\" sizes=\"(min-width: 800px) 1024px, (min-width: 768px) 800px, (min-width: 600px) 768px, (min-width: 600px) 600px, (min-width: 600px) 600px, (min-width: 600px) 600px, (min-width: 300px) 600px, (min-width: 150px) 300px, (min-width: 48px) 150px, (min-width: 36px) 48px, (min-width: 24px) 36px, 24px\" alt=\"\" class=\"wp-image-4078 size-full\"><\/a><\/figure><div class=\"wp-block-media-text__content\">\n<p class=\"has-small-font-size\"><strong><mark style=\"background-color:#fcb900\" class=\"has-inline-color has-black-color\">Raum\u00fcberlassung Jugendcaf\u00e9 <\/mark><\/strong><br>Hoch\u00e4ckerstra\u00dfe 87, 81737 M\u00fcnchen<br><strong>&#8211; Mehrzweckraum 63 qm<br>&#8211; Samstag und Sonntag <\/strong><\/p>\n\n\n\n<p><a href=\"https:\/\/jugendcafe-hochaecker.de\/raumueberlassung\/\">Weitere Infos und Buchung.<\/a><\/p>\n<\/div><\/div>\n\n\n\n<p><\/p>\n","protected":false},"excerpt":{"rendered":"<p>Nutzung des Utopia Abenteuerspielplatzes Ottobrunnerstr. 10, 81737 M\u00fcnchen&#8211; Nutzung NUR f\u00fcr Kinder- und Klassenfeste f\u00fcr Kinder bis 13 Jahre&#8211; Zur verf\u00fcgung steht das Au\u00dfengel\u00e4nde des Abenteuerspielplatzes&#8211; Samstag, Sonntag und Montag, ganzt\u00e4gig&#8211; Dienstag, Mittwoch, Donnerstag und Freitag bis 12:30 Uhr Weitere Infos und Buchung. Raumnutzung rotes Haus Ottobrunnerstr. 10, 81737 M\u00fcnchen&#8211; Die R\u00e4umlichkeiten des Jugendtreffs&#8211; Nur Samstag von 12 Uhr bis 22 Uhr Weitere Infos und &hellip; <a href=\"https:\/\/utopia-muc.de\/index.php\/informationen-zur-nutzung-der-einrichtungn\/\" class=\"more-link\">Continue reading <span class=\"screen-reader-text\">Informationen zur Nutzung der FFV e.V. Einrichtungen<\/span> <span class=\"meta-nav\">&raquo;<\/span><\/a><\/p>\n","protected":false},"author":4,"featured_media":0,"parent":0,"menu_order":0,"comment_status":"closed","ping_status":"closed","template":"","meta":{"ngg_post_thumbnail":0,"footnotes":""},"class_list":["post-4069","page","type-page","status-publish","hentry"],"yoast_head":"<!-- This site is optimized with the Yoast SEO plugin v25.3.1 - https:\/\/yoast.com\/wordpress\/plugins\/seo\/ -->\n<title>Informationen zur Nutzung der FFV e.V. Einrichtungen - Utopia Ramersdorf | Freizeitst\u00e4tte und Abenteuerspielplatz<\/title>\n<meta name=\"robots\" content=\"index, follow, max-snippet:-1, max-image-preview:large, max-video-preview:-1\" \/>\n<link rel=\"canonical\" href=\"https:\/\/utopia-muc.de\/index.php\/informationen-zur-nutzung-der-einrichtungn\/\" \/>\n<meta property=\"og:locale\" content=\"de_DE\" \/>\n<meta property=\"og:type\" content=\"article\" \/>\n<meta property=\"og:title\" content=\"Informationen zur Nutzung der FFV e.V. Einrichtungen - Utopia Ramersdorf | Freizeitst\u00e4tte und Abenteuerspielplatz\" \/>\n<meta property=\"og:description\" content=\"Nutzung des Utopia Abenteuerspielplatzes Ottobrunnerstr. 10, 81737 M\u00fcnchen&#8211; Nutzung NUR f\u00fcr Kinder- und Klassenfeste f\u00fcr Kinder bis 13 Jahre&#8211; Zur verf\u00fcgung steht das Au\u00dfengel\u00e4nde des Abenteuerspielplatzes&#8211; Samstag, Sonntag und Montag, ganzt\u00e4gig&#8211; Dienstag, Mittwoch, Donnerstag und Freitag bis 12:30 Uhr Weitere Infos und Buchung. Raumnutzung rotes Haus Ottobrunnerstr. 10, 81737 M\u00fcnchen&#8211; Die R\u00e4umlichkeiten des Jugendtreffs&#8211; Nur Samstag von 12 Uhr bis 22 Uhr Weitere Infos und &hellip; Continue reading Informationen zur Nutzung der FFV e.V. Einrichtungen &raquo;\" \/>\n<meta property=\"og:url\" content=\"https:\/\/utopia-muc.de\/index.php\/informationen-zur-nutzung-der-einrichtungn\/\" \/>\n<meta property=\"og:site_name\" content=\"Utopia Ramersdorf | Freizeitst\u00e4tte und Abenteuerspielplatz\" \/>\n<meta property=\"article:publisher\" content=\"https:\/\/www.facebook.com\/UtopiaRamersdorf\" \/>\n<meta property=\"article:modified_time\" content=\"2025-10-24T11:18:44+00:00\" \/>\n<meta property=\"og:image\" content=\"https:\/\/utopia-muc.de\/wp-content\/uploads\/2025\/03\/Fertige-Stickergrafik-ASP.png\" \/>\n\t<meta property=\"og:image:width\" content=\"2048\" \/>\n\t<meta property=\"og:image:height\" content=\"2048\" \/>\n\t<meta property=\"og:image:type\" content=\"image\/png\" \/>\n<meta name=\"twitter:card\" content=\"summary_large_image\" \/>\n<meta name=\"twitter:label1\" content=\"Gesch\u00e4tzte Lesezeit\" \/>\n\t<meta name=\"twitter:data1\" content=\"2\u00a0Minuten\" \/>\n<script type=\"application\/ld+json\" class=\"yoast-schema-graph\">{\"@context\":\"https:\/\/schema.org\",\"@graph\":[{\"@type\":\"WebPage\",\"@id\":\"https:\/\/utopia-muc.de\/index.php\/informationen-zur-nutzung-der-einrichtungn\/\",\"url\":\"https:\/\/utopia-muc.de\/index.php\/informationen-zur-nutzung-der-einrichtungn\/\",\"name\":\"Informationen zur Nutzung der FFV e.V. Einrichtungen - Utopia Ramersdorf | Freizeitst\u00e4tte und Abenteuerspielplatz\",\"isPartOf\":{\"@id\":\"https:\/\/utopia-muc.de\/#website\"},\"primaryImageOfPage\":{\"@id\":\"https:\/\/utopia-muc.de\/index.php\/informationen-zur-nutzung-der-einrichtungn\/#primaryimage\"},\"image\":{\"@id\":\"https:\/\/utopia-muc.de\/index.php\/informationen-zur-nutzung-der-einrichtungn\/#primaryimage\"},\"thumbnailUrl\":\"https:\/\/utopia-muc.de\/wp-content\/uploads\/2025\/03\/Fertige-Stickergrafik-ASP-1024x1024.png\",\"datePublished\":\"2025-03-11T10:46:47+00:00\",\"dateModified\":\"2025-10-24T11:18:44+00:00\",\"breadcrumb\":{\"@id\":\"https:\/\/utopia-muc.de\/index.php\/informationen-zur-nutzung-der-einrichtungn\/#breadcrumb\"},\"inLanguage\":\"de\",\"potentialAction\":[{\"@type\":\"ReadAction\",\"target\":[\"https:\/\/utopia-muc.de\/index.php\/informationen-zur-nutzung-der-einrichtungn\/\"]}]},{\"@type\":\"ImageObject\",\"inLanguage\":\"de\",\"@id\":\"https:\/\/utopia-muc.de\/index.php\/informationen-zur-nutzung-der-einrichtungn\/#primaryimage\",\"url\":\"https:\/\/utopia-muc.de\/wp-content\/uploads\/2025\/03\/Fertige-Stickergrafik-ASP.png\",\"contentUrl\":\"https:\/\/utopia-muc.de\/wp-content\/uploads\/2025\/03\/Fertige-Stickergrafik-ASP.png\",\"width\":2048,\"height\":2048},{\"@type\":\"BreadcrumbList\",\"@id\":\"https:\/\/utopia-muc.de\/index.php\/informationen-zur-nutzung-der-einrichtungn\/#breadcrumb\",\"itemListElement\":[{\"@type\":\"ListItem\",\"position\":1,\"name\":\"Startseite\",\"item\":\"https:\/\/utopia-muc.de\/\"},{\"@type\":\"ListItem\",\"position\":2,\"name\":\"Informationen zur Nutzung der FFV e.V. Einrichtungen\"}]},{\"@type\":\"WebSite\",\"@id\":\"https:\/\/utopia-muc.de\/#website\",\"url\":\"https:\/\/utopia-muc.de\/\",\"name\":\"Utopia Ramersdorf | Freizeitst\u00e4tte und Abenteuerspielplatz\",\"description\":\"Vorgestellt wird das Utopia Ramersdorf,  Freizeitst\u00e4tte und Abenteuerspielplatz in M\u00fcnchen-Ramersdorf\",\"potentialAction\":[{\"@type\":\"SearchAction\",\"target\":{\"@type\":\"EntryPoint\",\"urlTemplate\":\"https:\/\/utopia-muc.de\/?s={search_term_string}\"},\"query-input\":{\"@type\":\"PropertyValueSpecification\",\"valueRequired\":true,\"valueName\":\"search_term_string\"}}],\"inLanguage\":\"de\"}]}<\/script>\n<!-- \/ Yoast SEO plugin. -->","yoast_head_json":{"title":"Informationen zur Nutzung der FFV e.V. Einrichtungen - Utopia Ramersdorf | Freizeitst\u00e4tte und Abenteuerspielplatz","robots":{"index":"index","follow":"follow","max-snippet":"max-snippet:-1","max-image-preview":"max-image-preview:large","max-video-preview":"max-video-preview:-1"},"canonical":"https:\/\/utopia-muc.de\/index.php\/informationen-zur-nutzung-der-einrichtungn\/","og_locale":"de_DE","og_type":"article","og_title":"Informationen zur Nutzung der FFV e.V. Einrichtungen - Utopia Ramersdorf | Freizeitst\u00e4tte und Abenteuerspielplatz","og_description":"Nutzung des Utopia Abenteuerspielplatzes Ottobrunnerstr. 10, 81737 M\u00fcnchen&#8211; Nutzung NUR f\u00fcr Kinder- und Klassenfeste f\u00fcr Kinder bis 13 Jahre&#8211; Zur verf\u00fcgung steht das Au\u00dfengel\u00e4nde des Abenteuerspielplatzes&#8211; Samstag, Sonntag und Montag, ganzt\u00e4gig&#8211; Dienstag, Mittwoch, Donnerstag und Freitag bis 12:30 Uhr Weitere Infos und Buchung. Raumnutzung rotes Haus Ottobrunnerstr. 10, 81737 M\u00fcnchen&#8211; Die R\u00e4umlichkeiten des Jugendtreffs&#8211; Nur Samstag von 12 Uhr bis 22 Uhr Weitere Infos und &hellip; Continue reading Informationen zur Nutzung der FFV e.V. Einrichtungen &raquo;","og_url":"https:\/\/utopia-muc.de\/index.php\/informationen-zur-nutzung-der-einrichtungn\/","og_site_name":"Utopia Ramersdorf | Freizeitst\u00e4tte und Abenteuerspielplatz","article_publisher":"https:\/\/www.facebook.com\/UtopiaRamersdorf","article_modified_time":"2025-10-24T11:18:44+00:00","og_image":[{"width":2048,"height":2048,"url":"https:\/\/utopia-muc.de\/wp-content\/uploads\/2025\/03\/Fertige-Stickergrafik-ASP.png","type":"image\/png"}],"twitter_card":"summary_large_image","twitter_misc":{"Gesch\u00e4tzte Lesezeit":"2\u00a0Minuten"},"schema":{"@context":"https:\/\/schema.org","@graph":[{"@type":"WebPage","@id":"https:\/\/utopia-muc.de\/index.php\/informationen-zur-nutzung-der-einrichtungn\/","url":"https:\/\/utopia-muc.de\/index.php\/informationen-zur-nutzung-der-einrichtungn\/","name":"Informationen zur Nutzung der FFV e.V. Einrichtungen - Utopia Ramersdorf | Freizeitst\u00e4tte und Abenteuerspielplatz","isPartOf":{"@id":"https:\/\/utopia-muc.de\/#website"},"primaryImageOfPage":{"@id":"https:\/\/utopia-muc.de\/index.php\/informationen-zur-nutzung-der-einrichtungn\/#primaryimage"},"image":{"@id":"https:\/\/utopia-muc.de\/index.php\/informationen-zur-nutzung-der-einrichtungn\/#primaryimage"},"thumbnailUrl":"https:\/\/utopia-muc.de\/wp-content\/uploads\/2025\/03\/Fertige-Stickergrafik-ASP-1024x1024.png","datePublished":"2025-03-11T10:46:47+00:00","dateModified":"2025-10-24T11:18:44+00:00","breadcrumb":{"@id":"https:\/\/utopia-muc.de\/index.php\/informationen-zur-nutzung-der-einrichtungn\/#breadcrumb"},"inLanguage":"de","potentialAction":[{"@type":"ReadAction","target":["https:\/\/utopia-muc.de\/index.php\/informationen-zur-nutzung-der-einrichtungn\/"]}]},{"@type":"ImageObject","inLanguage":"de","@id":"https:\/\/utopia-muc.de\/index.php\/informationen-zur-nutzung-der-einrichtungn\/#primaryimage","url":"https:\/\/utopia-muc.de\/wp-content\/uploads\/2025\/03\/Fertige-Stickergrafik-ASP.png","contentUrl":"https:\/\/utopia-muc.de\/wp-content\/uploads\/2025\/03\/Fertige-Stickergrafik-ASP.png","width":2048,"height":2048},{"@type":"BreadcrumbList","@id":"https:\/\/utopia-muc.de\/index.php\/informationen-zur-nutzung-der-einrichtungn\/#breadcrumb","itemListElement":[{"@type":"ListItem","position":1,"name":"Startseite","item":"https:\/\/utopia-muc.de\/"},{"@type":"ListItem","position":2,"name":"Informationen zur Nutzung der FFV e.V. Einrichtungen"}]},{"@type":"WebSite","@id":"https:\/\/utopia-muc.de\/#website","url":"https:\/\/utopia-muc.de\/","name":"Utopia Ramersdorf | Freizeitst\u00e4tte und Abenteuerspielplatz","description":"Vorgestellt wird das Utopia Ramersdorf,  Freizeitst\u00e4tte und Abenteuerspielplatz in M\u00fcnchen-Ramersdorf","potentialAction":[{"@type":"SearchAction","target":{"@type":"EntryPoint","urlTemplate":"https:\/\/utopia-muc.de\/?s={search_term_string}"},"query-input":{"@type":"PropertyValueSpecification","valueRequired":true,"valueName":"search_term_string"}}],"inLanguage":"de"}]}},"featured_image_src":null,"featured_image_src_square":null,"_links":{"self":[{"href":"https:\/\/utopia-muc.de\/index.php\/wp-json\/wp\/v2\/pages\/4069","targetHints":{"allow":["GET"]}}],"collection":[{"href":"https:\/\/utopia-muc.de\/index.php\/wp-json\/wp\/v2\/pages"}],"about":[{"href":"https:\/\/utopia-muc.de\/index.php\/wp-json\/wp\/v2\/types\/page"}],"author":[{"embeddable":true,"href":"https:\/\/utopia-muc.de\/index.php\/wp-json\/wp\/v2\/users\/4"}],"replies":[{"embeddable":true,"href":"https:\/\/utopia-muc.de\/index.php\/wp-json\/wp\/v2\/comments?post=4069"}],"version-history":[{"count":15,"href":"https:\/\/utopia-muc.de\/index.php\/wp-json\/wp\/v2\/pages\/4069\/revisions"}],"predecessor-version":[{"id":4278,"href":"https:\/\/utopia-muc.de\/index.php\/wp-json\/wp\/v2\/pages\/4069\/revisions\/4278"}],"wp:attachment":[{"href":"https:\/\/utopia-muc.de\/index.php\/wp-json\/wp\/v2\/media?parent=4069"}],"curies":[{"name":"wp","href":"https:\/\/api.w.org\/{rel}","templated":true}]}}