{"id":3989,"date":"2024-11-12T12:51:12","date_gmt":"2024-11-12T11:51:12","guid":{"rendered":"https:\/\/utopia-muc.de\/?page_id=3989"},"modified":"2026-04-16T12:53:56","modified_gmt":"2026-04-16T10:53:56","slug":"raumnutzung-roteshaus","status":"publish","type":"page","link":"https:\/\/utopia-muc.de\/index.php\/freizeitstaette\/raumnutzung-roteshaus\/","title":{"rendered":"Raumnutzung rotes Haus"},"content":{"rendered":"\n<p><strong><u>Nutzungszeiten und Geb\u00fchren<\/u><\/strong><\/p>\n\n\n\n<p>Die R\u00e4umlichkeiten des Jugendtreffs k\u00f6nnen am Samstag und Sonntag von 12 Uhr bis 22 Uhr genutzt werden.<\/p>\n\n\n\n<p>Die Nutzungsgeb\u00fchr betr\u00e4gt 200 Euro<\/p>\n\n\n\n<p>Zus\u00e4tzlich ist eine Kaution von 200 Euro in bar zu entrichten.<\/p>\n\n\n\n<p><strong><u>Nutzungsbedingungen<\/u><\/strong><\/p>\n\n\n\n<p>Nutzungen sind vorgesehen f\u00fcr nicht-kommerzielle Nutzung.<\/p>\n\n\n\n<p>Die Veranstaltung muss bis <strong>22 Uhr beendet<\/strong> sein.<\/p>\n\n\n\n<p>Die Nutzer*innen und auch das Utopia k\u00f6nnen die Buchung bis <strong>4 Wochen vor dem Termin kostenfrei stornieren<\/strong>. Sollte der reservierte Termin danach durch den\/die Nutzer*in abgesagt oder nicht wahrgenommen werden, so wird die Nutzungsgeb\u00fchr nicht zur\u00fcckerstattet.<\/p>\n\n\n\n<p>Die\/der Verantwortliche muss mindestens 18 Jahre alt sein.<\/p>\n\n\n\n<p><strong>Nutzungsanfragen stelle bitte per E-Mail an:<\/strong><\/p>\n\n\n\n<p class=\"has-vivid-cyan-blue-color has-text-color has-link-color wp-elements-4a95428d70b08d2d140cb2b56b3097f3\"><strong>roteshaus(at)utopia-muc.de<\/strong><\/p>\n\n\n\n<p><strong><u>Was kann genutzt werden?<\/u><\/strong><\/p>\n\n\n\n<div class=\"wp-block-media-text has-media-on-the-right is-stacked-on-mobile\"><div class=\"wp-block-media-text__content\">\n<p>Der Saal im Erdgeschoss des Geb\u00e4udes inklusive,<\/p>\n\n\n\n<p>K\u00fcche, Toiletten (auch rollstuhlgerecht) und der<\/p>\n\n\n\n<p>Terrassenbereich und Basketballplatz beim Jugendtreff.<\/p>\n<\/div><figure class=\"wp-block-media-text__media\"><a href=\"https:\/\/utopia-muc.de\/wp-content\/uploads\/2024\/11\/Roteshaus-Saal.jpg\" target=\"_blank\" rel=\"noreferrer noopener\"><img srcset=\"https:\/\/utopia-muc.de\/wp-content\/uploads\/2024\/11\/Roteshaus-Saal-24x14.jpg 24w, https:\/\/utopia-muc.de\/wp-content\/uploads\/2024\/11\/Roteshaus-Saal-36x20.jpg 36w, https:\/\/utopia-muc.de\/wp-content\/uploads\/2024\/11\/Roteshaus-Saal-48x27.jpg 48w, https:\/\/utopia-muc.de\/wp-content\/uploads\/2024\/11\/Roteshaus-Saal-150x150.jpg 150w, https:\/\/utopia-muc.de\/wp-content\/uploads\/2024\/11\/Roteshaus-Saal-300x170.jpg 300w, https:\/\/utopia-muc.de\/wp-content\/uploads\/2024\/11\/Roteshaus-Saal-600x523.jpg 600w, https:\/\/utopia-muc.de\/wp-content\/uploads\/2024\/11\/Roteshaus-Saal-600x400.jpg 600w, https:\/\/utopia-muc.de\/wp-content\/uploads\/2024\/11\/Roteshaus-Saal-600x523.jpg 600w, https:\/\/utopia-muc.de\/wp-content\/uploads\/2024\/11\/Roteshaus-Saal-600x400.jpg 600w, https:\/\/utopia-muc.de\/wp-content\/uploads\/2024\/11\/Roteshaus-Saal-768x436.jpg 768w, https:\/\/utopia-muc.de\/wp-content\/uploads\/2024\/11\/Roteshaus-Saal-800x454.jpg 800w, https:\/\/utopia-muc.de\/wp-content\/uploads\/2024\/11\/Roteshaus-Saal.jpg 922w\" sizes=\"(min-width: 800px) 922px, (min-width: 768px) 800px, (min-width: 600px) 768px, (min-width: 600px) 600px, (min-width: 600px) 600px, (min-width: 600px) 600px, (min-width: 300px) 600px, (min-width: 150px) 300px, (min-width: 48px) 150px, (min-width: 36px) 48px, (min-width: 24px) 36px, 24px\" alt=\"\" class=\"wp-image-4003 size-full\"><\/a><\/figure><\/div>\n\n\n\n<p class=\"has-text-align-center\">Das Gel\u00e4nde des <strong><u>Abenteuerspielplatzes<\/u> <\/strong>und der <strong><u>Bereich vor dem Haus<\/u><\/strong> ist von der Nutzung <strong><u>ausgeschlossen<\/u><\/strong>.<\/p>\n\n\n\n<p>&nbsp;<strong><u>Allgemeines, Ablauf<\/u><\/strong><strong><u><\/u><\/strong><\/p>\n\n\n\n<ul class=\"wp-block-list\">\n<li>Bitte \u00fcberweise die Nutzungsgeb\u00fchr auf das unten aufgef\u00fchrte Konto.<\/li>\n<\/ul>\n\n\n\n<ul class=\"wp-block-list\">\n<li><strong>Die Schl\u00fcssel\u00fcbergabe, Einweisung in die R\u00e4ume und Vertragsunterzeichnung erfolgt am Freitag vor der Nutzung um 14 Uhr. (Dauer ca. 30 Minuten)<\/strong><\/li>\n<\/ul>\n\n\n\n<ul class=\"wp-block-list\">\n<li><strong>Bitte bringe zu diesem Termin die Kaution von 200 Euro mit. <\/strong><\/li>\n<\/ul>\n\n\n\n<ul class=\"wp-block-list\">\n<li><strong>Die R\u00fcckgabe des Schl\u00fcssels und der Kaution findet am Montag nach der Nutzung um 14 Uhr statt<\/strong><\/li>\n<\/ul>\n\n\n\n<p><strong><u>Zu beachten<\/u><\/strong><\/p>\n\n\n\n<ul class=\"wp-block-list\">\n<li>Bei <strong>ordnungsgem\u00e4\u00dfer Hinterlassung des Hauses<\/strong> erh\u00e4ltst du die Kaution bei der R\u00fcckgabe des Schl\u00fcssels zur\u00fcck.<\/li>\n<\/ul>\n\n\n\n<ul class=\"wp-block-list\">\n<li>Die <strong>Kaution<\/strong> oder ein Teil davon wird <strong>bei<\/strong> <strong>Nicht-Einhaltung<\/strong> der \u00dcberlassungsvereinbarung oder Besch\u00e4digungen <strong>einbehalten<\/strong>.<\/li>\n<\/ul>\n\n\n\n<ul class=\"wp-block-list\">\n<li>Achte darauf <strong>Ruhest\u00f6rungen<\/strong> f\u00fcr die umliegenden Nachbarn zu <strong>vermeiden.<\/strong><\/li>\n<\/ul>\n\n\n\n<ul class=\"wp-block-list\">\n<li><strong>M\u00fcll und Abfall<\/strong>, der w\u00e4hrend der Veranstaltung entsteht, m\u00fcssen die Veranstalter*innen <strong>selbst wieder mitnehmen<\/strong> (Zigarettenkippen, Deko jeder Art, Luftballons, S\u00fc\u00dfigkeiten Verpackungen etc.). Bitte daf\u00fcr&nbsp;<strong>nicht unsere M\u00fclltonnen<\/strong>&nbsp;vor dem Tor nutzen!<\/li>\n<\/ul>\n\n\n\n<ul class=\"wp-block-list\">\n<li>Das Benutzen von <strong>Konfetti<\/strong> und \u00c4hnlichem ist auf dem gesamten Gel\u00e4nde <strong>untersagt<\/strong>.<\/li>\n<\/ul>\n\n\n\n<ul class=\"wp-block-list\">\n<li>Parken: Nutzer*innen und G\u00e4ste d\u00fcrfen ihre PKWs auf dem Bereich des Basketballplatzes parken. Bitte parke <strong>nicht<\/strong> vor dem Haus, auf der Wiese und auf den Parkpl\u00e4tzen unserer Nachbarn<br><\/li>\n\n\n\n<li>Achte darauf, dass alle Fenster, die Terrassent\u00fcr und alle Fensterl\u00e4den geschlossen sind.<\/li>\n<\/ul>\n\n\n\n<ul class=\"wp-block-list\">\n<li><strong>Hunde<\/strong> sind auf dem gesamten Gel\u00e4nde <strong>verboten<\/strong><\/li>\n<\/ul>\n\n\n\n<ul class=\"wp-block-list\">\n<li>Auf dem gesamten Gel\u00e4nde des Utopia herrscht <strong>Rauchverbot<\/strong><\/li>\n<\/ul>\n\n\n\n<ul class=\"wp-block-list\">\n<li>Der\/Die <strong>Veranstalter*in haftet<\/strong> f\u00fcr eventuell auftretende <strong>Sch\u00e4den.<\/strong><\/li>\n<\/ul>\n\n\n\n<p><strong>Wenn du unser Haus nutzen m\u00f6chtest und du uns eine E-Mail schreibst, brauchen wir folgende Informationen von dir:<\/strong><\/p>\n\n\n\n<p>&#8211;<strong>Name<\/strong><br>&#8211;<strong>Anschrift<\/strong><br>&#8211;<strong>Telefonnummer<\/strong><br>&#8211;<strong>Buchungsdatum und Zeitraum<\/strong><br>&#8211;<strong>Zweck der Nutzung<\/strong><br>&#8211;<strong>Voraussichtliche Anzahl der Teilnehmer*innen<\/strong><br><\/p>\n\n\n\n<p><strong>Unsere Bankverbindung:<\/strong><br>Falkenfreizeitst\u00e4ttenverein<br>Stadtsparkasse M\u00fcnchen<br>Konto-Nr. 68100841, BLZ: 701 500 00<br>IBAN: DE82 7015 0000 0068 1008 41, BIC: SSKMDEMM<\/p>\n\n\n\n<p><strong>Bitte gebe bei \u00dcberweisung unter Verwendungszweck folgendes an: Freizeitst\u00e4tte, Datum, Name<\/strong><\/p>\n\n\n\n<p>Erst durch die \u00dcberweisung der Nutzungsgeb\u00fchr wird der Veranstaltungstermin verbindlich gebucht.<\/p>\n\n\n\n<p class=\"has-black-color has-text-color has-link-color wp-elements-05a09a608d2f3e34dc5e72cf3658c63a\"><strong>Nutzungsanfragen stelle bitte per E-Mail an:<\/strong><\/p>\n\n\n\n<p class=\"has-vivid-cyan-blue-color has-text-color has-link-color wp-elements-4a95428d70b08d2d140cb2b56b3097f3\"><strong>roteshaus(at)utopia-muc.de<\/strong><\/p>\n\n\n\n<figure class=\"wp-block-gallery has-nested-images columns-default is-cropped wp-block-gallery-1 is-layout-flex wp-block-gallery-is-layout-flex\">\n<figure class=\"wp-block-image size-large\"><a href=\"https:\/\/utopia-muc.de\/wp-content\/uploads\/2024\/11\/Roteshaus-Basketball.jpg\" target=\"_blank\" rel=\"noreferrer noopener\"><img srcset=\"https:\/\/utopia-muc.de\/wp-content\/uploads\/2024\/11\/Roteshaus-Basketball-24x14.jpg 24w, https:\/\/utopia-muc.de\/wp-content\/uploads\/2024\/11\/Roteshaus-Basketball-36x20.jpg 36w, https:\/\/utopia-muc.de\/wp-content\/uploads\/2024\/11\/Roteshaus-Basketball-48x27.jpg 48w, https:\/\/utopia-muc.de\/wp-content\/uploads\/2024\/11\/Roteshaus-Basketball-150x150.jpg 150w, https:\/\/utopia-muc.de\/wp-content\/uploads\/2024\/11\/Roteshaus-Basketball-300x170.jpg 300w, https:\/\/utopia-muc.de\/wp-content\/uploads\/2024\/11\/Roteshaus-Basketball-600x519.jpg 600w, https:\/\/utopia-muc.de\/wp-content\/uploads\/2024\/11\/Roteshaus-Basketball-600x400.jpg 600w, https:\/\/utopia-muc.de\/wp-content\/uploads\/2024\/11\/Roteshaus-Basketball-600x519.jpg 600w, https:\/\/utopia-muc.de\/wp-content\/uploads\/2024\/11\/Roteshaus-Basketball-600x400.jpg 600w, https:\/\/utopia-muc.de\/wp-content\/uploads\/2024\/11\/Roteshaus-Basketball-768x435.jpg 768w, https:\/\/utopia-muc.de\/wp-content\/uploads\/2024\/11\/Roteshaus-Basketball-800x453.jpg 800w, https:\/\/utopia-muc.de\/wp-content\/uploads\/2024\/11\/Roteshaus-Basketball.jpg 916w\" sizes=\"(min-width: 800px) 916px, (min-width: 768px) 800px, (min-width: 600px) 768px, (min-width: 600px) 600px, (min-width: 600px) 600px, (min-width: 600px) 600px, (min-width: 300px) 600px, (min-width: 150px) 300px, (min-width: 48px) 150px, (min-width: 36px) 48px, (min-width: 24px) 36px, 24px\" data-id=\"3999\" alt=\"\" class=\"wp-image-3999\"><\/a><\/figure>\n\n\n\n<figure class=\"wp-block-image size-large\"><a href=\"https:\/\/utopia-muc.de\/wp-content\/uploads\/2024\/11\/Roteshaus-spiele-kreativ.jpg\" target=\"_blank\" rel=\"noreferrer noopener\"><img srcset=\"https:\/\/utopia-muc.de\/wp-content\/uploads\/2024\/11\/Roteshaus-spiele-kreativ-24x13.jpg 24w, https:\/\/utopia-muc.de\/wp-content\/uploads\/2024\/11\/Roteshaus-spiele-kreativ-36x20.jpg 36w, https:\/\/utopia-muc.de\/wp-content\/uploads\/2024\/11\/Roteshaus-spiele-kreativ-48x27.jpg 48w, https:\/\/utopia-muc.de\/wp-content\/uploads\/2024\/11\/Roteshaus-spiele-kreativ-150x150.jpg 150w, https:\/\/utopia-muc.de\/wp-content\/uploads\/2024\/11\/Roteshaus-spiele-kreativ-300x169.jpg 300w, https:\/\/utopia-muc.de\/wp-content\/uploads\/2024\/11\/Roteshaus-spiele-kreativ-600x518.jpg 600w, https:\/\/utopia-muc.de\/wp-content\/uploads\/2024\/11\/Roteshaus-spiele-kreativ-600x400.jpg 600w, https:\/\/utopia-muc.de\/wp-content\/uploads\/2024\/11\/Roteshaus-spiele-kreativ-600x518.jpg 600w, https:\/\/utopia-muc.de\/wp-content\/uploads\/2024\/11\/Roteshaus-spiele-kreativ-600x400.jpg 600w, https:\/\/utopia-muc.de\/wp-content\/uploads\/2024\/11\/Roteshaus-spiele-kreativ-768x431.jpg 768w, https:\/\/utopia-muc.de\/wp-content\/uploads\/2024\/11\/Roteshaus-spiele-kreativ-800x449.jpg 800w, https:\/\/utopia-muc.de\/wp-content\/uploads\/2024\/11\/Roteshaus-spiele-kreativ.jpg 922w\" sizes=\"(min-width: 800px) 922px, (min-width: 768px) 800px, (min-width: 600px) 768px, (min-width: 600px) 600px, (min-width: 600px) 600px, (min-width: 600px) 600px, (min-width: 300px) 600px, (min-width: 150px) 300px, (min-width: 48px) 150px, (min-width: 36px) 48px, (min-width: 24px) 36px, 24px\" data-id=\"4001\" alt=\"\" class=\"wp-image-4001\"><\/a><\/figure>\n\n\n\n<figure class=\"wp-block-image size-large\"><a href=\"https:\/\/utopia-muc.de\/wp-content\/uploads\/2024\/11\/Roteshaus-Therasse.jpg\" target=\"_blank\" rel=\"noreferrer noopener\"><img srcset=\"https:\/\/utopia-muc.de\/wp-content\/uploads\/2024\/11\/Roteshaus-Therasse-24x13.jpg 24w, https:\/\/utopia-muc.de\/wp-content\/uploads\/2024\/11\/Roteshaus-Therasse-36x20.jpg 36w, https:\/\/utopia-muc.de\/wp-content\/uploads\/2024\/11\/Roteshaus-Therasse-48x27.jpg 48w, https:\/\/utopia-muc.de\/wp-content\/uploads\/2024\/11\/Roteshaus-Therasse-150x150.jpg 150w, https:\/\/utopia-muc.de\/wp-content\/uploads\/2024\/11\/Roteshaus-Therasse-300x167.jpg 300w, https:\/\/utopia-muc.de\/wp-content\/uploads\/2024\/11\/Roteshaus-Therasse-600x511.jpg 600w, https:\/\/utopia-muc.de\/wp-content\/uploads\/2024\/11\/Roteshaus-Therasse-600x400.jpg 600w, https:\/\/utopia-muc.de\/wp-content\/uploads\/2024\/11\/Roteshaus-Therasse-600x511.jpg 600w, https:\/\/utopia-muc.de\/wp-content\/uploads\/2024\/11\/Roteshaus-Therasse-600x400.jpg 600w, https:\/\/utopia-muc.de\/wp-content\/uploads\/2024\/11\/Roteshaus-Therasse-768x428.jpg 768w, https:\/\/utopia-muc.de\/wp-content\/uploads\/2024\/11\/Roteshaus-Therasse-800x446.jpg 800w, https:\/\/utopia-muc.de\/wp-content\/uploads\/2024\/11\/Roteshaus-Therasse.jpg 916w\" sizes=\"(min-width: 800px) 916px, (min-width: 768px) 800px, (min-width: 600px) 768px, (min-width: 600px) 600px, (min-width: 600px) 600px, (min-width: 600px) 600px, (min-width: 300px) 600px, (min-width: 150px) 300px, (min-width: 48px) 150px, (min-width: 36px) 48px, (min-width: 24px) 36px, 24px\" data-id=\"4000\" alt=\"\" class=\"wp-image-4000\"><\/a><\/figure>\n<\/figure>\n\n\n\n<figure class=\"wp-block-image size-full\"><a href=\"https:\/\/utopia-muc.de\/wp-content\/uploads\/2024\/11\/Roteshaus-Saal.jpg\"><img srcset=\"https:\/\/utopia-muc.de\/wp-content\/uploads\/2024\/11\/Roteshaus-Saal-24x14.jpg 24w, https:\/\/utopia-muc.de\/wp-content\/uploads\/2024\/11\/Roteshaus-Saal-36x20.jpg 36w, https:\/\/utopia-muc.de\/wp-content\/uploads\/2024\/11\/Roteshaus-Saal-48x27.jpg 48w, https:\/\/utopia-muc.de\/wp-content\/uploads\/2024\/11\/Roteshaus-Saal-150x150.jpg 150w, https:\/\/utopia-muc.de\/wp-content\/uploads\/2024\/11\/Roteshaus-Saal-300x170.jpg 300w, https:\/\/utopia-muc.de\/wp-content\/uploads\/2024\/11\/Roteshaus-Saal-600x523.jpg 600w, https:\/\/utopia-muc.de\/wp-content\/uploads\/2024\/11\/Roteshaus-Saal-600x400.jpg 600w, https:\/\/utopia-muc.de\/wp-content\/uploads\/2024\/11\/Roteshaus-Saal-600x523.jpg 600w, https:\/\/utopia-muc.de\/wp-content\/uploads\/2024\/11\/Roteshaus-Saal-600x400.jpg 600w, https:\/\/utopia-muc.de\/wp-content\/uploads\/2024\/11\/Roteshaus-Saal-768x436.jpg 768w, https:\/\/utopia-muc.de\/wp-content\/uploads\/2024\/11\/Roteshaus-Saal-800x454.jpg 800w, https:\/\/utopia-muc.de\/wp-content\/uploads\/2024\/11\/Roteshaus-Saal.jpg 922w\" sizes=\"(min-width: 800px) 922px, (min-width: 768px) 800px, (min-width: 600px) 768px, (min-width: 600px) 600px, (min-width: 600px) 600px, (min-width: 600px) 600px, (min-width: 300px) 600px, (min-width: 150px) 300px, (min-width: 48px) 150px, (min-width: 36px) 48px, (min-width: 24px) 36px, 24px\" alt=\"\" class=\"wp-image-4003\"><\/a><\/figure>\n","protected":false},"excerpt":{"rendered":"<p>Nutzungszeiten und Geb\u00fchren Die R\u00e4umlichkeiten des Jugendtreffs k\u00f6nnen am Samstag und Sonntag von 12 Uhr bis 22 Uhr genutzt werden. Die Nutzungsgeb\u00fchr betr\u00e4gt 200 Euro Zus\u00e4tzlich ist eine Kaution von 200 Euro in bar zu entrichten. Nutzungsbedingungen Nutzungen sind vorgesehen f\u00fcr nicht-kommerzielle Nutzung. Die Veranstaltung muss bis 22 Uhr beendet sein. Die Nutzer*innen und auch das Utopia k\u00f6nnen die Buchung bis 4 Wochen vor dem &hellip; <a href=\"https:\/\/utopia-muc.de\/index.php\/freizeitstaette\/raumnutzung-roteshaus\/\" class=\"more-link\">Continue reading <span class=\"screen-reader-text\">Raumnutzung rotes Haus<\/span> <span class=\"meta-nav\">&raquo;<\/span><\/a><\/p>\n","protected":false},"author":1,"featured_media":0,"parent":120,"menu_order":0,"comment_status":"closed","ping_status":"closed","template":"page-templates\/full-width-utopia.php","meta":{"ngg_post_thumbnail":0,"footnotes":""},"class_list":["post-3989","page","type-page","status-publish","hentry"],"yoast_head":"<!-- This site is optimized with the Yoast SEO plugin v25.3.1 - https:\/\/yoast.com\/wordpress\/plugins\/seo\/ -->\n<title>Raumnutzung rotes Haus - Utopia Ramersdorf | Freizeitst\u00e4tte und Abenteuerspielplatz<\/title>\n<meta name=\"robots\" content=\"index, follow, max-snippet:-1, max-image-preview:large, max-video-preview:-1\" \/>\n<link rel=\"canonical\" href=\"https:\/\/utopia-muc.de\/index.php\/freizeitstaette\/raumnutzung-roteshaus\/\" \/>\n<meta property=\"og:locale\" content=\"de_DE\" \/>\n<meta property=\"og:type\" content=\"article\" \/>\n<meta property=\"og:title\" content=\"Raumnutzung rotes Haus - Utopia Ramersdorf | Freizeitst\u00e4tte und Abenteuerspielplatz\" \/>\n<meta property=\"og:description\" content=\"Nutzungszeiten und Geb\u00fchren Die R\u00e4umlichkeiten des Jugendtreffs k\u00f6nnen am Samstag und Sonntag von 12 Uhr bis 22 Uhr genutzt werden. Die Nutzungsgeb\u00fchr betr\u00e4gt 200 Euro Zus\u00e4tzlich ist eine Kaution von 200 Euro in bar zu entrichten. Nutzungsbedingungen Nutzungen sind vorgesehen f\u00fcr nicht-kommerzielle Nutzung. Die Veranstaltung muss bis 22 Uhr beendet sein. Die Nutzer*innen und auch das Utopia k\u00f6nnen die Buchung bis 4 Wochen vor dem &hellip; Continue reading Raumnutzung rotes Haus &raquo;\" \/>\n<meta property=\"og:url\" content=\"https:\/\/utopia-muc.de\/index.php\/freizeitstaette\/raumnutzung-roteshaus\/\" \/>\n<meta property=\"og:site_name\" content=\"Utopia Ramersdorf | Freizeitst\u00e4tte und Abenteuerspielplatz\" \/>\n<meta property=\"article:publisher\" content=\"https:\/\/www.facebook.com\/UtopiaRamersdorf\" \/>\n<meta property=\"article:modified_time\" content=\"2026-04-16T10:53:56+00:00\" \/>\n<meta property=\"og:image\" content=\"https:\/\/utopia-muc.de\/wp-content\/uploads\/2024\/11\/Roteshaus-Saal.jpg\" \/>\n\t<meta property=\"og:image:width\" content=\"922\" \/>\n\t<meta property=\"og:image:height\" content=\"523\" \/>\n\t<meta property=\"og:image:type\" content=\"image\/jpeg\" \/>\n<meta name=\"twitter:card\" content=\"summary_large_image\" \/>\n<meta name=\"twitter:label1\" content=\"Gesch\u00e4tzte Lesezeit\" \/>\n\t<meta name=\"twitter:data1\" content=\"4\u00a0Minuten\" \/>\n<script type=\"application\/ld+json\" class=\"yoast-schema-graph\">{\"@context\":\"https:\/\/schema.org\",\"@graph\":[{\"@type\":\"WebPage\",\"@id\":\"https:\/\/utopia-muc.de\/index.php\/freizeitstaette\/raumnutzung-roteshaus\/\",\"url\":\"https:\/\/utopia-muc.de\/index.php\/freizeitstaette\/raumnutzung-roteshaus\/\",\"name\":\"Raumnutzung rotes Haus - Utopia Ramersdorf | Freizeitst\u00e4tte und Abenteuerspielplatz\",\"isPartOf\":{\"@id\":\"https:\/\/utopia-muc.de\/#website\"},\"primaryImageOfPage\":{\"@id\":\"https:\/\/utopia-muc.de\/index.php\/freizeitstaette\/raumnutzung-roteshaus\/#primaryimage\"},\"image\":{\"@id\":\"https:\/\/utopia-muc.de\/index.php\/freizeitstaette\/raumnutzung-roteshaus\/#primaryimage\"},\"thumbnailUrl\":\"https:\/\/utopia-muc.de\/wp-content\/uploads\/2024\/11\/Roteshaus-Saal.jpg\",\"datePublished\":\"2024-11-12T11:51:12+00:00\",\"dateModified\":\"2026-04-16T10:53:56+00:00\",\"breadcrumb\":{\"@id\":\"https:\/\/utopia-muc.de\/index.php\/freizeitstaette\/raumnutzung-roteshaus\/#breadcrumb\"},\"inLanguage\":\"de\",\"potentialAction\":[{\"@type\":\"ReadAction\",\"target\":[\"https:\/\/utopia-muc.de\/index.php\/freizeitstaette\/raumnutzung-roteshaus\/\"]}]},{\"@type\":\"ImageObject\",\"inLanguage\":\"de\",\"@id\":\"https:\/\/utopia-muc.de\/index.php\/freizeitstaette\/raumnutzung-roteshaus\/#primaryimage\",\"url\":\"https:\/\/utopia-muc.de\/wp-content\/uploads\/2024\/11\/Roteshaus-Saal.jpg\",\"contentUrl\":\"https:\/\/utopia-muc.de\/wp-content\/uploads\/2024\/11\/Roteshaus-Saal.jpg\",\"width\":922,\"height\":523},{\"@type\":\"BreadcrumbList\",\"@id\":\"https:\/\/utopia-muc.de\/index.php\/freizeitstaette\/raumnutzung-roteshaus\/#breadcrumb\",\"itemListElement\":[{\"@type\":\"ListItem\",\"position\":1,\"name\":\"Startseite\",\"item\":\"https:\/\/utopia-muc.de\/\"},{\"@type\":\"ListItem\",\"position\":2,\"name\":\"Freizeitst\u00e4tte\",\"item\":\"https:\/\/utopia-muc.de\/index.php\/freizeitstaette\/\"},{\"@type\":\"ListItem\",\"position\":3,\"name\":\"Raumnutzung rotes Haus\"}]},{\"@type\":\"WebSite\",\"@id\":\"https:\/\/utopia-muc.de\/#website\",\"url\":\"https:\/\/utopia-muc.de\/\",\"name\":\"Utopia Ramersdorf | Freizeitst\u00e4tte und Abenteuerspielplatz\",\"description\":\"Vorgestellt wird das Utopia Ramersdorf,  Freizeitst\u00e4tte und Abenteuerspielplatz in M\u00fcnchen-Ramersdorf\",\"potentialAction\":[{\"@type\":\"SearchAction\",\"target\":{\"@type\":\"EntryPoint\",\"urlTemplate\":\"https:\/\/utopia-muc.de\/?s={search_term_string}\"},\"query-input\":{\"@type\":\"PropertyValueSpecification\",\"valueRequired\":true,\"valueName\":\"search_term_string\"}}],\"inLanguage\":\"de\"}]}<\/script>\n<!-- \/ Yoast SEO plugin. -->","yoast_head_json":{"title":"Raumnutzung rotes Haus - Utopia Ramersdorf | Freizeitst\u00e4tte und Abenteuerspielplatz","robots":{"index":"index","follow":"follow","max-snippet":"max-snippet:-1","max-image-preview":"max-image-preview:large","max-video-preview":"max-video-preview:-1"},"canonical":"https:\/\/utopia-muc.de\/index.php\/freizeitstaette\/raumnutzung-roteshaus\/","og_locale":"de_DE","og_type":"article","og_title":"Raumnutzung rotes Haus - Utopia Ramersdorf | Freizeitst\u00e4tte und Abenteuerspielplatz","og_description":"Nutzungszeiten und Geb\u00fchren Die R\u00e4umlichkeiten des Jugendtreffs k\u00f6nnen am Samstag und Sonntag von 12 Uhr bis 22 Uhr genutzt werden. Die Nutzungsgeb\u00fchr betr\u00e4gt 200 Euro Zus\u00e4tzlich ist eine Kaution von 200 Euro in bar zu entrichten. Nutzungsbedingungen Nutzungen sind vorgesehen f\u00fcr nicht-kommerzielle Nutzung. Die Veranstaltung muss bis 22 Uhr beendet sein. Die Nutzer*innen und auch das Utopia k\u00f6nnen die Buchung bis 4 Wochen vor dem &hellip; Continue reading Raumnutzung rotes Haus &raquo;","og_url":"https:\/\/utopia-muc.de\/index.php\/freizeitstaette\/raumnutzung-roteshaus\/","og_site_name":"Utopia Ramersdorf | Freizeitst\u00e4tte und Abenteuerspielplatz","article_publisher":"https:\/\/www.facebook.com\/UtopiaRamersdorf","article_modified_time":"2026-04-16T10:53:56+00:00","og_image":[{"width":922,"height":523,"url":"https:\/\/utopia-muc.de\/wp-content\/uploads\/2024\/11\/Roteshaus-Saal.jpg","type":"image\/jpeg"}],"twitter_card":"summary_large_image","twitter_misc":{"Gesch\u00e4tzte Lesezeit":"4\u00a0Minuten"},"schema":{"@context":"https:\/\/schema.org","@graph":[{"@type":"WebPage","@id":"https:\/\/utopia-muc.de\/index.php\/freizeitstaette\/raumnutzung-roteshaus\/","url":"https:\/\/utopia-muc.de\/index.php\/freizeitstaette\/raumnutzung-roteshaus\/","name":"Raumnutzung rotes Haus - Utopia Ramersdorf | Freizeitst\u00e4tte und Abenteuerspielplatz","isPartOf":{"@id":"https:\/\/utopia-muc.de\/#website"},"primaryImageOfPage":{"@id":"https:\/\/utopia-muc.de\/index.php\/freizeitstaette\/raumnutzung-roteshaus\/#primaryimage"},"image":{"@id":"https:\/\/utopia-muc.de\/index.php\/freizeitstaette\/raumnutzung-roteshaus\/#primaryimage"},"thumbnailUrl":"https:\/\/utopia-muc.de\/wp-content\/uploads\/2024\/11\/Roteshaus-Saal.jpg","datePublished":"2024-11-12T11:51:12+00:00","dateModified":"2026-04-16T10:53:56+00:00","breadcrumb":{"@id":"https:\/\/utopia-muc.de\/index.php\/freizeitstaette\/raumnutzung-roteshaus\/#breadcrumb"},"inLanguage":"de","potentialAction":[{"@type":"ReadAction","target":["https:\/\/utopia-muc.de\/index.php\/freizeitstaette\/raumnutzung-roteshaus\/"]}]},{"@type":"ImageObject","inLanguage":"de","@id":"https:\/\/utopia-muc.de\/index.php\/freizeitstaette\/raumnutzung-roteshaus\/#primaryimage","url":"https:\/\/utopia-muc.de\/wp-content\/uploads\/2024\/11\/Roteshaus-Saal.jpg","contentUrl":"https:\/\/utopia-muc.de\/wp-content\/uploads\/2024\/11\/Roteshaus-Saal.jpg","width":922,"height":523},{"@type":"BreadcrumbList","@id":"https:\/\/utopia-muc.de\/index.php\/freizeitstaette\/raumnutzung-roteshaus\/#breadcrumb","itemListElement":[{"@type":"ListItem","position":1,"name":"Startseite","item":"https:\/\/utopia-muc.de\/"},{"@type":"ListItem","position":2,"name":"Freizeitst\u00e4tte","item":"https:\/\/utopia-muc.de\/index.php\/freizeitstaette\/"},{"@type":"ListItem","position":3,"name":"Raumnutzung rotes Haus"}]},{"@type":"WebSite","@id":"https:\/\/utopia-muc.de\/#website","url":"https:\/\/utopia-muc.de\/","name":"Utopia Ramersdorf | Freizeitst\u00e4tte und Abenteuerspielplatz","description":"Vorgestellt wird das Utopia Ramersdorf,  Freizeitst\u00e4tte und Abenteuerspielplatz in M\u00fcnchen-Ramersdorf","potentialAction":[{"@type":"SearchAction","target":{"@type":"EntryPoint","urlTemplate":"https:\/\/utopia-muc.de\/?s={search_term_string}"},"query-input":{"@type":"PropertyValueSpecification","valueRequired":true,"valueName":"search_term_string"}}],"inLanguage":"de"}]}},"featured_image_src":null,"featured_image_src_square":null,"_links":{"self":[{"href":"https:\/\/utopia-muc.de\/index.php\/wp-json\/wp\/v2\/pages\/3989","targetHints":{"allow":["GET"]}}],"collection":[{"href":"https:\/\/utopia-muc.de\/index.php\/wp-json\/wp\/v2\/pages"}],"about":[{"href":"https:\/\/utopia-muc.de\/index.php\/wp-json\/wp\/v2\/types\/page"}],"author":[{"embeddable":true,"href":"https:\/\/utopia-muc.de\/index.php\/wp-json\/wp\/v2\/users\/1"}],"replies":[{"embeddable":true,"href":"https:\/\/utopia-muc.de\/index.php\/wp-json\/wp\/v2\/comments?post=3989"}],"version-history":[{"count":13,"href":"https:\/\/utopia-muc.de\/index.php\/wp-json\/wp\/v2\/pages\/3989\/revisions"}],"predecessor-version":[{"id":4400,"href":"https:\/\/utopia-muc.de\/index.php\/wp-json\/wp\/v2\/pages\/3989\/revisions\/4400"}],"up":[{"embeddable":true,"href":"https:\/\/utopia-muc.de\/index.php\/wp-json\/wp\/v2\/pages\/120"}],"wp:attachment":[{"href":"https:\/\/utopia-muc.de\/index.php\/wp-json\/wp\/v2\/media?parent=3989"}],"curies":[{"name":"wp","href":"https:\/\/api.w.org\/{rel}","templated":true}]}}