{"id":266,"date":"2017-05-24T12:42:59","date_gmt":"2017-05-24T10:42:59","guid":{"rendered":"http:\/\/utopia-muc.de\/?page_id=266"},"modified":"2025-06-03T12:58:49","modified_gmt":"2025-06-03T10:58:49","slug":"der-asp","status":"publish","type":"page","link":"https:\/\/utopia-muc.de\/index.php\/abenteuerspielplatz\/der-asp\/","title":{"rendered":"Der ASP"},"content":{"rendered":"<p>Der Abenteuerspielplatz(ASP) Utopia in Ramersdorf ist eine p\u00e4dagogisch betreute und ganzj\u00e4hrig ge\u00f6ffnete Einrichtung. Er befindet sich auf einer ca. 5.000 qm gro\u00dfen Gr\u00fcnfl\u00e4che und bietet jede Menge Platz zum Spielen und Toben. Das Angebot richtet sich an Kinder ab der <strong>1<\/strong><strong>.<\/strong><strong>Klasse<\/strong> bis 13 Jahren. All unsere Angebote sind kostenlos.<br \/>Im Winter ist unsere H\u00fctte beheizt.<\/p>\n<p>W\u00e4hrend der Ferien werden auf dem Spielplatz spezielle Ferienprogramme angeboten.<\/p>\n<p>Der ASP bietet sehr viele spannende M\u00f6glichkeiten:<\/p>\n<ul>\n<li>H\u00fctten aus Holz bauen. Holzhausen wartet darauf gr\u00f6\u00dfer zu werden. <img loading=\"lazy\" decoding=\"async\" class=\"wp-image-378 alignright\" src=\"https:\/\/utopia-muc.de\/wp-content\/uploads\/2017\/05\/IMG_5193-300x200.jpg\" alt=\"\" width=\"222\" height=\"148\" \/><\/li>\n<li>Fu\u00dfball spielen auf dem Bolzplatz<\/li>\n<li>Kicker, H\u00fcpfkissen, Malw\u00e4nde, Sandkasten und Schaukel<\/li>\n<li>Lagerfeuer machen an der Feuerstelle<\/li>\n<li>Kleinspielger\u00e4te wie B\u00e4lle, Federball oder Frisbee k\u00f6nnen bei uns ausgeliehen werden.<\/li>\n<li>An hei\u00dfen Sommertagen ist unsere Wasserrutsche in Betrieb<\/li>\n<li>Im Garten und unseren Beeten kann man Gem\u00fcse, Kr\u00e4utern und Obst beim wachsen zu sehen.<\/li>\n<li>Der Dschungelpfad<br \/><img loading=\"lazy\" decoding=\"async\" class=\" wp-image-379 alignright\" src=\"https:\/\/utopia-muc.de\/wp-content\/uploads\/2017\/05\/IMG_4260-300x200.jpg\" alt=\"\" width=\"222\" height=\"148\" \/><\/li>\n<\/ul>\n<p>Der ASP Utopia ist eine offene Einrichtung f\u00fcr Kinder und Jugendliche. Tr\u00e4ger ist der Falkenfreizeitst\u00e4ttenverein e.V.. Der Verein ist gemeinn\u00fctzig und anerkannter Tr\u00e4ger der offenen Kinder- und Jugendarbeit.<\/p>\n<p>Der ASP kann f\u00fcr Kindergeburtstage und Klassenfeste <a href=\"https:\/\/utopia-muc.de\/index.php\/abenteuerspielplatz\/unsere-angebote\/platznutzung\/\">genutzt<\/a> werden.<\/p>\n<p>\u00a0<\/p>\n<p>\u00a0<\/p>\n<p>\u00a0<\/p>\n<p><img loading=\"lazy\" decoding=\"async\" class=\"wp-image-38  alignleft\" src=\"https:\/\/utopia-muc.de\/wp-content\/uploads\/2016\/06\/IMG_1318-300x200.jpg\" alt=\"\" width=\"222\" height=\"148\" \/> <img loading=\"lazy\" decoding=\"async\" class=\"wp-image-172 alignleft\" src=\"https:\/\/utopia-muc.de\/wp-content\/uploads\/2017\/05\/IMG_5599-300x200.jpg\" alt=\"\" width=\"222\" height=\"148\" \/>\u00a0\u00a0<img loading=\"lazy\" decoding=\"async\" class=\"wp-image-377 alignleft\" src=\"https:\/\/utopia-muc.de\/wp-content\/uploads\/2017\/05\/IMG_4510-300x200.jpg\" alt=\"\" width=\"222\" height=\"148\" \/><\/p>\n\n\n<figure class=\"wp-block-video aligncenter\"><video controls poster=\"https:\/\/utopia-muc.de\/wp-content\/uploads\/2017\/08\/17-08-25bild_magische_zeit.jpg\" src=\"https:\/\/utopia-muc.de\/wp-content\/uploads\/2017\/05\/Utopia_2014.mp4\"><\/video><\/figure>\n","protected":false},"excerpt":{"rendered":"<p>Der Abenteuerspielplatz(ASP) Utopia in Ramersdorf ist eine p\u00e4dagogisch betreute und ganzj\u00e4hrig ge\u00f6ffnete Einrichtung. Er befindet sich auf einer ca. 5.000 qm gro\u00dfen Gr\u00fcnfl\u00e4che und bietet jede Menge Platz zum Spielen und Toben. Das Angebot richtet sich an Kinder ab der 1.Klasse bis 13 Jahren. All unsere Angebote sind kostenlos.Im Winter ist unsere H\u00fctte beheizt. W\u00e4hrend der Ferien werden auf dem Spielplatz spezielle Ferienprogramme angeboten. Der &hellip; <a href=\"https:\/\/utopia-muc.de\/index.php\/abenteuerspielplatz\/der-asp\/\" class=\"more-link\">Continue reading <span class=\"screen-reader-text\">Der ASP<\/span> <span class=\"meta-nav\">&raquo;<\/span><\/a><\/p>\n","protected":false},"author":4,"featured_media":0,"parent":122,"menu_order":90,"comment_status":"closed","ping_status":"closed","template":"page-templates\/full-width-utopia.php","meta":{"ngg_post_thumbnail":0,"footnotes":""},"class_list":["post-266","page","type-page","status-publish","hentry"],"yoast_head":"<!-- This site is optimized with the Yoast SEO plugin v25.3.1 - https:\/\/yoast.com\/wordpress\/plugins\/seo\/ -->\n<title>Der ASP - Utopia Ramersdorf | Freizeitst\u00e4tte und Abenteuerspielplatz<\/title>\n<meta name=\"robots\" content=\"index, follow, max-snippet:-1, max-image-preview:large, max-video-preview:-1\" \/>\n<link rel=\"canonical\" href=\"https:\/\/utopia-muc.de\/index.php\/abenteuerspielplatz\/der-asp\/\" \/>\n<meta property=\"og:locale\" content=\"de_DE\" \/>\n<meta property=\"og:type\" content=\"article\" \/>\n<meta property=\"og:title\" content=\"Der ASP - Utopia Ramersdorf | Freizeitst\u00e4tte und Abenteuerspielplatz\" \/>\n<meta property=\"og:description\" content=\"Der Abenteuerspielplatz(ASP) Utopia in Ramersdorf ist eine p\u00e4dagogisch betreute und ganzj\u00e4hrig ge\u00f6ffnete Einrichtung. Er befindet sich auf einer ca. 5.000 qm gro\u00dfen Gr\u00fcnfl\u00e4che und bietet jede Menge Platz zum Spielen und Toben. Das Angebot richtet sich an Kinder ab der 1.Klasse bis 13 Jahren. All unsere Angebote sind kostenlos.Im Winter ist unsere H\u00fctte beheizt. W\u00e4hrend der Ferien werden auf dem Spielplatz spezielle Ferienprogramme angeboten. Der &hellip; Continue reading Der ASP &raquo;\" \/>\n<meta property=\"og:url\" content=\"https:\/\/utopia-muc.de\/index.php\/abenteuerspielplatz\/der-asp\/\" \/>\n<meta property=\"og:site_name\" content=\"Utopia Ramersdorf | Freizeitst\u00e4tte und Abenteuerspielplatz\" \/>\n<meta property=\"article:publisher\" content=\"https:\/\/www.facebook.com\/UtopiaRamersdorf\" \/>\n<meta property=\"article:modified_time\" content=\"2025-06-03T10:58:49+00:00\" \/>\n<meta property=\"og:image\" content=\"https:\/\/utopia-muc.de\/wp-content\/uploads\/2017\/05\/IMG_5193-e1499859564673.jpg\" \/>\n\t<meta property=\"og:image:width\" content=\"1200\" \/>\n\t<meta property=\"og:image:height\" content=\"800\" \/>\n\t<meta property=\"og:image:type\" content=\"image\/jpeg\" \/>\n<meta name=\"twitter:card\" content=\"summary_large_image\" \/>\n<meta name=\"twitter:label1\" content=\"Gesch\u00e4tzte Lesezeit\" \/>\n\t<meta name=\"twitter:data1\" content=\"2\u00a0Minuten\" \/>\n<script type=\"application\/ld+json\" class=\"yoast-schema-graph\">{\"@context\":\"https:\/\/schema.org\",\"@graph\":[{\"@type\":\"WebPage\",\"@id\":\"https:\/\/utopia-muc.de\/index.php\/abenteuerspielplatz\/der-asp\/\",\"url\":\"https:\/\/utopia-muc.de\/index.php\/abenteuerspielplatz\/der-asp\/\",\"name\":\"Der ASP - Utopia Ramersdorf | Freizeitst\u00e4tte und Abenteuerspielplatz\",\"isPartOf\":{\"@id\":\"https:\/\/utopia-muc.de\/#website\"},\"primaryImageOfPage\":{\"@id\":\"https:\/\/utopia-muc.de\/index.php\/abenteuerspielplatz\/der-asp\/#primaryimage\"},\"image\":{\"@id\":\"https:\/\/utopia-muc.de\/index.php\/abenteuerspielplatz\/der-asp\/#primaryimage\"},\"thumbnailUrl\":\"https:\/\/utopia-muc.de\/wp-content\/uploads\/2017\/05\/IMG_5193-300x200.jpg\",\"datePublished\":\"2017-05-24T10:42:59+00:00\",\"dateModified\":\"2025-06-03T10:58:49+00:00\",\"breadcrumb\":{\"@id\":\"https:\/\/utopia-muc.de\/index.php\/abenteuerspielplatz\/der-asp\/#breadcrumb\"},\"inLanguage\":\"de\",\"potentialAction\":[{\"@type\":\"ReadAction\",\"target\":[\"https:\/\/utopia-muc.de\/index.php\/abenteuerspielplatz\/der-asp\/\"]}]},{\"@type\":\"ImageObject\",\"inLanguage\":\"de\",\"@id\":\"https:\/\/utopia-muc.de\/index.php\/abenteuerspielplatz\/der-asp\/#primaryimage\",\"url\":\"https:\/\/utopia-muc.de\/wp-content\/uploads\/2017\/05\/IMG_5193-300x200.jpg\",\"contentUrl\":\"https:\/\/utopia-muc.de\/wp-content\/uploads\/2017\/05\/IMG_5193-300x200.jpg\"},{\"@type\":\"BreadcrumbList\",\"@id\":\"https:\/\/utopia-muc.de\/index.php\/abenteuerspielplatz\/der-asp\/#breadcrumb\",\"itemListElement\":[{\"@type\":\"ListItem\",\"position\":1,\"name\":\"Startseite\",\"item\":\"https:\/\/utopia-muc.de\/\"},{\"@type\":\"ListItem\",\"position\":2,\"name\":\"Unser Abenteuerspielplatz\",\"item\":\"https:\/\/utopia-muc.de\/index.php\/abenteuerspielplatz\/\"},{\"@type\":\"ListItem\",\"position\":3,\"name\":\"Der ASP\"}]},{\"@type\":\"WebSite\",\"@id\":\"https:\/\/utopia-muc.de\/#website\",\"url\":\"https:\/\/utopia-muc.de\/\",\"name\":\"Utopia Ramersdorf | Freizeitst\u00e4tte und Abenteuerspielplatz\",\"description\":\"Vorgestellt wird das Utopia Ramersdorf,  Freizeitst\u00e4tte und Abenteuerspielplatz in M\u00fcnchen-Ramersdorf\",\"potentialAction\":[{\"@type\":\"SearchAction\",\"target\":{\"@type\":\"EntryPoint\",\"urlTemplate\":\"https:\/\/utopia-muc.de\/?s={search_term_string}\"},\"query-input\":{\"@type\":\"PropertyValueSpecification\",\"valueRequired\":true,\"valueName\":\"search_term_string\"}}],\"inLanguage\":\"de\"}]}<\/script>\n<!-- \/ Yoast SEO plugin. -->","yoast_head_json":{"title":"Der ASP - Utopia Ramersdorf | Freizeitst\u00e4tte und Abenteuerspielplatz","robots":{"index":"index","follow":"follow","max-snippet":"max-snippet:-1","max-image-preview":"max-image-preview:large","max-video-preview":"max-video-preview:-1"},"canonical":"https:\/\/utopia-muc.de\/index.php\/abenteuerspielplatz\/der-asp\/","og_locale":"de_DE","og_type":"article","og_title":"Der ASP - Utopia Ramersdorf | Freizeitst\u00e4tte und Abenteuerspielplatz","og_description":"Der Abenteuerspielplatz(ASP) Utopia in Ramersdorf ist eine p\u00e4dagogisch betreute und ganzj\u00e4hrig ge\u00f6ffnete Einrichtung. Er befindet sich auf einer ca. 5.000 qm gro\u00dfen Gr\u00fcnfl\u00e4che und bietet jede Menge Platz zum Spielen und Toben. Das Angebot richtet sich an Kinder ab der 1.Klasse bis 13 Jahren. All unsere Angebote sind kostenlos.Im Winter ist unsere H\u00fctte beheizt. W\u00e4hrend der Ferien werden auf dem Spielplatz spezielle Ferienprogramme angeboten. Der &hellip; Continue reading Der ASP &raquo;","og_url":"https:\/\/utopia-muc.de\/index.php\/abenteuerspielplatz\/der-asp\/","og_site_name":"Utopia Ramersdorf | Freizeitst\u00e4tte und Abenteuerspielplatz","article_publisher":"https:\/\/www.facebook.com\/UtopiaRamersdorf","article_modified_time":"2025-06-03T10:58:49+00:00","og_image":[{"width":1200,"height":800,"url":"https:\/\/utopia-muc.de\/wp-content\/uploads\/2017\/05\/IMG_5193-e1499859564673.jpg","type":"image\/jpeg"}],"twitter_card":"summary_large_image","twitter_misc":{"Gesch\u00e4tzte Lesezeit":"2\u00a0Minuten"},"schema":{"@context":"https:\/\/schema.org","@graph":[{"@type":"WebPage","@id":"https:\/\/utopia-muc.de\/index.php\/abenteuerspielplatz\/der-asp\/","url":"https:\/\/utopia-muc.de\/index.php\/abenteuerspielplatz\/der-asp\/","name":"Der ASP - Utopia Ramersdorf | Freizeitst\u00e4tte und Abenteuerspielplatz","isPartOf":{"@id":"https:\/\/utopia-muc.de\/#website"},"primaryImageOfPage":{"@id":"https:\/\/utopia-muc.de\/index.php\/abenteuerspielplatz\/der-asp\/#primaryimage"},"image":{"@id":"https:\/\/utopia-muc.de\/index.php\/abenteuerspielplatz\/der-asp\/#primaryimage"},"thumbnailUrl":"https:\/\/utopia-muc.de\/wp-content\/uploads\/2017\/05\/IMG_5193-300x200.jpg","datePublished":"2017-05-24T10:42:59+00:00","dateModified":"2025-06-03T10:58:49+00:00","breadcrumb":{"@id":"https:\/\/utopia-muc.de\/index.php\/abenteuerspielplatz\/der-asp\/#breadcrumb"},"inLanguage":"de","potentialAction":[{"@type":"ReadAction","target":["https:\/\/utopia-muc.de\/index.php\/abenteuerspielplatz\/der-asp\/"]}]},{"@type":"ImageObject","inLanguage":"de","@id":"https:\/\/utopia-muc.de\/index.php\/abenteuerspielplatz\/der-asp\/#primaryimage","url":"https:\/\/utopia-muc.de\/wp-content\/uploads\/2017\/05\/IMG_5193-300x200.jpg","contentUrl":"https:\/\/utopia-muc.de\/wp-content\/uploads\/2017\/05\/IMG_5193-300x200.jpg"},{"@type":"BreadcrumbList","@id":"https:\/\/utopia-muc.de\/index.php\/abenteuerspielplatz\/der-asp\/#breadcrumb","itemListElement":[{"@type":"ListItem","position":1,"name":"Startseite","item":"https:\/\/utopia-muc.de\/"},{"@type":"ListItem","position":2,"name":"Unser Abenteuerspielplatz","item":"https:\/\/utopia-muc.de\/index.php\/abenteuerspielplatz\/"},{"@type":"ListItem","position":3,"name":"Der ASP"}]},{"@type":"WebSite","@id":"https:\/\/utopia-muc.de\/#website","url":"https:\/\/utopia-muc.de\/","name":"Utopia Ramersdorf | Freizeitst\u00e4tte und Abenteuerspielplatz","description":"Vorgestellt wird das Utopia Ramersdorf,  Freizeitst\u00e4tte und Abenteuerspielplatz in M\u00fcnchen-Ramersdorf","potentialAction":[{"@type":"SearchAction","target":{"@type":"EntryPoint","urlTemplate":"https:\/\/utopia-muc.de\/?s={search_term_string}"},"query-input":{"@type":"PropertyValueSpecification","valueRequired":true,"valueName":"search_term_string"}}],"inLanguage":"de"}]}},"featured_image_src":null,"featured_image_src_square":null,"_links":{"self":[{"href":"https:\/\/utopia-muc.de\/index.php\/wp-json\/wp\/v2\/pages\/266","targetHints":{"allow":["GET"]}}],"collection":[{"href":"https:\/\/utopia-muc.de\/index.php\/wp-json\/wp\/v2\/pages"}],"about":[{"href":"https:\/\/utopia-muc.de\/index.php\/wp-json\/wp\/v2\/types\/page"}],"author":[{"embeddable":true,"href":"https:\/\/utopia-muc.de\/index.php\/wp-json\/wp\/v2\/users\/4"}],"replies":[{"embeddable":true,"href":"https:\/\/utopia-muc.de\/index.php\/wp-json\/wp\/v2\/comments?post=266"}],"version-history":[{"count":11,"href":"https:\/\/utopia-muc.de\/index.php\/wp-json\/wp\/v2\/pages\/266\/revisions"}],"predecessor-version":[{"id":4189,"href":"https:\/\/utopia-muc.de\/index.php\/wp-json\/wp\/v2\/pages\/266\/revisions\/4189"}],"up":[{"embeddable":true,"href":"https:\/\/utopia-muc.de\/index.php\/wp-json\/wp\/v2\/pages\/122"}],"wp:attachment":[{"href":"https:\/\/utopia-muc.de\/index.php\/wp-json\/wp\/v2\/media?parent=266"}],"curies":[{"name":"wp","href":"https:\/\/api.w.org\/{rel}","templated":true}]}}