{"id":236,"date":"2017-05-24T10:03:56","date_gmt":"2017-05-24T08:03:56","guid":{"rendered":"http:\/\/utopia-muc.de\/?page_id=236"},"modified":"2024-04-25T11:47:24","modified_gmt":"2024-04-25T09:47:24","slug":"plan","status":"publish","type":"page","link":"https:\/\/utopia-muc.de\/index.php\/abenteuerspielplatz\/plan\/","title":{"rendered":"Plan"},"content":{"rendered":"\n<?xml version=\"1.0\" encoding=\"UTF-8\"?>\n<svg xmlns=\"https:\/\/www.w3.org\/2000\/svg\" xmlns:xlink=\"https:\/\/www.w3.org\/1999\/xlink\" viewBox=\"0 0 635 423.3\">\n  <defs>\n    <style>\n\t  .flaeche {\n\t    opacity:0.3;\n\t    stroke: #000;\n\t    stroke-width: 0;\n\t    cursor: url(\"https:\/\/www.utopia-muc.de\/wp-content\/plan-asp\/vogel48x48.gif\"), url(\"https:\/\/www.utopia-muc.de\/wp-content\/plan-asp\/vogel48x48.png\"), url(\"https:\/\/www.utopia-muc.de\/wp-content\/plan-asp\/vogel48x48.cur\"), url(\"https:\/\/www.utopia-muc.de\/wp-content\/plan-asp\/vogel48x48.ico\"), pointer;\n\t  }\n      .flaeche:hover {\n\t    opacity:0.7;\n\t    stroke-width: 2;\n \t\t transition: opacity 0.5s linear;\n\t  }\n\t  text {\n\t  \tfont-size:1rem;\n\t  \tfont-family:FreeSans;\n\t  \tbackground-color: white;\n\t  \t}\n\t  \t.info {\n\t\t  opacity: 0;\n\t\t  fill: black;\n\t\t  pointer-events: none;\n\t\t}\n\t\t#pavillon:hover ~ .pavillon,   a#pavillon:focus ~ .pavillon,\n\t\t#wasserrutsche:hover ~ .wasserrutsche,   a#wasserrutsche:focus ~ .wasserrutsche,\n\t\t#dschungelpfad:hover ~ .dschungelpfad,   a#dschungelpfad:focus ~ .dschungelpfad,\n\t\t#pool:hover ~ .pool,   a#pool:focus ~ .pool,\n\t\t#huettenstadt:hover ~ .huettenstadt,   a#huettenstadt:focus ~ .huettenstadt,\n\t\t#holzlager:hover ~ .holzlager,   a#holzlager:focus ~ .holzlager,\n\t\t#elternecke:hover ~ .elternecke,   a#elternecke:focus ~ .elternecke,\n\t\t#bauwagen:hover ~ .bauwagen,   a#bauwagen:focus ~ .bauwagen,\n\t\t#sandkasten:hover ~ .sandkasten,   a#sandkasten:focus ~ .sandkasten,\n\t\t#hochbeete:hover ~ .hochbeete,   a#hochbeete:focus ~ .hochbeete,\n\t\t#bolzplatz:hover ~ .bolzplatz,   a#bolzplatz:focus ~ .bolzplatz,\n\t\t#tunnel:hover ~ .tunnel,   a#tunnel:focus ~ .tunnel,\n\t\t#trallabamba:hover ~ .trallabamba,   a#trallabamba:focus ~ .trallabamba,\n\t\t#feuerstelle:hover ~ .feuerstelle,   a#feuerstelle:focus ~ .feuerstelle,\n\t\t#garten:hover ~ .garten,   a#garten:focus ~ .garten,\n\t\t#huette:hover ~ .huette,   a#huette:focus ~ .huette {\n          opacity: 1;\n          transition: all 0.5s linear;\n\t\t}\n\t\t.blase {fill:#fff; stroke:black; stroke-width:2}\n    \n    <\/style>\n    <symbol id=\"blase1\" class=\"blase\"> \n    <path d=\"m5.4 2c-2.2-0.1-3.7 2.2-3.3 4.2 0 4.5-0.1 9 0.1 13.5 0.3 2 2.4 2.9 4.3 2.7 4 0 8 0 12 0 0.9 4 1.7 8.1 2.6 12.1 2.6-4 5.1-8.1 7.7-12.1 11.2 0 22.3 0 33.5 0 2.1-0.1 3.3-2.4 3-4.3 0-4.5 0.1-8.9-0.1-13.4-0.3-2-2.4-2.9-4.3-2.7-18.5 0-37 0-55.4 0z\" \/> <\/symbol> \n    <symbol id=\"blase2\" class=\"blase\"> \n    <path d=\"m5.4 2c-2.9-0.1-3.6 3-3.3 5.3 0 4.1-0.1 8.3 0.1 12.4 0.4 2.6 3.3 2.8 5.4 2.7 3.6 0 7.3 0 10.9 0 0.9 4.1 1.8 8.1 2.6 12.2 2.6-4.1 5.1-8.1 7.7-12.2 17.4 0 34.8 0 52.3 0 2.9 0.1 3.6-3 3.3-5.3 0-4.1 0.1-8.3-0.1-12.4-0.4-2.6-3.3-2.8-5.4-2.7-24.5 0-49 0-73.4 0z\"\/> <\/symbol> \n    <symbol id=\"blase3\" class=\"blase\"> \n    <path d=\"m5.4 2c-2.9-0.1-3.6 3-3.3 5.3 0 4.1-0.1 8.3 0.1 12.4 0.4 2.6 3.3 2.8 5.4 2.7 3.6 0 7.3 0 10.9 0 0.9 4.1 1.8 8.1 2.6 12.2 2.6-4.1 5.1-8.1 7.7-12.2 17.4 0 34.8 0 52.3 0 2.9 0.1 3.6-3 3.3-5.3 0-4.1 0.1-8.3-0.1-12.4-0.4-2.6-3.3-2.8-5.4-2.7-24.5 0-49 0-73.4 0z\"\/> <\/symbol> \n    <symbol id=\"blase4\" class=\"blase\"> \n    <path d=\"m5.4 2c-3.3 0-3.5 3.6-3.3 6 0 3.9-0.1 7.8 0.1 11.6 0.7 3.3 4.4 2.6 6.9 2.6 3 0 6.1 0 9.1 0 0.9 4.1 1.9 8.1 2.8 12.2 2.5-4.1 5-8.1 7.5-12.2 29.6 0 59.1 0 88.7 0 3.3 0 3.5-3.6 3.3-6 0-3.9 0.1-7.8-0.1-11.6-0.7-3.3-4.4-2.6-6.9-2.6-36 0-72.1 0-108.1 0z\"\/> <\/symbol> \n  <\/defs>\n <image width=\"635\" height=\"423.4\" preserveAspectRatio=\"none\" xlink:href=\"https:\/\/www.utopia-muc.de\/wp-content\/plan-asp\/plan-sw1170_19.jpg\" id=\"image4705\" x=\"0\" y=\"0\" image-rendering=\"optimizeQuality\"\/>\n  <a class=\"pavillon fancybox-inline\" id=\"pavillon\" href=\"#fancyboxID-13\">\n    <path class=\"flaeche\" id=\"pathPavillon\" d=\"m346.3 189.5 17.3-20.3 17.1-0.9 16.8 4.3 13.4 18.2-1.3 30-1.7 2-1.9 15.3-13.2 11.7-29.4 2.4-20.7-16-2.2-30.7z\" fill=\"#f00\"\/>\n  <\/a>\n  <a class=\"wasserrutsche fancybox-inline\" id=\"wasserrutsche\" href=\"#fancyboxID-18\">\n    <path class=\"flaeche\" id=\"pathWasserrutsche\" d=\"m430.2 218.9 17.1-1.1 11.7 32 2.8 88.1 14.8 67.7-12.6 0.1-9.4 0.1-4.3-0.2 2-10.2-25.1-44.8-2.4-76.7 5-33.7z\" fill=\"#53bcf9\"\/>\n  <\/a>\n  <a class=\"dschungelpfad fancybox-inline\" id=\"dschungelpfad\" href=\"#fancyboxID-6\">\n    <path class=\"flaeche\" \n    id=\"pathDschungelpfad\" \n    d=\"M10.8 7.1 7.4 112.1 78.9 90.9l30.6 5.1 41.1-5.5 30.3 0.5 20.9-9.3 23.7-3.3 52.8-29.7 138.1-3.9 30.8-14.3 31-2.2 17.8 14.2 30.3-4.3 27.2-13.8 21.5-8.3 22.1 24.5 10.5 29.2 2.7 208.9-12.1 59-0.1 40-34.5 22.4-51.1-2-32.6 7.6-41.3-0.2-26.1-4.8-12.3 2.3 0.2 4.2-25.8 3.3-21.2-4.6-22.4-5.7-24.4-25.2-80.6-2.1-28.2 12.4-9.3 0L100.8 362.5 65.8 320.8 43.4 317.5 26.6 322 11.1 334.1 7.4 420H627.5L630.7 4Z\" \n    fill=\"#08b020\"\/>\n  <\/a>\n  <a class=\"pool fancybox-inline\" id=\"pool\" href=\"#fancyboxID-14\">\n    <path class=\"flaeche\" \n    d=\"m107.8 253.8 5.4-0.4 5.4 0.4 4.6 1.2 4.4 1.9 3.8 2.8 3 3.7 1.3 3.4 0.2 3.6-0.9 3.5-1.9 3.1-3.8 3.5-4.5 2.5-5 1.5-5.1 0.6-4.1 0-4.9-0.8-4.8-1.6-4.3-2.5-3.5-3.5-1.7-3-0.8-3.3 0.2-3.4 1.2-3.2 2.9-3.8 3.8-2.8 4.4-2z\" \n    id=\"pathPool\" \n    fill=\"#003cff\"\/>\n  <\/a>\n  <a class=\"huettenstadt fancybox-inline\" id=\"huettenstadt\" href=\"#fancyboxID-12\">\n    <path class=\"flaeche\" \n    d=\"m88.2 177.7 10-42.4-2.9-16.8 3.3-11.6 18-1.4 25.2-4.2 51.2 1.1 1.8 9.6-5.1 17.2 10.4 28 24.1-1.4-2.1 29.5-7 23.4-16.9 1.4 1.9 20.3-14-1.3-5-24.2-16.9-3.8-21.4 15.7-31.7-13.6z\" \n    id=\"pathH\u00fcttenstadt\" \n    fill=\"#7be850\"\/>\n  <\/a>\n  <a class=\"holzlager fancybox-inline\" id=\"holzlager\" href=\"#fancyboxID-10\">\n    <path class=\"flaeche\" d=\"m206.3 94.9 8.2-8.3 5.7-4 46.8-0.5-1.6 20.8-4.9 16.4-53-0.3z\" id=\"pathHolzlager\" fill=\"#682500\"\/>\n  <\/a>\n  <a class=\"elternecke fancybox-inline\" id=\"elternecke\" href=\"#fancyboxID-17\">\n    <path class=\"flaeche\" \n    d=\"m268.9 87.3-1.1 8.3 1.1 22.2 12.7 2.2 4.6-5.6 0.3-33.1-17.6 5.9\" \n    id=\"pathElternecke\" \n    fill=\"#ff5a00\"\/>\n  <\/a>\n  <a class=\"bauwagen fancybox-inline\" id=\"bauwagen\" href=\"#fancyboxID-4\">\n    <path class=\"flaeche\" \n  d=\"m286.3 70 1.8 19c0 0-0.8 8.3-0.8 9.1 0 0.8 0 22.5 0 22.5l3.3 1.6 42.9-5 4.1-5.5 0.1-13.7 0.4-12 2.2-4.1 4.5 5 2.5-5.9-4.5-6.3 3.4-6.3 1.8-7.6-2-7.2-3.6-2.4-8.4 1.7-28.3 0.9-8.2 0.8h-4.5z\" \n  id=\"pathBauwagenB\u00fchne\" \n  fill=\"#c3007c\"\/><\/a>\n  <a class=\"sandkasten fancybox-inline\" id=\"sandkasten\" href=\"#fancyboxID-15\">\n    <path class=\"flaeche\" \n  d=\"m361.9 60.7 10.1-4.8 3.9 3.9 11.9-0.7 16.4-1.5 18.1-5.8 34.4-0.9 5 23.5-33.9-0.7-22.5 8.9-25.9 2.6-1.9 8.6-9.9 0.7-5.4-8.2z\"\n  id=\"pathSandkastenSchaukel\" \n  fill=\"#25ae9c\"\/><\/a>\n  <a class=\"hochbeete fancybox-inline\" id=\"hochbeete\" href=\"#fancyboxID-9\">\n    <path class=\"flaeche\" \n  d=\"m468.9 64.8 1.7 21.4 44.7-1.1-2.2-23.3z\" \n  id=\"pathHochbeete\" \n  fill=\"#4131bd\"\/><\/a>\n  <a class=\"bolzplatz fancybox-inline\" id=\"bolzplatz\" href=\"#fancyboxID-5\">\n      <path class=\"flaeche\" \n  d=\"m526.3 38.2 12.6-6.1 17.4 0.5 14.7 48.2 9.5 111.1c0 0 4.2 44.5 3.9 48.2-0.3 3.7 5.5 61.9 5.5 61.9l-34 26.6-27.6-1.6-11.6-10.8-6.8-139 15.5-94.2z\" \n  id=\"pathBolzplatz\" \n  fill=\"#fffc00\"\/><\/a>\n  <a class=\"tunnel fancybox-inline\" id=\"tunnel\" href=\"#fancyboxID-16\">\n      <path class=\"flaeche\" \n  d=\"m403.9 174.8 6.3-4.6 15 3.6-3.2 13.8-11.2 3.2-6.9-9z\" \n  id=\"pathTunnel\" \n  fill=\"#ea00ff\"\/><\/a>\n  <a class=\"trallabamba fancybox-inline\" id=\"trallabamba\" href=\"#fancyboxID-19\">\n      <path class=\"flaeche\" \n  d=\"m507.5 355.2 15.5-24.9 57.3-0.6 18.2 24.2-0.5 23.6-27.3 17.7-45.6 1.3-19.5-28.5z\" \n  id=\"pathTrallabamba\" \n  fill=\"#0012ff\"\/><\/a>\n  <a class=\"feuerstelle fancybox-inline\" id=\"feuerstelle\" href=\"#fancyboxID-7\">\n      <path class=\"flaeche\" \n  d=\"m332.8 344.1 19.2-20.3 11.3 1.1 8.7 5.5 10.3 18.7-1.6 18.4 17.9 21.1c0 0 1.7 18.5 1.7 18.5l-25.8 3.3-21.7-4.6-20-39.2z\" \n  id=\"pathFeuerstelle\" \n  fill=\"#f36518\"\/><\/a>\n  <a class=\"garten fancybox-inline\" id=\"garten\" href=\"#fancyboxID-8\">\n      <path class=\"flaeche\" \n  d=\"m273.8 320.1 29.5-1.1 7.4 19.7-35.3 2.1-4.5-8.4z\" \n  id=\"pathGarten\" \n  fill=\"#08a700\"\/><\/a>\n  <a class=\"huette fancybox-inline\" id=\"huette\" href=\"#fancyboxID-11\">\n      <path class=\"flaeche\" \n  d=\"m186.7 329.6 23.4-1.6 0.8-12.9 19 0.3-1.1-4.2 35.8 0.5 6.3 20.8-7.9 30-51.6 1.8-26.1-0.3-2.1-16.3 1.1-13.4z\" \n  id=\"pathUnsereH\u00fctte\" \n  fill=\"#f00\"\/><\/a>\n  <g class=\"info pavillon\" transform=\"translate(350,180)\">\n    <use xlink:href=\"#blase1\"\/>\n    <text y=\"17\" x=\"5\">Pavillion<\/text>\n  <\/g>\n  <g class=\"info wasserrutsche\" transform=\"translate(420,270)\">\n    <use xlink:href=\"#blase4\" transform=\"scale(0.93,1)\" \/>\n    <text y=\"17\" x=\"5\">Wasserrutsche<\/text>\n  <\/g>\n  <g class=\"info dschungelpfad\" transform=\"translate(88,30)\">\n    <use xlink:href=\"#blase4\" transform=\"scale(0.95,1)\"\/>\n    <text y=\"17\" x=\"5\">Dschungelpfad<\/text>\n  <\/g>\n  <g class=\"info dschungelpfad\" transform=\"translate(30,370)\">\n    <use xlink:href=\"#blase4\" transform=\"scale(0.95,1)\"\/>\n    <text y=\"17\" x=\"5\">Dschungelpfad<\/text>\n  <\/g>\n  <g class=\"info pool\" transform=\"translate(98,230)\">\n    <use xlink:href=\"#blase1\" transform=\"scale(0.6,1)\"\/>\n    <text y=\"17\" x=\"5\">Pool<\/text>\n  <\/g>\n  <g class=\"info huettenstadt\" transform=\"translate(100,135)\">\n    <use xlink:href=\"#blase3\" transform=\"scale(1.05,1)\"\/>\n    <text y=\"17\" x=\"5\">H\u00fcttenstadt<\/text>\n  <\/g>\n  <g class=\"info holzlager\" transform=\"translate(205,60)\">\n    <use xlink:href=\"#blase2\" transform=\"scale(0.9,1)\"\/>\n    <text y=\"17\" x=\"5\">Holzlager<\/text>\n  <\/g>\n  <g class=\"info elternecke\" transform=\"translate(255,60)\">\n    <use xlink:href=\"#blase2\"\/>\n    <text y=\"17\" x=\"5\">Elternecke<\/text>\n  <\/g>\n  <g class=\"info bauwagen\" transform=\"translate(290,30)\">\n    <use xlink:href=\"#blase2\"\/>\n    <text y=\"17\" x=\"5\">Bauwagen<\/text>\n  <\/g>\n  <g class=\"info bauwagen\" transform=\"translate(295,140)\">\n    <use xlink:href=\"#blase1\" transform=\"scale(0.8,-1)\"\/>\n    <text y=\"-7\" x=\"5\">B\u00fchne<\/text>\n  <\/g>\n  <g class=\"info sandkasten\" transform=\"translate(400,40)\">\n    <use xlink:href=\"#blase3\" transform=\"scale(-1.1,1)\"\/>\n    <text y=\"17\" x=\"-90\">Sandkasten<\/text>\n  <\/g>\n  <g class=\"info sandkasten\" transform=\"translate(420,30)\">\n    <use xlink:href=\"#blase2\" transform=\"scale(0.9,1)\"\/>\n    <text y=\"17\" x=\"5\">Schaukel <\/text>\n  <\/g>\n  <g class=\"info hochbeete\" transform=\"translate(470,35)\">\n    <use xlink:href=\"#blase2\"\/>\n   <text y=\"17\" x=\"5\">Hochbeete<\/text>\n  <\/g>\n  <g class=\"info bolzplatz\" transform=\"translate(516,120)\">\n    <use xlink:href=\"#blase1\" transform=\"scale(1.1,1)\"\/>\n   <text y=\"17\" x=\"5\">Bolzplatz<\/text>\n  <\/g>\n  <g class=\"info tunnel\" transform=\"translate(397,140)\">\n    <use xlink:href=\"#blase1\" transform=\"scale(0.9,1)\"\/>\n   <text y=\"17\" x=\"5\">Tunnel<\/text>\n  <\/g>\n  <g class=\"info trallabamba\" transform=\"translate(520,310)\">\n    <use xlink:href=\"#blase3\" transform=\"scale(1.15,1)\"\/>\n   <text y=\"17\" x=\"5\">Trallabamba<\/text>\n  <\/g>\n  <g class=\"info feuerstelle\" transform=\"translate(330,310)\">\n    <use xlink:href=\"#blase3\"\/>\n   <text y=\"17\" x=\"5\">Feuerstelle<\/text>\n  <\/g>\n  <g class=\"info garten\" transform=\"translate(275,290)\">\n    <use xlink:href=\"#blase1\" transform=\"scale(0.85,1)\"\/>\n   <text y=\"17\" x=\"5\">Garten<\/text>\n  <\/g>\n  <g class=\"info huette\" transform=\"translate(200,300)\">\n    <use xlink:href=\"#blase3\" transform=\"scale(1.2,1)\"\/>\n   <text y=\"17\" x=\"5\">Unsere H\u00fctte<\/text>\n  <\/g>\n<\/svg>\n\n\n\n\n<div class=\"fancybox-hidden\" style=\"display: none;\">\n<div id=\"fancyboxID-4\" class=\"hentry\" style=\"width: 360px; max-width: 100%;\">\n<p><strong>Bauwagen und B\u00fchne<\/strong><\/p>\n<p>Klick vergr\u00f6\u00dfert Bild<\/p>\nngg_shortcode_0_placeholder\n<\/div>\n<div id=\"fancyboxID-5\" class=\"hentry\" style=\"width: 360px; max-width: 100%;\">\n<p><strong>Bolzplatz<\/strong><\/p>\n<p>Klick vergr\u00f6\u00dfert Bild<\/p>\nngg_shortcode_1_placeholder\n<\/div>\n<div id=\"fancyboxID-6\" class=\"hentry\" style=\"width: 360px; max-width: 100%;\">\n<p><strong>Dschungelpfad<\/strong><\/p>\n<p>Klick vergr\u00f6\u00dfert Bild<\/p>\nngg_shortcode_2_placeholder\n<\/div>\n<div id=\"fancyboxID-7\" class=\"hentry\" style=\"width: 360px; max-width: 100%;\">\n<p><strong>Feuerstelle<\/strong><\/p>\n<p>Klick vergr\u00f6\u00dfert Bild<\/p>\nngg_shortcode_3_placeholder\n<\/div>\n<div id=\"fancyboxID-8\" class=\"hentry\" style=\"width: 360px; max-width: 100%;\">\n<p><strong>Garten<\/strong><\/p>\n<p>Klick vergr\u00f6\u00dfert Bild<\/p>\nngg_shortcode_4_placeholder\n<\/div>\n<div id=\"fancyboxID-9\" class=\"hentry\" style=\"width: 360px; max-width: 100%;\">\n<p><strong>Hochbeete<\/strong><\/p>\n<p>Klick vergr\u00f6\u00dfert Bild<\/p>\nngg_shortcode_5_placeholder\n<\/div>\n<div id=\"fancyboxID-10\" class=\"hentry\" style=\"width: 360px; max-width: 100%;\">\n<p><strong>Holzlager<\/strong><\/p>\n<p>Klick vergr\u00f6\u00dfert Bild<\/p>\nngg_shortcode_6_placeholder\n<\/div>\n<div id=\"fancyboxID-11\" class=\"hentry\" style=\"width: 360px; max-width: 100%;\">\n<p><strong>Unsere H\u00fctte<\/strong><\/p>\n<p>Klick vergr\u00f6\u00dfert Bild<\/p>\nngg_shortcode_7_placeholder\n<\/div>\n<div id=\"fancyboxID-12\" class=\"hentry\" style=\"width: 360px; max-width: 100%;\">\n<p><strong>H\u00fcttenstadt<\/strong><\/p>\n<p>Klick vergr\u00f6\u00dfert Bild<\/p>\nngg_shortcode_8_placeholder\n<\/div>\n<div id=\"fancyboxID-13\" class=\"hentry\" style=\"width: 360px; max-width: 100%;\">\n<p><strong>Pavillon<\/strong><\/p>\n<p>Klick vergr\u00f6\u00dfert Bild<\/p>\nngg_shortcode_9_placeholder\n<\/div>\n<div id=\"fancyboxID-14\" class=\"hentry\" style=\"width: 360px; max-width: 100%;\">\n<p><strong>Pool<\/strong><\/p>\n<p>Klick vergr\u00f6\u00dfert Bild<\/p>\nngg_shortcode_10_placeholder\n<\/div>\n<div id=\"fancyboxID-15\" class=\"hentry\" style=\"width: 360px; max-width: 100%;\">\n<p><strong>Sandkasten<\/strong><\/p>\n<p>Klick vergr\u00f6\u00dfert Bild<\/p>\nngg_shortcode_11_placeholder\n<\/div>\n<div id=\"fancyboxID-16\" class=\"hentry\" style=\"width: 360px; max-width: 100%;\">\n<p><strong>Tunnel<\/strong><\/p>\n<p>Klick vergr\u00f6\u00dfert Bild<\/p>\nngg_shortcode_12_placeholder\n<\/div>\n<div id=\"fancyboxID-17\" class=\"hentry\" style=\"width: 360px; max-width: 100%;\">\n<p><strong>Elternecke<\/strong><\/p>\n<p>Klick vergr\u00f6\u00dfert Bild<\/p>\n<p>Hier gibt es leider noch keine Bilder<\/p>\n<\/div>\n<div id=\"fancyboxID-18\" class=\"hentry\" style=\"width: 360px; max-width: 100%;\">\n<p><strong>Wasserrutsche<\/strong><\/p>\n<p>Klick vergr\u00f6\u00dfert Bild<\/p>\n<p>Hier gibt es leider noch keine Bilder<\/p>\n<\/div>\n<div id=\"fancyboxID-19\" class=\"hentry\" style=\"width: 360px; max-width: 100%;\">\n<p><strong>Trallabamba<\/strong><\/p>\n<p>Klick vergr\u00f6\u00dfert Bild<\/p>\n<p>Hier gibt es leider noch keine Bilder<\/p>\n<\/div>\n<\/div>\n","protected":false},"excerpt":{"rendered":"<p>Bauwagen und B\u00fchne Klick vergr\u00f6\u00dfert Bild &#8220; order_by=&#8220;sortorder&#8220; order_direction=&#8220;ASC&#8220; returns=&#8220;included&#8220; maximum_entity_count=&#8220;500&#8243;] Bolzplatz Klick vergr\u00f6\u00dfert Bild &#8220; order_by=&#8220;sortorder&#8220; order_direction=&#8220;ASC&#8220; returns=&#8220;included&#8220; maximum_entity_count=&#8220;500&#8243;] Dschungelpfad Klick vergr\u00f6\u00dfert Bild &#8220; order_by=&#8220;sortorder&#8220; order_direction=&#8220;ASC&#8220; returns=&#8220;included&#8220; maximum_entity_count=&#8220;500&#8243;] Feuerstelle Klick vergr\u00f6\u00dfert Bild &#8220; order_by=&#8220;sortorder&#8220; order_direction=&#8220;ASC&#8220; returns=&#8220;included&#8220; maximum_entity_count=&#8220;500&#8243;] Garten Klick vergr\u00f6\u00dfert Bild &#8220; order_by=&#8220;sortorder&#8220; order_direction=&#8220;ASC&#8220; returns=&#8220;included&#8220; maximum_entity_count=&#8220;500&#8243;] Hochbeete Klick vergr\u00f6\u00dfert Bild &#8220; order_by=&#8220;sortorder&#8220; order_direction=&#8220;ASC&#8220; returns=&#8220;included&#8220; maximum_entity_count=&#8220;500&#8243;] Holzlager Klick vergr\u00f6\u00dfert Bild &#8220; order_by=&#8220;sortorder&#8220; order_direction=&#8220;ASC&#8220; returns=&#8220;included&#8220; maximum_entity_count=&#8220;500&#8243;] &hellip; <a href=\"https:\/\/utopia-muc.de\/index.php\/abenteuerspielplatz\/plan\/\" class=\"more-link\">Continue reading <span class=\"screen-reader-text\">Plan<\/span> <span class=\"meta-nav\">&raquo;<\/span><\/a><\/p>\n","protected":false},"author":1,"featured_media":0,"parent":122,"menu_order":0,"comment_status":"closed","ping_status":"closed","template":"page-templates\/full-width-utopia.php","meta":{"ngg_post_thumbnail":0,"footnotes":""},"class_list":["post-236","page","type-page","status-publish","hentry"],"yoast_head":"<!-- This site is optimized with the Yoast SEO plugin v25.3.1 - https:\/\/yoast.com\/wordpress\/plugins\/seo\/ -->\n<title>Plan - Utopia Ramersdorf | Freizeitst\u00e4tte und Abenteuerspielplatz<\/title>\n<meta name=\"robots\" content=\"index, follow, max-snippet:-1, max-image-preview:large, max-video-preview:-1\" \/>\n<link rel=\"canonical\" href=\"https:\/\/utopia-muc.de\/index.php\/abenteuerspielplatz\/plan\/\" \/>\n<meta property=\"og:locale\" content=\"de_DE\" \/>\n<meta property=\"og:type\" content=\"article\" \/>\n<meta property=\"og:title\" content=\"Plan - Utopia Ramersdorf | Freizeitst\u00e4tte und Abenteuerspielplatz\" \/>\n<meta property=\"og:description\" content=\"Bauwagen und B\u00fchne Klick vergr\u00f6\u00dfert Bild &#8220; order_by=&#8220;sortorder&#8220; order_direction=&#8220;ASC&#8220; returns=&#8220;included&#8220; maximum_entity_count=&#8220;500&#8243;] Bolzplatz Klick vergr\u00f6\u00dfert Bild &#8220; order_by=&#8220;sortorder&#8220; order_direction=&#8220;ASC&#8220; returns=&#8220;included&#8220; maximum_entity_count=&#8220;500&#8243;] Dschungelpfad Klick vergr\u00f6\u00dfert Bild &#8220; order_by=&#8220;sortorder&#8220; order_direction=&#8220;ASC&#8220; returns=&#8220;included&#8220; maximum_entity_count=&#8220;500&#8243;] Feuerstelle Klick vergr\u00f6\u00dfert Bild &#8220; order_by=&#8220;sortorder&#8220; order_direction=&#8220;ASC&#8220; returns=&#8220;included&#8220; maximum_entity_count=&#8220;500&#8243;] Garten Klick vergr\u00f6\u00dfert Bild &#8220; order_by=&#8220;sortorder&#8220; order_direction=&#8220;ASC&#8220; returns=&#8220;included&#8220; maximum_entity_count=&#8220;500&#8243;] Hochbeete Klick vergr\u00f6\u00dfert Bild &#8220; order_by=&#8220;sortorder&#8220; order_direction=&#8220;ASC&#8220; returns=&#8220;included&#8220; maximum_entity_count=&#8220;500&#8243;] Holzlager Klick vergr\u00f6\u00dfert Bild &#8220; order_by=&#8220;sortorder&#8220; order_direction=&#8220;ASC&#8220; returns=&#8220;included&#8220; maximum_entity_count=&#8220;500&#8243;] &hellip; Continue reading Plan &raquo;\" \/>\n<meta property=\"og:url\" content=\"https:\/\/utopia-muc.de\/index.php\/abenteuerspielplatz\/plan\/\" \/>\n<meta property=\"og:site_name\" content=\"Utopia Ramersdorf | Freizeitst\u00e4tte und Abenteuerspielplatz\" \/>\n<meta property=\"article:publisher\" content=\"https:\/\/www.facebook.com\/UtopiaRamersdorf\" \/>\n<meta property=\"article:modified_time\" content=\"2024-04-25T09:47:24+00:00\" \/>\n<meta name=\"twitter:card\" content=\"summary_large_image\" \/>\n<meta name=\"twitter:label1\" content=\"Gesch\u00e4tzte Lesezeit\" \/>\n\t<meta name=\"twitter:data1\" content=\"3\u00a0Minuten\" \/>\n<script type=\"application\/ld+json\" class=\"yoast-schema-graph\">{\"@context\":\"https:\/\/schema.org\",\"@graph\":[{\"@type\":\"WebPage\",\"@id\":\"https:\/\/utopia-muc.de\/index.php\/abenteuerspielplatz\/plan\/\",\"url\":\"https:\/\/utopia-muc.de\/index.php\/abenteuerspielplatz\/plan\/\",\"name\":\"Plan - Utopia Ramersdorf | Freizeitst\u00e4tte und Abenteuerspielplatz\",\"isPartOf\":{\"@id\":\"https:\/\/utopia-muc.de\/#website\"},\"datePublished\":\"2017-05-24T08:03:56+00:00\",\"dateModified\":\"2024-04-25T09:47:24+00:00\",\"breadcrumb\":{\"@id\":\"https:\/\/utopia-muc.de\/index.php\/abenteuerspielplatz\/plan\/#breadcrumb\"},\"inLanguage\":\"de\",\"potentialAction\":[{\"@type\":\"ReadAction\",\"target\":[\"https:\/\/utopia-muc.de\/index.php\/abenteuerspielplatz\/plan\/\"]}]},{\"@type\":\"BreadcrumbList\",\"@id\":\"https:\/\/utopia-muc.de\/index.php\/abenteuerspielplatz\/plan\/#breadcrumb\",\"itemListElement\":[{\"@type\":\"ListItem\",\"position\":1,\"name\":\"Startseite\",\"item\":\"https:\/\/utopia-muc.de\/\"},{\"@type\":\"ListItem\",\"position\":2,\"name\":\"Unser Abenteuerspielplatz\",\"item\":\"https:\/\/utopia-muc.de\/index.php\/abenteuerspielplatz\/\"},{\"@type\":\"ListItem\",\"position\":3,\"name\":\"Plan\"}]},{\"@type\":\"WebSite\",\"@id\":\"https:\/\/utopia-muc.de\/#website\",\"url\":\"https:\/\/utopia-muc.de\/\",\"name\":\"Utopia Ramersdorf | Freizeitst\u00e4tte und Abenteuerspielplatz\",\"description\":\"Vorgestellt wird das Utopia Ramersdorf,  Freizeitst\u00e4tte und Abenteuerspielplatz in M\u00fcnchen-Ramersdorf\",\"potentialAction\":[{\"@type\":\"SearchAction\",\"target\":{\"@type\":\"EntryPoint\",\"urlTemplate\":\"https:\/\/utopia-muc.de\/?s={search_term_string}\"},\"query-input\":{\"@type\":\"PropertyValueSpecification\",\"valueRequired\":true,\"valueName\":\"search_term_string\"}}],\"inLanguage\":\"de\"}]}<\/script>\n<!-- \/ Yoast SEO plugin. -->","yoast_head_json":{"title":"Plan - Utopia Ramersdorf | Freizeitst\u00e4tte und Abenteuerspielplatz","robots":{"index":"index","follow":"follow","max-snippet":"max-snippet:-1","max-image-preview":"max-image-preview:large","max-video-preview":"max-video-preview:-1"},"canonical":"https:\/\/utopia-muc.de\/index.php\/abenteuerspielplatz\/plan\/","og_locale":"de_DE","og_type":"article","og_title":"Plan - Utopia Ramersdorf | Freizeitst\u00e4tte und Abenteuerspielplatz","og_description":"Bauwagen und B\u00fchne Klick vergr\u00f6\u00dfert Bild &#8220; order_by=&#8220;sortorder&#8220; order_direction=&#8220;ASC&#8220; returns=&#8220;included&#8220; maximum_entity_count=&#8220;500&#8243;] Bolzplatz Klick vergr\u00f6\u00dfert Bild &#8220; order_by=&#8220;sortorder&#8220; order_direction=&#8220;ASC&#8220; returns=&#8220;included&#8220; maximum_entity_count=&#8220;500&#8243;] Dschungelpfad Klick vergr\u00f6\u00dfert Bild &#8220; order_by=&#8220;sortorder&#8220; order_direction=&#8220;ASC&#8220; returns=&#8220;included&#8220; maximum_entity_count=&#8220;500&#8243;] Feuerstelle Klick vergr\u00f6\u00dfert Bild &#8220; order_by=&#8220;sortorder&#8220; order_direction=&#8220;ASC&#8220; returns=&#8220;included&#8220; maximum_entity_count=&#8220;500&#8243;] Garten Klick vergr\u00f6\u00dfert Bild &#8220; order_by=&#8220;sortorder&#8220; order_direction=&#8220;ASC&#8220; returns=&#8220;included&#8220; maximum_entity_count=&#8220;500&#8243;] Hochbeete Klick vergr\u00f6\u00dfert Bild &#8220; order_by=&#8220;sortorder&#8220; order_direction=&#8220;ASC&#8220; returns=&#8220;included&#8220; maximum_entity_count=&#8220;500&#8243;] Holzlager Klick vergr\u00f6\u00dfert Bild &#8220; order_by=&#8220;sortorder&#8220; order_direction=&#8220;ASC&#8220; returns=&#8220;included&#8220; maximum_entity_count=&#8220;500&#8243;] &hellip; Continue reading Plan &raquo;","og_url":"https:\/\/utopia-muc.de\/index.php\/abenteuerspielplatz\/plan\/","og_site_name":"Utopia Ramersdorf | Freizeitst\u00e4tte und Abenteuerspielplatz","article_publisher":"https:\/\/www.facebook.com\/UtopiaRamersdorf","article_modified_time":"2024-04-25T09:47:24+00:00","twitter_card":"summary_large_image","twitter_misc":{"Gesch\u00e4tzte Lesezeit":"3\u00a0Minuten"},"schema":{"@context":"https:\/\/schema.org","@graph":[{"@type":"WebPage","@id":"https:\/\/utopia-muc.de\/index.php\/abenteuerspielplatz\/plan\/","url":"https:\/\/utopia-muc.de\/index.php\/abenteuerspielplatz\/plan\/","name":"Plan - Utopia Ramersdorf | Freizeitst\u00e4tte und Abenteuerspielplatz","isPartOf":{"@id":"https:\/\/utopia-muc.de\/#website"},"datePublished":"2017-05-24T08:03:56+00:00","dateModified":"2024-04-25T09:47:24+00:00","breadcrumb":{"@id":"https:\/\/utopia-muc.de\/index.php\/abenteuerspielplatz\/plan\/#breadcrumb"},"inLanguage":"de","potentialAction":[{"@type":"ReadAction","target":["https:\/\/utopia-muc.de\/index.php\/abenteuerspielplatz\/plan\/"]}]},{"@type":"BreadcrumbList","@id":"https:\/\/utopia-muc.de\/index.php\/abenteuerspielplatz\/plan\/#breadcrumb","itemListElement":[{"@type":"ListItem","position":1,"name":"Startseite","item":"https:\/\/utopia-muc.de\/"},{"@type":"ListItem","position":2,"name":"Unser Abenteuerspielplatz","item":"https:\/\/utopia-muc.de\/index.php\/abenteuerspielplatz\/"},{"@type":"ListItem","position":3,"name":"Plan"}]},{"@type":"WebSite","@id":"https:\/\/utopia-muc.de\/#website","url":"https:\/\/utopia-muc.de\/","name":"Utopia Ramersdorf | Freizeitst\u00e4tte und Abenteuerspielplatz","description":"Vorgestellt wird das Utopia Ramersdorf,  Freizeitst\u00e4tte und Abenteuerspielplatz in M\u00fcnchen-Ramersdorf","potentialAction":[{"@type":"SearchAction","target":{"@type":"EntryPoint","urlTemplate":"https:\/\/utopia-muc.de\/?s={search_term_string}"},"query-input":{"@type":"PropertyValueSpecification","valueRequired":true,"valueName":"search_term_string"}}],"inLanguage":"de"}]}},"featured_image_src":null,"featured_image_src_square":null,"_links":{"self":[{"href":"https:\/\/utopia-muc.de\/index.php\/wp-json\/wp\/v2\/pages\/236","targetHints":{"allow":["GET"]}}],"collection":[{"href":"https:\/\/utopia-muc.de\/index.php\/wp-json\/wp\/v2\/pages"}],"about":[{"href":"https:\/\/utopia-muc.de\/index.php\/wp-json\/wp\/v2\/types\/page"}],"author":[{"embeddable":true,"href":"https:\/\/utopia-muc.de\/index.php\/wp-json\/wp\/v2\/users\/1"}],"replies":[{"embeddable":true,"href":"https:\/\/utopia-muc.de\/index.php\/wp-json\/wp\/v2\/comments?post=236"}],"version-history":[{"count":79,"href":"https:\/\/utopia-muc.de\/index.php\/wp-json\/wp\/v2\/pages\/236\/revisions"}],"predecessor-version":[{"id":1890,"href":"https:\/\/utopia-muc.de\/index.php\/wp-json\/wp\/v2\/pages\/236\/revisions\/1890"}],"up":[{"embeddable":true,"href":"https:\/\/utopia-muc.de\/index.php\/wp-json\/wp\/v2\/pages\/122"}],"wp:attachment":[{"href":"https:\/\/utopia-muc.de\/index.php\/wp-json\/wp\/v2\/media?parent=236"}],"curies":[{"name":"wp","href":"https:\/\/api.w.org\/{rel}","templated":true}]}}