{"id":229,"date":"2017-05-24T09:43:30","date_gmt":"2017-05-24T07:43:30","guid":{"rendered":"http:\/\/utopia-muc.de\/?page_id=229"},"modified":"2019-03-07T15:58:56","modified_gmt":"2019-03-07T14:58:56","slug":"anfahrt","status":"publish","type":"page","link":"https:\/\/utopia-muc.de\/index.php\/freizeitstaette\/anfahrt\/","title":{"rendered":"Anfahrt"},"content":{"rendered":"<p>Metrobus 55, N45<br \/>\nHaltestelle Diakon-Kerolt-Weg<\/p>\n<p><div class=\"leaflet-map WPLeafletMap\" style=\"height:500px; width:100%;\"><\/div><script>\nwindow.WPLeafletMapPlugin = window.WPLeafletMapPlugin || [];\nwindow.WPLeafletMapPlugin.push(function WPLeafletMapShortcode() {\/*<script>*\/\nvar baseUrl = atob('aHR0cHM6Ly97c30udGlsZS5vcGVuc3RyZWV0bWFwLm9yZy97en0ve3h9L3t5fS5wbmc=');\nvar base = (!baseUrl && window.MQ) ?\n    window.MQ.mapLayer() : L.tileLayer(baseUrl,\n        L.Util.extend({}, {\n            detectRetina: 0,\n        },\n        {\"subdomains\":\"abc\",\"noWrap\":false,\"maxZoom\":20}        )\n    );\n    var options = L.Util.extend({}, {\n        layers: [base],\n        attributionControl: false\n    },\n    {\"zoomControl\":false,\"scrollWheelZoom\":true,\"doubleClickZoom\":false,\"fitBounds\":false,\"minZoom\":0,\"maxZoom\":20,\"maxBounds\":null,\"attribution\":\"<a href=\\\"http:\\\/\\\/leafletjs.com\\\" title=\\\"A JS library for interactive maps\\\">Leaflet<\\\/a>; \\r\\n\\u00a9 <a href=\\\"http:\\\/\\\/www.openstreetmap.org\\\/copyright\\\">OpenStreetMap<\\\/a> contributors\"},\n    {});\nwindow.WPLeafletMapPlugin.createMap(options).setView([48.1118332965,11.6159257293],18);});<\/script> <script>\nwindow.WPLeafletMapPlugin = window.WPLeafletMapPlugin || [];\nwindow.WPLeafletMapPlugin.push(function WPLeafletMarkerShortcode() {\/*<script>*\/\nvar map = window.WPLeafletMapPlugin.getCurrentMap();\nvar group = window.WPLeafletMapPlugin.getCurrentGroup();\nvar marker_options = window.WPLeafletMapPlugin.getIconOptions({});\nvar marker = L.marker(\n    [48.1117007731,11.6163092852],\n    marker_options\n);\nvar is_image = map.is_image_map;\nif (marker_options.draggable) {\n    marker.on('dragend', function () {\n        var latlng = this.getLatLng();\n        var lat = latlng.lat;\n        var lng = latlng.lng;\n        if (is_image) {\n            console.log('leaflet-marker y=' + lat + ' x=' + lng);\n        } else {\n            console.log('leaflet-marker lat=' + lat + ' lng=' + lng);\n        }\n    });\n}\nmarker.addTo( group );\nmarker.bindPopup(window.WPLeafletMapPlugin.unescape('Utopia'));window.WPLeafletMapPlugin.markers.push( marker );\n        });<\/script><\/p>\n<script>\nwindow.WPLeafletMapPlugin = window.WPLeafletMapPlugin || [];\nwindow.WPLeafletMapPlugin.push(function WPLeafletMarkerShortcode() {\/*<script>*\/\nvar map = window.WPLeafletMapPlugin.getCurrentMap();\nvar group = window.WPLeafletMapPlugin.getCurrentGroup();\nvar marker_options = window.WPLeafletMapPlugin.getIconOptions({\"iconUrl\":\"https:\\\/\\\/utopia-muc.de\\\/wp-content\\\/uploads\\\/2017\\\/05\\\/bus.png\",\"iconSize\":\"32,32\"});\nvar marker = L.marker(\n    [48.1120231267,11.6173],\n    marker_options\n);\nvar is_image = map.is_image_map;\nif (marker_options.draggable) {\n    marker.on('dragend', function () {\n        var latlng = this.getLatLng();\n        var lat = latlng.lat;\n        var lng = latlng.lng;\n        if (is_image) {\n            console.log('leaflet-marker y=' + lat + ' x=' + lng);\n        } else {\n            console.log('leaflet-marker lat=' + lat + ' lng=' + lng);\n        }\n    });\n}\nmarker.addTo( group );\nmarker.bindPopup(window.WPLeafletMapPlugin.unescape('Metrobus 55, N45&lt;br \/&gt;&lt;br&gt;Haltestelle Diakon-Kerolt-Weg&lt;br \/&gt;&lt;br&gt;Richtung Waldperlach&lt;br \/&gt;&lt;br&gt;'));window.WPLeafletMapPlugin.markers.push( marker );\n        });<\/script>\n<script>\nwindow.WPLeafletMapPlugin = window.WPLeafletMapPlugin || [];\nwindow.WPLeafletMapPlugin.push(function WPLeafletMarkerShortcode() {\/*<script>*\/\nvar map = window.WPLeafletMapPlugin.getCurrentMap();\nvar group = window.WPLeafletMapPlugin.getCurrentGroup();\nvar marker_options = window.WPLeafletMapPlugin.getIconOptions({\"iconUrl\":\"https:\\\/\\\/utopia-muc.de\\\/wp-content\\\/uploads\\\/2017\\\/05\\\/bus.png\",\"iconSize\":\"32,32\"});\nvar marker = L.marker(\n    [48.1121771394,11.6175055504],\n    marker_options\n);\nvar is_image = map.is_image_map;\nif (marker_options.draggable) {\n    marker.on('dragend', function () {\n        var latlng = this.getLatLng();\n        var lat = latlng.lat;\n        var lng = latlng.lng;\n        if (is_image) {\n            console.log('leaflet-marker y=' + lat + ' x=' + lng);\n        } else {\n            console.log('leaflet-marker lat=' + lat + ' lng=' + lng);\n        }\n    });\n}\nmarker.addTo( group );\nmarker.bindPopup(window.WPLeafletMapPlugin.unescape('Metrobus 55, N45&lt;br \/&gt;&lt;br&gt;Haltestelle Diakon-Kerolt-Weg&lt;br \/&gt;&lt;br&gt;Richtung Ostbahnhof&lt;br \/&gt;&lt;br&gt;'));window.WPLeafletMapPlugin.markers.push( marker );\n        });<\/script>\n","protected":false},"excerpt":{"rendered":"<p>Metrobus 55, N45 Haltestelle Diakon-Kerolt-Weg<\/p>\n","protected":false},"author":1,"featured_media":0,"parent":120,"menu_order":0,"comment_status":"closed","ping_status":"closed","template":"page-templates\/full-width-utopia.php","meta":{"ngg_post_thumbnail":0,"footnotes":""},"class_list":["post-229","page","type-page","status-publish","hentry"],"yoast_head":"<!-- This site is optimized with the Yoast SEO plugin v25.3.1 - https:\/\/yoast.com\/wordpress\/plugins\/seo\/ -->\n<title>Anfahrt - Utopia Ramersdorf | Freizeitst\u00e4tte und Abenteuerspielplatz<\/title>\n<meta name=\"robots\" content=\"index, follow, max-snippet:-1, max-image-preview:large, max-video-preview:-1\" \/>\n<link rel=\"canonical\" href=\"https:\/\/utopia-muc.de\/index.php\/freizeitstaette\/anfahrt\/\" \/>\n<meta property=\"og:locale\" content=\"de_DE\" \/>\n<meta property=\"og:type\" content=\"article\" \/>\n<meta property=\"og:title\" content=\"Anfahrt - Utopia Ramersdorf | Freizeitst\u00e4tte und Abenteuerspielplatz\" \/>\n<meta property=\"og:description\" content=\"Metrobus 55, N45 Haltestelle Diakon-Kerolt-Weg\" \/>\n<meta property=\"og:url\" content=\"https:\/\/utopia-muc.de\/index.php\/freizeitstaette\/anfahrt\/\" \/>\n<meta property=\"og:site_name\" content=\"Utopia Ramersdorf | Freizeitst\u00e4tte und Abenteuerspielplatz\" \/>\n<meta property=\"article:publisher\" content=\"https:\/\/www.facebook.com\/UtopiaRamersdorf\" \/>\n<meta property=\"article:modified_time\" content=\"2019-03-07T14:58:56+00:00\" \/>\n<meta name=\"twitter:card\" content=\"summary_large_image\" \/>\n<script type=\"application\/ld+json\" class=\"yoast-schema-graph\">{\"@context\":\"https:\/\/schema.org\",\"@graph\":[{\"@type\":\"WebPage\",\"@id\":\"https:\/\/utopia-muc.de\/index.php\/freizeitstaette\/anfahrt\/\",\"url\":\"https:\/\/utopia-muc.de\/index.php\/freizeitstaette\/anfahrt\/\",\"name\":\"Anfahrt - Utopia Ramersdorf | Freizeitst\u00e4tte und Abenteuerspielplatz\",\"isPartOf\":{\"@id\":\"https:\/\/utopia-muc.de\/#website\"},\"datePublished\":\"2017-05-24T07:43:30+00:00\",\"dateModified\":\"2019-03-07T14:58:56+00:00\",\"breadcrumb\":{\"@id\":\"https:\/\/utopia-muc.de\/index.php\/freizeitstaette\/anfahrt\/#breadcrumb\"},\"inLanguage\":\"de\",\"potentialAction\":[{\"@type\":\"ReadAction\",\"target\":[\"https:\/\/utopia-muc.de\/index.php\/freizeitstaette\/anfahrt\/\"]}]},{\"@type\":\"BreadcrumbList\",\"@id\":\"https:\/\/utopia-muc.de\/index.php\/freizeitstaette\/anfahrt\/#breadcrumb\",\"itemListElement\":[{\"@type\":\"ListItem\",\"position\":1,\"name\":\"Startseite\",\"item\":\"https:\/\/utopia-muc.de\/\"},{\"@type\":\"ListItem\",\"position\":2,\"name\":\"Freizeitst\u00e4tte\",\"item\":\"https:\/\/utopia-muc.de\/index.php\/freizeitstaette\/\"},{\"@type\":\"ListItem\",\"position\":3,\"name\":\"Anfahrt\"}]},{\"@type\":\"WebSite\",\"@id\":\"https:\/\/utopia-muc.de\/#website\",\"url\":\"https:\/\/utopia-muc.de\/\",\"name\":\"Utopia Ramersdorf | Freizeitst\u00e4tte und Abenteuerspielplatz\",\"description\":\"Vorgestellt wird das Utopia Ramersdorf,  Freizeitst\u00e4tte und Abenteuerspielplatz in M\u00fcnchen-Ramersdorf\",\"potentialAction\":[{\"@type\":\"SearchAction\",\"target\":{\"@type\":\"EntryPoint\",\"urlTemplate\":\"https:\/\/utopia-muc.de\/?s={search_term_string}\"},\"query-input\":{\"@type\":\"PropertyValueSpecification\",\"valueRequired\":true,\"valueName\":\"search_term_string\"}}],\"inLanguage\":\"de\"}]}<\/script>\n<!-- \/ Yoast SEO plugin. -->","yoast_head_json":{"title":"Anfahrt - Utopia Ramersdorf | Freizeitst\u00e4tte und Abenteuerspielplatz","robots":{"index":"index","follow":"follow","max-snippet":"max-snippet:-1","max-image-preview":"max-image-preview:large","max-video-preview":"max-video-preview:-1"},"canonical":"https:\/\/utopia-muc.de\/index.php\/freizeitstaette\/anfahrt\/","og_locale":"de_DE","og_type":"article","og_title":"Anfahrt - Utopia Ramersdorf | Freizeitst\u00e4tte und Abenteuerspielplatz","og_description":"Metrobus 55, N45 Haltestelle Diakon-Kerolt-Weg","og_url":"https:\/\/utopia-muc.de\/index.php\/freizeitstaette\/anfahrt\/","og_site_name":"Utopia Ramersdorf | Freizeitst\u00e4tte und Abenteuerspielplatz","article_publisher":"https:\/\/www.facebook.com\/UtopiaRamersdorf","article_modified_time":"2019-03-07T14:58:56+00:00","twitter_card":"summary_large_image","schema":{"@context":"https:\/\/schema.org","@graph":[{"@type":"WebPage","@id":"https:\/\/utopia-muc.de\/index.php\/freizeitstaette\/anfahrt\/","url":"https:\/\/utopia-muc.de\/index.php\/freizeitstaette\/anfahrt\/","name":"Anfahrt - Utopia Ramersdorf | Freizeitst\u00e4tte und Abenteuerspielplatz","isPartOf":{"@id":"https:\/\/utopia-muc.de\/#website"},"datePublished":"2017-05-24T07:43:30+00:00","dateModified":"2019-03-07T14:58:56+00:00","breadcrumb":{"@id":"https:\/\/utopia-muc.de\/index.php\/freizeitstaette\/anfahrt\/#breadcrumb"},"inLanguage":"de","potentialAction":[{"@type":"ReadAction","target":["https:\/\/utopia-muc.de\/index.php\/freizeitstaette\/anfahrt\/"]}]},{"@type":"BreadcrumbList","@id":"https:\/\/utopia-muc.de\/index.php\/freizeitstaette\/anfahrt\/#breadcrumb","itemListElement":[{"@type":"ListItem","position":1,"name":"Startseite","item":"https:\/\/utopia-muc.de\/"},{"@type":"ListItem","position":2,"name":"Freizeitst\u00e4tte","item":"https:\/\/utopia-muc.de\/index.php\/freizeitstaette\/"},{"@type":"ListItem","position":3,"name":"Anfahrt"}]},{"@type":"WebSite","@id":"https:\/\/utopia-muc.de\/#website","url":"https:\/\/utopia-muc.de\/","name":"Utopia Ramersdorf | Freizeitst\u00e4tte und Abenteuerspielplatz","description":"Vorgestellt wird das Utopia Ramersdorf,  Freizeitst\u00e4tte und Abenteuerspielplatz in M\u00fcnchen-Ramersdorf","potentialAction":[{"@type":"SearchAction","target":{"@type":"EntryPoint","urlTemplate":"https:\/\/utopia-muc.de\/?s={search_term_string}"},"query-input":{"@type":"PropertyValueSpecification","valueRequired":true,"valueName":"search_term_string"}}],"inLanguage":"de"}]}},"featured_image_src":null,"featured_image_src_square":null,"_links":{"self":[{"href":"https:\/\/utopia-muc.de\/index.php\/wp-json\/wp\/v2\/pages\/229","targetHints":{"allow":["GET"]}}],"collection":[{"href":"https:\/\/utopia-muc.de\/index.php\/wp-json\/wp\/v2\/pages"}],"about":[{"href":"https:\/\/utopia-muc.de\/index.php\/wp-json\/wp\/v2\/types\/page"}],"author":[{"embeddable":true,"href":"https:\/\/utopia-muc.de\/index.php\/wp-json\/wp\/v2\/users\/1"}],"replies":[{"embeddable":true,"href":"https:\/\/utopia-muc.de\/index.php\/wp-json\/wp\/v2\/comments?post=229"}],"version-history":[{"count":27,"href":"https:\/\/utopia-muc.de\/index.php\/wp-json\/wp\/v2\/pages\/229\/revisions"}],"predecessor-version":[{"id":1338,"href":"https:\/\/utopia-muc.de\/index.php\/wp-json\/wp\/v2\/pages\/229\/revisions\/1338"}],"up":[{"embeddable":true,"href":"https:\/\/utopia-muc.de\/index.php\/wp-json\/wp\/v2\/pages\/120"}],"wp:attachment":[{"href":"https:\/\/utopia-muc.de\/index.php\/wp-json\/wp\/v2\/media?parent=229"}],"curies":[{"name":"wp","href":"https:\/\/api.w.org\/{rel}","templated":true}]}}