{"id":222,"date":"2017-05-23T23:03:11","date_gmt":"2017-05-23T21:03:11","guid":{"rendered":"http:\/\/utopia-muc.de\/?page_id=222"},"modified":"2019-03-28T12:31:39","modified_gmt":"2019-03-28T11:31:39","slug":"team-freizeitstaette","status":"publish","type":"page","link":"https:\/\/utopia-muc.de\/index.php\/freizeitstaette\/team-freizeitstaette\/","title":{"rendered":"Team Freizeitst\u00e4tte"},"content":{"rendered":"\n<p>Wir sind das Team von der Utopia Freizeitst\u00e4tte<\/p>\n","protected":false},"excerpt":{"rendered":"<p>Wir sind das Team von der Utopia Freizeitst\u00e4tte<\/p>\n","protected":false},"author":4,"featured_media":0,"parent":120,"menu_order":0,"comment_status":"closed","ping_status":"closed","template":"page-templates\/full-width-utopia.php","meta":{"ngg_post_thumbnail":0,"footnotes":""},"class_list":["post-222","page","type-page","status-publish","hentry"],"yoast_head":"<!-- This site is optimized with the Yoast SEO plugin v25.3.1 - https:\/\/yoast.com\/wordpress\/plugins\/seo\/ -->\n<title>Team Freizeitst\u00e4tte - Utopia Ramersdorf | Freizeitst\u00e4tte und Abenteuerspielplatz<\/title>\n<meta name=\"robots\" content=\"index, follow, max-snippet:-1, max-image-preview:large, max-video-preview:-1\" \/>\n<link rel=\"canonical\" href=\"https:\/\/utopia-muc.de\/index.php\/freizeitstaette\/team-freizeitstaette\/\" \/>\n<meta property=\"og:locale\" content=\"de_DE\" \/>\n<meta property=\"og:type\" content=\"article\" \/>\n<meta property=\"og:title\" content=\"Team Freizeitst\u00e4tte - Utopia Ramersdorf | Freizeitst\u00e4tte und Abenteuerspielplatz\" \/>\n<meta property=\"og:description\" content=\"Wir sind das Team von der Utopia Freizeitst\u00e4tte\" \/>\n<meta property=\"og:url\" content=\"https:\/\/utopia-muc.de\/index.php\/freizeitstaette\/team-freizeitstaette\/\" \/>\n<meta property=\"og:site_name\" content=\"Utopia Ramersdorf | Freizeitst\u00e4tte und Abenteuerspielplatz\" \/>\n<meta property=\"article:publisher\" content=\"https:\/\/www.facebook.com\/UtopiaRamersdorf\" \/>\n<meta property=\"article:modified_time\" content=\"2019-03-28T11:31:39+00:00\" \/>\n<meta name=\"twitter:card\" content=\"summary_large_image\" \/>\n<script type=\"application\/ld+json\" class=\"yoast-schema-graph\">{\"@context\":\"https:\/\/schema.org\",\"@graph\":[{\"@type\":\"WebPage\",\"@id\":\"https:\/\/utopia-muc.de\/index.php\/freizeitstaette\/team-freizeitstaette\/\",\"url\":\"https:\/\/utopia-muc.de\/index.php\/freizeitstaette\/team-freizeitstaette\/\",\"name\":\"Team Freizeitst\u00e4tte - Utopia Ramersdorf | Freizeitst\u00e4tte und Abenteuerspielplatz\",\"isPartOf\":{\"@id\":\"https:\/\/utopia-muc.de\/#website\"},\"datePublished\":\"2017-05-23T21:03:11+00:00\",\"dateModified\":\"2019-03-28T11:31:39+00:00\",\"breadcrumb\":{\"@id\":\"https:\/\/utopia-muc.de\/index.php\/freizeitstaette\/team-freizeitstaette\/#breadcrumb\"},\"inLanguage\":\"de\",\"potentialAction\":[{\"@type\":\"ReadAction\",\"target\":[\"https:\/\/utopia-muc.de\/index.php\/freizeitstaette\/team-freizeitstaette\/\"]}]},{\"@type\":\"BreadcrumbList\",\"@id\":\"https:\/\/utopia-muc.de\/index.php\/freizeitstaette\/team-freizeitstaette\/#breadcrumb\",\"itemListElement\":[{\"@type\":\"ListItem\",\"position\":1,\"name\":\"Startseite\",\"item\":\"https:\/\/utopia-muc.de\/\"},{\"@type\":\"ListItem\",\"position\":2,\"name\":\"Freizeitst\u00e4tte\",\"item\":\"https:\/\/utopia-muc.de\/index.php\/freizeitstaette\/\"},{\"@type\":\"ListItem\",\"position\":3,\"name\":\"Team Freizeitst\u00e4tte\"}]},{\"@type\":\"WebSite\",\"@id\":\"https:\/\/utopia-muc.de\/#website\",\"url\":\"https:\/\/utopia-muc.de\/\",\"name\":\"Utopia Ramersdorf | Freizeitst\u00e4tte und Abenteuerspielplatz\",\"description\":\"Vorgestellt wird das Utopia Ramersdorf,  Freizeitst\u00e4tte und Abenteuerspielplatz in M\u00fcnchen-Ramersdorf\",\"potentialAction\":[{\"@type\":\"SearchAction\",\"target\":{\"@type\":\"EntryPoint\",\"urlTemplate\":\"https:\/\/utopia-muc.de\/?s={search_term_string}\"},\"query-input\":{\"@type\":\"PropertyValueSpecification\",\"valueRequired\":true,\"valueName\":\"search_term_string\"}}],\"inLanguage\":\"de\"}]}<\/script>\n<!-- \/ Yoast SEO plugin. -->","yoast_head_json":{"title":"Team Freizeitst\u00e4tte - Utopia Ramersdorf | Freizeitst\u00e4tte und Abenteuerspielplatz","robots":{"index":"index","follow":"follow","max-snippet":"max-snippet:-1","max-image-preview":"max-image-preview:large","max-video-preview":"max-video-preview:-1"},"canonical":"https:\/\/utopia-muc.de\/index.php\/freizeitstaette\/team-freizeitstaette\/","og_locale":"de_DE","og_type":"article","og_title":"Team Freizeitst\u00e4tte - Utopia Ramersdorf | Freizeitst\u00e4tte und Abenteuerspielplatz","og_description":"Wir sind das Team von der Utopia Freizeitst\u00e4tte","og_url":"https:\/\/utopia-muc.de\/index.php\/freizeitstaette\/team-freizeitstaette\/","og_site_name":"Utopia Ramersdorf | Freizeitst\u00e4tte und Abenteuerspielplatz","article_publisher":"https:\/\/www.facebook.com\/UtopiaRamersdorf","article_modified_time":"2019-03-28T11:31:39+00:00","twitter_card":"summary_large_image","schema":{"@context":"https:\/\/schema.org","@graph":[{"@type":"WebPage","@id":"https:\/\/utopia-muc.de\/index.php\/freizeitstaette\/team-freizeitstaette\/","url":"https:\/\/utopia-muc.de\/index.php\/freizeitstaette\/team-freizeitstaette\/","name":"Team Freizeitst\u00e4tte - Utopia Ramersdorf | Freizeitst\u00e4tte und Abenteuerspielplatz","isPartOf":{"@id":"https:\/\/utopia-muc.de\/#website"},"datePublished":"2017-05-23T21:03:11+00:00","dateModified":"2019-03-28T11:31:39+00:00","breadcrumb":{"@id":"https:\/\/utopia-muc.de\/index.php\/freizeitstaette\/team-freizeitstaette\/#breadcrumb"},"inLanguage":"de","potentialAction":[{"@type":"ReadAction","target":["https:\/\/utopia-muc.de\/index.php\/freizeitstaette\/team-freizeitstaette\/"]}]},{"@type":"BreadcrumbList","@id":"https:\/\/utopia-muc.de\/index.php\/freizeitstaette\/team-freizeitstaette\/#breadcrumb","itemListElement":[{"@type":"ListItem","position":1,"name":"Startseite","item":"https:\/\/utopia-muc.de\/"},{"@type":"ListItem","position":2,"name":"Freizeitst\u00e4tte","item":"https:\/\/utopia-muc.de\/index.php\/freizeitstaette\/"},{"@type":"ListItem","position":3,"name":"Team Freizeitst\u00e4tte"}]},{"@type":"WebSite","@id":"https:\/\/utopia-muc.de\/#website","url":"https:\/\/utopia-muc.de\/","name":"Utopia Ramersdorf | Freizeitst\u00e4tte und Abenteuerspielplatz","description":"Vorgestellt wird das Utopia Ramersdorf,  Freizeitst\u00e4tte und Abenteuerspielplatz in M\u00fcnchen-Ramersdorf","potentialAction":[{"@type":"SearchAction","target":{"@type":"EntryPoint","urlTemplate":"https:\/\/utopia-muc.de\/?s={search_term_string}"},"query-input":{"@type":"PropertyValueSpecification","valueRequired":true,"valueName":"search_term_string"}}],"inLanguage":"de"}]}},"featured_image_src":null,"featured_image_src_square":null,"_links":{"self":[{"href":"https:\/\/utopia-muc.de\/index.php\/wp-json\/wp\/v2\/pages\/222","targetHints":{"allow":["GET"]}}],"collection":[{"href":"https:\/\/utopia-muc.de\/index.php\/wp-json\/wp\/v2\/pages"}],"about":[{"href":"https:\/\/utopia-muc.de\/index.php\/wp-json\/wp\/v2\/types\/page"}],"author":[{"embeddable":true,"href":"https:\/\/utopia-muc.de\/index.php\/wp-json\/wp\/v2\/users\/4"}],"replies":[{"embeddable":true,"href":"https:\/\/utopia-muc.de\/index.php\/wp-json\/wp\/v2\/comments?post=222"}],"version-history":[{"count":3,"href":"https:\/\/utopia-muc.de\/index.php\/wp-json\/wp\/v2\/pages\/222\/revisions"}],"predecessor-version":[{"id":1397,"href":"https:\/\/utopia-muc.de\/index.php\/wp-json\/wp\/v2\/pages\/222\/revisions\/1397"}],"up":[{"embeddable":true,"href":"https:\/\/utopia-muc.de\/index.php\/wp-json\/wp\/v2\/pages\/120"}],"wp:attachment":[{"href":"https:\/\/utopia-muc.de\/index.php\/wp-json\/wp\/v2\/media?parent=222"}],"curies":[{"name":"wp","href":"https:\/\/api.w.org\/{rel}","templated":true}]}}