{"id":152,"date":"2017-04-25T20:17:33","date_gmt":"2017-04-25T18:17:33","guid":{"rendered":"http:\/\/utopia-muc.de\/?page_id=152"},"modified":"2024-07-16T12:40:32","modified_gmt":"2024-07-16T10:40:32","slug":"impressum","status":"publish","type":"page","link":"https:\/\/utopia-muc.de\/index.php\/impressum\/","title":{"rendered":"Impressum"},"content":{"rendered":"<p>Ein Webangebot von<\/p>\n<p><strong>Utopia Ramersdorf |Freizeitst\u00e4tte und Abenteuerspielplatz<\/strong><\/p>\n<p>Ottobrunner Stra\u00dfe 10<br \/>\n81737 M\u00fcnchen<\/p>\n<p>Tel. 089\/680 65 17<\/p>\n<p>eMail: <a href=\"mailto:mail@utopia-muc.de\">mail(at)utopia-muc.de<\/a><\/p>\n<p>Das Utopia Ramersdorf ist eine st\u00e4dtische Freizeitst\u00e4tte und ein Abenteuerspielplatz in Tr\u00e4gerschaft des Falkenfreizeitst\u00e4ttenverein e.V. (FFV).<br \/>\nDer Verein ist gemeinn\u00fctzig und anerkannter Tr\u00e4ger der offenen Kinder- und Jugendarbeit. Er wird gef\u00f6rdert von der Landeshauptstadt M\u00fcnchen, Sozialreferat.<\/p>\n<p><strong>Haftungsausschluss<\/strong><\/p>\n<p>Trotz sorgf\u00e4ltiger inhaltlicher Kontrolle \u00fcbernehmen wir keine Haftung f\u00fcr die Inhalte externer Links. F\u00fcr den Inhalt der verlinkten Seiten sind ausschlie\u00dflich deren BetreiberInnen verantwortlich.<\/p>\n<p><strong><br \/>\nDatenschutzerkl\u00e4rung<\/strong><\/p>\n<p>Wir haben technische und organisatorische Ma\u00dfnahmen getroffen, die sicherstellen, dass die Vorschriften \u00fcber den Datenschutz sowohl von uns als auch von externen Dienstleistern beachtet werden.<\/p>\n<p>Unser online-Angebot enth\u00e4lt Links zu anderen Websites. Wir haben keinen Einfluss darauf, dass deren BetreiberInnen die Datenschutzbestimmungen einhalten.<\/p>\n<p>Die von uns gespeicherten Daten werden ausschlie\u00dflich zu Zwecken unserer Kinder- und Jugendarbeit gespeichert oder ausschlie\u00dflich zu statistischen Zwecken ausgewertet und auf keinen Fall an Dritte zu sonstigen Zwecken weitergeleitet.<\/p>\n<p><strong><br \/>\nGestaltung und technische Umsetzung<\/strong><\/p>\n<p><a href=\"http:\/\/home.mnet-online.de\/felix-amode\/\" target=\"_blank\" rel=\"noopener\">Felix Amode, M\u00fcnchen<\/a><\/p>\n","protected":false},"excerpt":{"rendered":"<p>Ein Webangebot von Utopia Ramersdorf |Freizeitst\u00e4tte und Abenteuerspielplatz Ottobrunner Stra\u00dfe 10 81737 M\u00fcnchen Tel. 089\/680 65 17 eMail: mail(at)utopia-muc.de Das Utopia Ramersdorf ist eine st\u00e4dtische Freizeitst\u00e4tte und ein Abenteuerspielplatz in Tr\u00e4gerschaft des Falkenfreizeitst\u00e4ttenverein e.V. (FFV). Der Verein ist gemeinn\u00fctzig und anerkannter Tr\u00e4ger der offenen Kinder- und Jugendarbeit. Er wird gef\u00f6rdert von der Landeshauptstadt M\u00fcnchen, Sozialreferat. Haftungsausschluss Trotz sorgf\u00e4ltiger inhaltlicher Kontrolle \u00fcbernehmen wir keine Haftung f\u00fcr &hellip; <a href=\"https:\/\/utopia-muc.de\/index.php\/impressum\/\" class=\"more-link\">Continue reading <span class=\"screen-reader-text\">Impressum<\/span> <span class=\"meta-nav\">&raquo;<\/span><\/a><\/p>\n","protected":false},"author":1,"featured_media":0,"parent":0,"menu_order":0,"comment_status":"closed","ping_status":"closed","template":"page-templates\/full-width-utopia.php","meta":{"ngg_post_thumbnail":0,"footnotes":""},"class_list":["post-152","page","type-page","status-publish","hentry"],"yoast_head":"<!-- This site is optimized with the Yoast SEO plugin v25.3.1 - https:\/\/yoast.com\/wordpress\/plugins\/seo\/ -->\n<title>Impressum - Utopia Ramersdorf | Freizeitst\u00e4tte und Abenteuerspielplatz<\/title>\n<meta name=\"robots\" content=\"index, follow, max-snippet:-1, max-image-preview:large, max-video-preview:-1\" \/>\n<link rel=\"canonical\" href=\"https:\/\/utopia-muc.de\/index.php\/impressum\/\" \/>\n<meta property=\"og:locale\" content=\"de_DE\" \/>\n<meta property=\"og:type\" content=\"article\" \/>\n<meta property=\"og:title\" content=\"Impressum - Utopia Ramersdorf | Freizeitst\u00e4tte und Abenteuerspielplatz\" \/>\n<meta property=\"og:description\" content=\"Ein Webangebot von Utopia Ramersdorf |Freizeitst\u00e4tte und Abenteuerspielplatz Ottobrunner Stra\u00dfe 10 81737 M\u00fcnchen Tel. 089\/680 65 17 eMail: mail(at)utopia-muc.de Das Utopia Ramersdorf ist eine st\u00e4dtische Freizeitst\u00e4tte und ein Abenteuerspielplatz in Tr\u00e4gerschaft des Falkenfreizeitst\u00e4ttenverein e.V. (FFV). Der Verein ist gemeinn\u00fctzig und anerkannter Tr\u00e4ger der offenen Kinder- und Jugendarbeit. Er wird gef\u00f6rdert von der Landeshauptstadt M\u00fcnchen, Sozialreferat. Haftungsausschluss Trotz sorgf\u00e4ltiger inhaltlicher Kontrolle \u00fcbernehmen wir keine Haftung f\u00fcr &hellip; Continue reading Impressum &raquo;\" \/>\n<meta property=\"og:url\" content=\"https:\/\/utopia-muc.de\/index.php\/impressum\/\" \/>\n<meta property=\"og:site_name\" content=\"Utopia Ramersdorf | Freizeitst\u00e4tte und Abenteuerspielplatz\" \/>\n<meta property=\"article:publisher\" content=\"https:\/\/www.facebook.com\/UtopiaRamersdorf\" \/>\n<meta property=\"article:modified_time\" content=\"2024-07-16T10:40:32+00:00\" \/>\n<meta name=\"twitter:card\" content=\"summary_large_image\" \/>\n<meta name=\"twitter:label1\" content=\"Gesch\u00e4tzte Lesezeit\" \/>\n\t<meta name=\"twitter:data1\" content=\"1\u00a0Minute\" \/>\n<script type=\"application\/ld+json\" class=\"yoast-schema-graph\">{\"@context\":\"https:\/\/schema.org\",\"@graph\":[{\"@type\":\"WebPage\",\"@id\":\"https:\/\/utopia-muc.de\/index.php\/impressum\/\",\"url\":\"https:\/\/utopia-muc.de\/index.php\/impressum\/\",\"name\":\"Impressum - Utopia Ramersdorf | Freizeitst\u00e4tte und Abenteuerspielplatz\",\"isPartOf\":{\"@id\":\"https:\/\/utopia-muc.de\/#website\"},\"datePublished\":\"2017-04-25T18:17:33+00:00\",\"dateModified\":\"2024-07-16T10:40:32+00:00\",\"breadcrumb\":{\"@id\":\"https:\/\/utopia-muc.de\/index.php\/impressum\/#breadcrumb\"},\"inLanguage\":\"de\",\"potentialAction\":[{\"@type\":\"ReadAction\",\"target\":[\"https:\/\/utopia-muc.de\/index.php\/impressum\/\"]}]},{\"@type\":\"BreadcrumbList\",\"@id\":\"https:\/\/utopia-muc.de\/index.php\/impressum\/#breadcrumb\",\"itemListElement\":[{\"@type\":\"ListItem\",\"position\":1,\"name\":\"Startseite\",\"item\":\"https:\/\/utopia-muc.de\/\"},{\"@type\":\"ListItem\",\"position\":2,\"name\":\"Impressum\"}]},{\"@type\":\"WebSite\",\"@id\":\"https:\/\/utopia-muc.de\/#website\",\"url\":\"https:\/\/utopia-muc.de\/\",\"name\":\"Utopia Ramersdorf | Freizeitst\u00e4tte und Abenteuerspielplatz\",\"description\":\"Vorgestellt wird das Utopia Ramersdorf,  Freizeitst\u00e4tte und Abenteuerspielplatz in M\u00fcnchen-Ramersdorf\",\"potentialAction\":[{\"@type\":\"SearchAction\",\"target\":{\"@type\":\"EntryPoint\",\"urlTemplate\":\"https:\/\/utopia-muc.de\/?s={search_term_string}\"},\"query-input\":{\"@type\":\"PropertyValueSpecification\",\"valueRequired\":true,\"valueName\":\"search_term_string\"}}],\"inLanguage\":\"de\"}]}<\/script>\n<!-- \/ Yoast SEO plugin. -->","yoast_head_json":{"title":"Impressum - Utopia Ramersdorf | Freizeitst\u00e4tte und Abenteuerspielplatz","robots":{"index":"index","follow":"follow","max-snippet":"max-snippet:-1","max-image-preview":"max-image-preview:large","max-video-preview":"max-video-preview:-1"},"canonical":"https:\/\/utopia-muc.de\/index.php\/impressum\/","og_locale":"de_DE","og_type":"article","og_title":"Impressum - Utopia Ramersdorf | Freizeitst\u00e4tte und Abenteuerspielplatz","og_description":"Ein Webangebot von Utopia Ramersdorf |Freizeitst\u00e4tte und Abenteuerspielplatz Ottobrunner Stra\u00dfe 10 81737 M\u00fcnchen Tel. 089\/680 65 17 eMail: mail(at)utopia-muc.de Das Utopia Ramersdorf ist eine st\u00e4dtische Freizeitst\u00e4tte und ein Abenteuerspielplatz in Tr\u00e4gerschaft des Falkenfreizeitst\u00e4ttenverein e.V. (FFV). Der Verein ist gemeinn\u00fctzig und anerkannter Tr\u00e4ger der offenen Kinder- und Jugendarbeit. Er wird gef\u00f6rdert von der Landeshauptstadt M\u00fcnchen, Sozialreferat. Haftungsausschluss Trotz sorgf\u00e4ltiger inhaltlicher Kontrolle \u00fcbernehmen wir keine Haftung f\u00fcr &hellip; Continue reading Impressum &raquo;","og_url":"https:\/\/utopia-muc.de\/index.php\/impressum\/","og_site_name":"Utopia Ramersdorf | Freizeitst\u00e4tte und Abenteuerspielplatz","article_publisher":"https:\/\/www.facebook.com\/UtopiaRamersdorf","article_modified_time":"2024-07-16T10:40:32+00:00","twitter_card":"summary_large_image","twitter_misc":{"Gesch\u00e4tzte Lesezeit":"1\u00a0Minute"},"schema":{"@context":"https:\/\/schema.org","@graph":[{"@type":"WebPage","@id":"https:\/\/utopia-muc.de\/index.php\/impressum\/","url":"https:\/\/utopia-muc.de\/index.php\/impressum\/","name":"Impressum - Utopia Ramersdorf | Freizeitst\u00e4tte und Abenteuerspielplatz","isPartOf":{"@id":"https:\/\/utopia-muc.de\/#website"},"datePublished":"2017-04-25T18:17:33+00:00","dateModified":"2024-07-16T10:40:32+00:00","breadcrumb":{"@id":"https:\/\/utopia-muc.de\/index.php\/impressum\/#breadcrumb"},"inLanguage":"de","potentialAction":[{"@type":"ReadAction","target":["https:\/\/utopia-muc.de\/index.php\/impressum\/"]}]},{"@type":"BreadcrumbList","@id":"https:\/\/utopia-muc.de\/index.php\/impressum\/#breadcrumb","itemListElement":[{"@type":"ListItem","position":1,"name":"Startseite","item":"https:\/\/utopia-muc.de\/"},{"@type":"ListItem","position":2,"name":"Impressum"}]},{"@type":"WebSite","@id":"https:\/\/utopia-muc.de\/#website","url":"https:\/\/utopia-muc.de\/","name":"Utopia Ramersdorf | Freizeitst\u00e4tte und Abenteuerspielplatz","description":"Vorgestellt wird das Utopia Ramersdorf,  Freizeitst\u00e4tte und Abenteuerspielplatz in M\u00fcnchen-Ramersdorf","potentialAction":[{"@type":"SearchAction","target":{"@type":"EntryPoint","urlTemplate":"https:\/\/utopia-muc.de\/?s={search_term_string}"},"query-input":{"@type":"PropertyValueSpecification","valueRequired":true,"valueName":"search_term_string"}}],"inLanguage":"de"}]}},"featured_image_src":null,"featured_image_src_square":null,"_links":{"self":[{"href":"https:\/\/utopia-muc.de\/index.php\/wp-json\/wp\/v2\/pages\/152","targetHints":{"allow":["GET"]}}],"collection":[{"href":"https:\/\/utopia-muc.de\/index.php\/wp-json\/wp\/v2\/pages"}],"about":[{"href":"https:\/\/utopia-muc.de\/index.php\/wp-json\/wp\/v2\/types\/page"}],"author":[{"embeddable":true,"href":"https:\/\/utopia-muc.de\/index.php\/wp-json\/wp\/v2\/users\/1"}],"replies":[{"embeddable":true,"href":"https:\/\/utopia-muc.de\/index.php\/wp-json\/wp\/v2\/comments?post=152"}],"version-history":[{"count":13,"href":"https:\/\/utopia-muc.de\/index.php\/wp-json\/wp\/v2\/pages\/152\/revisions"}],"predecessor-version":[{"id":3908,"href":"https:\/\/utopia-muc.de\/index.php\/wp-json\/wp\/v2\/pages\/152\/revisions\/3908"}],"wp:attachment":[{"href":"https:\/\/utopia-muc.de\/index.php\/wp-json\/wp\/v2\/media?parent=152"}],"curies":[{"name":"wp","href":"https:\/\/api.w.org\/{rel}","templated":true}]}}