{"id":1310,"date":"2019-01-20T20:49:37","date_gmt":"2019-01-20T19:49:37","guid":{"rendered":"http:\/\/utopia-muc.de\/?page_id=1310"},"modified":"2022-05-19T14:13:43","modified_gmt":"2022-05-19T12:13:43","slug":"ferienprogramm","status":"publish","type":"page","link":"https:\/\/utopia-muc.de\/index.php\/abenteuerspielplatz\/unsere-angebote\/ferienprogramm\/","title":{"rendered":"Ferienprogramm"},"content":{"rendered":"\n<h5 class=\"wp-block-heading\"><strong>Ferien\u00f6ffnungszeiten und genaue Beschreibungen finden ihr immer im aktuellen<\/strong> <a href=\"https:\/\/utopia-muc.de\/index.php\/abenteuerspielplatz\/programm\/\">Programm<\/a>.<\/h5>\n\n\n\n<p><\/p>\n\n\n\n<p><strong>Faschingsferien:<\/strong><br>Am Rosenmontag findet unser traditioneller Ramersdorfer Kinderfasching statt.<br>Am Faschingsdienstag ist der Abenteuerspielplatz(ASP) geschlossen!<\/p>\n\n\n\n<p><strong>Osterferien:<br><\/strong>Es gibt ein tolles Ferienangebot mit Spielen, Werken, Toben, Basteln und Bauen!<br>Wir kochen t\u00e4glich und essen gemeinsam.<\/p>\n\n\n\n<p><strong>Pfingstferien:<br><\/strong>Der Abenteuerspielplatz verwandelt sich in eine kleine Stadt mit Stadtverwaltung, Arbeitspl\u00e4tzen, B\u00fcrger*innenversammlung und vielem mehr.<\/p>\n\n\n\n<p>In den verschiedenen Werkst\u00e4tten kannst du unser Spielgeld &#8211; den \u201eUtopi\u201c &#8211; verdienen und dir damit z.B. t\u00e4glich dein Mittagessen oder Kunstgegenst\u00e4nde kaufen.<\/p>\n\n\n\n<p>In der B\u00fcrgerversammlung kannst du die Spielstadt mitgestalten und am letzten Tag in jeder Woche gibt es einen bunten Jahrmarkt.<\/p>\n\n\n\n<p><strong>Sommerferien:<br><\/strong>Unsere Sommerferien auf dem Abenteuerspielplatz\u00ad-Utopia mit Wasserrutsche, Eis, Spa\u00df, Bauen, Spielen, Malen, Toben, Fu\u00dfball, H\u00e4ngematte, Basteln, Natur, Experimente, Kreativwochen und vielem vielem mehr worauf ihr und wir Lust haben.<\/p>\n\n\n\n<p><strong>Herbstferien:<\/strong><br>Es gibt ein tolles Ferienangebot mit Spielen, Werken, Toben, Basteln und Bauen!<br>Es wird t\u00e4glich gemeinsam gekocht und gegessen.<\/p>\n\n\n\n<p><strong>Weihnachtsferien:<\/strong><br>Der ASP h\u00e4lt Winterschlaf und bleibt deshalb geschlossen.<\/p>\n","protected":false},"excerpt":{"rendered":"<p>Ferien\u00f6ffnungszeiten und genaue Beschreibungen finden ihr immer im aktuellen Programm. Faschingsferien:Am Rosenmontag findet unser traditioneller Ramersdorfer Kinderfasching statt.Am Faschingsdienstag ist der Abenteuerspielplatz(ASP) geschlossen! Osterferien:Es gibt ein tolles Ferienangebot mit Spielen, Werken, Toben, Basteln und Bauen!Wir kochen t\u00e4glich und essen gemeinsam. Pfingstferien:Der Abenteuerspielplatz verwandelt sich in eine kleine Stadt mit Stadtverwaltung, Arbeitspl\u00e4tzen, B\u00fcrger*innenversammlung und vielem mehr. In den verschiedenen Werkst\u00e4tten kannst du unser Spielgeld &#8211; den &hellip; <a href=\"https:\/\/utopia-muc.de\/index.php\/abenteuerspielplatz\/unsere-angebote\/ferienprogramm\/\" class=\"more-link\">Continue reading <span class=\"screen-reader-text\">Ferienprogramm<\/span> <span class=\"meta-nav\">&raquo;<\/span><\/a><\/p>\n","protected":false},"author":4,"featured_media":0,"parent":139,"menu_order":0,"comment_status":"closed","ping_status":"closed","template":"page-templates\/full-width-utopia.php","meta":{"ngg_post_thumbnail":0,"footnotes":""},"class_list":["post-1310","page","type-page","status-publish","hentry"],"yoast_head":"<!-- This site is optimized with the Yoast SEO plugin v25.3.1 - https:\/\/yoast.com\/wordpress\/plugins\/seo\/ -->\n<title>Ferienprogramm - Utopia Ramersdorf | Freizeitst\u00e4tte und Abenteuerspielplatz<\/title>\n<meta name=\"robots\" content=\"index, follow, max-snippet:-1, max-image-preview:large, max-video-preview:-1\" \/>\n<link rel=\"canonical\" href=\"https:\/\/utopia-muc.de\/index.php\/abenteuerspielplatz\/unsere-angebote\/ferienprogramm\/\" \/>\n<meta property=\"og:locale\" content=\"de_DE\" \/>\n<meta property=\"og:type\" content=\"article\" \/>\n<meta property=\"og:title\" content=\"Ferienprogramm - Utopia Ramersdorf | Freizeitst\u00e4tte und Abenteuerspielplatz\" \/>\n<meta property=\"og:description\" content=\"Ferien\u00f6ffnungszeiten und genaue Beschreibungen finden ihr immer im aktuellen Programm. Faschingsferien:Am Rosenmontag findet unser traditioneller Ramersdorfer Kinderfasching statt.Am Faschingsdienstag ist der Abenteuerspielplatz(ASP) geschlossen! Osterferien:Es gibt ein tolles Ferienangebot mit Spielen, Werken, Toben, Basteln und Bauen!Wir kochen t\u00e4glich und essen gemeinsam. Pfingstferien:Der Abenteuerspielplatz verwandelt sich in eine kleine Stadt mit Stadtverwaltung, Arbeitspl\u00e4tzen, B\u00fcrger*innenversammlung und vielem mehr. In den verschiedenen Werkst\u00e4tten kannst du unser Spielgeld &#8211; den &hellip; Continue reading Ferienprogramm &raquo;\" \/>\n<meta property=\"og:url\" content=\"https:\/\/utopia-muc.de\/index.php\/abenteuerspielplatz\/unsere-angebote\/ferienprogramm\/\" \/>\n<meta property=\"og:site_name\" content=\"Utopia Ramersdorf | Freizeitst\u00e4tte und Abenteuerspielplatz\" \/>\n<meta property=\"article:publisher\" content=\"https:\/\/www.facebook.com\/UtopiaRamersdorf\" \/>\n<meta property=\"article:modified_time\" content=\"2022-05-19T12:13:43+00:00\" \/>\n<meta name=\"twitter:card\" content=\"summary_large_image\" \/>\n<meta name=\"twitter:label1\" content=\"Gesch\u00e4tzte Lesezeit\" \/>\n\t<meta name=\"twitter:data1\" content=\"1\u00a0Minute\" \/>\n<script type=\"application\/ld+json\" class=\"yoast-schema-graph\">{\"@context\":\"https:\/\/schema.org\",\"@graph\":[{\"@type\":\"WebPage\",\"@id\":\"https:\/\/utopia-muc.de\/index.php\/abenteuerspielplatz\/unsere-angebote\/ferienprogramm\/\",\"url\":\"https:\/\/utopia-muc.de\/index.php\/abenteuerspielplatz\/unsere-angebote\/ferienprogramm\/\",\"name\":\"Ferienprogramm - Utopia Ramersdorf | Freizeitst\u00e4tte und Abenteuerspielplatz\",\"isPartOf\":{\"@id\":\"https:\/\/utopia-muc.de\/#website\"},\"datePublished\":\"2019-01-20T19:49:37+00:00\",\"dateModified\":\"2022-05-19T12:13:43+00:00\",\"breadcrumb\":{\"@id\":\"https:\/\/utopia-muc.de\/index.php\/abenteuerspielplatz\/unsere-angebote\/ferienprogramm\/#breadcrumb\"},\"inLanguage\":\"de\",\"potentialAction\":[{\"@type\":\"ReadAction\",\"target\":[\"https:\/\/utopia-muc.de\/index.php\/abenteuerspielplatz\/unsere-angebote\/ferienprogramm\/\"]}]},{\"@type\":\"BreadcrumbList\",\"@id\":\"https:\/\/utopia-muc.de\/index.php\/abenteuerspielplatz\/unsere-angebote\/ferienprogramm\/#breadcrumb\",\"itemListElement\":[{\"@type\":\"ListItem\",\"position\":1,\"name\":\"Startseite\",\"item\":\"https:\/\/utopia-muc.de\/\"},{\"@type\":\"ListItem\",\"position\":2,\"name\":\"Unser Abenteuerspielplatz\",\"item\":\"https:\/\/utopia-muc.de\/index.php\/abenteuerspielplatz\/\"},{\"@type\":\"ListItem\",\"position\":3,\"name\":\"Unsere Angebote\",\"item\":\"https:\/\/utopia-muc.de\/index.php\/abenteuerspielplatz\/unsere-angebote\/\"},{\"@type\":\"ListItem\",\"position\":4,\"name\":\"Ferienprogramm\"}]},{\"@type\":\"WebSite\",\"@id\":\"https:\/\/utopia-muc.de\/#website\",\"url\":\"https:\/\/utopia-muc.de\/\",\"name\":\"Utopia Ramersdorf | Freizeitst\u00e4tte und Abenteuerspielplatz\",\"description\":\"Vorgestellt wird das Utopia Ramersdorf,  Freizeitst\u00e4tte und Abenteuerspielplatz in M\u00fcnchen-Ramersdorf\",\"potentialAction\":[{\"@type\":\"SearchAction\",\"target\":{\"@type\":\"EntryPoint\",\"urlTemplate\":\"https:\/\/utopia-muc.de\/?s={search_term_string}\"},\"query-input\":{\"@type\":\"PropertyValueSpecification\",\"valueRequired\":true,\"valueName\":\"search_term_string\"}}],\"inLanguage\":\"de\"}]}<\/script>\n<!-- \/ Yoast SEO plugin. -->","yoast_head_json":{"title":"Ferienprogramm - Utopia Ramersdorf | Freizeitst\u00e4tte und Abenteuerspielplatz","robots":{"index":"index","follow":"follow","max-snippet":"max-snippet:-1","max-image-preview":"max-image-preview:large","max-video-preview":"max-video-preview:-1"},"canonical":"https:\/\/utopia-muc.de\/index.php\/abenteuerspielplatz\/unsere-angebote\/ferienprogramm\/","og_locale":"de_DE","og_type":"article","og_title":"Ferienprogramm - Utopia Ramersdorf | Freizeitst\u00e4tte und Abenteuerspielplatz","og_description":"Ferien\u00f6ffnungszeiten und genaue Beschreibungen finden ihr immer im aktuellen Programm. Faschingsferien:Am Rosenmontag findet unser traditioneller Ramersdorfer Kinderfasching statt.Am Faschingsdienstag ist der Abenteuerspielplatz(ASP) geschlossen! Osterferien:Es gibt ein tolles Ferienangebot mit Spielen, Werken, Toben, Basteln und Bauen!Wir kochen t\u00e4glich und essen gemeinsam. Pfingstferien:Der Abenteuerspielplatz verwandelt sich in eine kleine Stadt mit Stadtverwaltung, Arbeitspl\u00e4tzen, B\u00fcrger*innenversammlung und vielem mehr. In den verschiedenen Werkst\u00e4tten kannst du unser Spielgeld &#8211; den &hellip; Continue reading Ferienprogramm &raquo;","og_url":"https:\/\/utopia-muc.de\/index.php\/abenteuerspielplatz\/unsere-angebote\/ferienprogramm\/","og_site_name":"Utopia Ramersdorf | Freizeitst\u00e4tte und Abenteuerspielplatz","article_publisher":"https:\/\/www.facebook.com\/UtopiaRamersdorf","article_modified_time":"2022-05-19T12:13:43+00:00","twitter_card":"summary_large_image","twitter_misc":{"Gesch\u00e4tzte Lesezeit":"1\u00a0Minute"},"schema":{"@context":"https:\/\/schema.org","@graph":[{"@type":"WebPage","@id":"https:\/\/utopia-muc.de\/index.php\/abenteuerspielplatz\/unsere-angebote\/ferienprogramm\/","url":"https:\/\/utopia-muc.de\/index.php\/abenteuerspielplatz\/unsere-angebote\/ferienprogramm\/","name":"Ferienprogramm - Utopia Ramersdorf | Freizeitst\u00e4tte und Abenteuerspielplatz","isPartOf":{"@id":"https:\/\/utopia-muc.de\/#website"},"datePublished":"2019-01-20T19:49:37+00:00","dateModified":"2022-05-19T12:13:43+00:00","breadcrumb":{"@id":"https:\/\/utopia-muc.de\/index.php\/abenteuerspielplatz\/unsere-angebote\/ferienprogramm\/#breadcrumb"},"inLanguage":"de","potentialAction":[{"@type":"ReadAction","target":["https:\/\/utopia-muc.de\/index.php\/abenteuerspielplatz\/unsere-angebote\/ferienprogramm\/"]}]},{"@type":"BreadcrumbList","@id":"https:\/\/utopia-muc.de\/index.php\/abenteuerspielplatz\/unsere-angebote\/ferienprogramm\/#breadcrumb","itemListElement":[{"@type":"ListItem","position":1,"name":"Startseite","item":"https:\/\/utopia-muc.de\/"},{"@type":"ListItem","position":2,"name":"Unser Abenteuerspielplatz","item":"https:\/\/utopia-muc.de\/index.php\/abenteuerspielplatz\/"},{"@type":"ListItem","position":3,"name":"Unsere Angebote","item":"https:\/\/utopia-muc.de\/index.php\/abenteuerspielplatz\/unsere-angebote\/"},{"@type":"ListItem","position":4,"name":"Ferienprogramm"}]},{"@type":"WebSite","@id":"https:\/\/utopia-muc.de\/#website","url":"https:\/\/utopia-muc.de\/","name":"Utopia Ramersdorf | Freizeitst\u00e4tte und Abenteuerspielplatz","description":"Vorgestellt wird das Utopia Ramersdorf,  Freizeitst\u00e4tte und Abenteuerspielplatz in M\u00fcnchen-Ramersdorf","potentialAction":[{"@type":"SearchAction","target":{"@type":"EntryPoint","urlTemplate":"https:\/\/utopia-muc.de\/?s={search_term_string}"},"query-input":{"@type":"PropertyValueSpecification","valueRequired":true,"valueName":"search_term_string"}}],"inLanguage":"de"}]}},"featured_image_src":null,"featured_image_src_square":null,"_links":{"self":[{"href":"https:\/\/utopia-muc.de\/index.php\/wp-json\/wp\/v2\/pages\/1310","targetHints":{"allow":["GET"]}}],"collection":[{"href":"https:\/\/utopia-muc.de\/index.php\/wp-json\/wp\/v2\/pages"}],"about":[{"href":"https:\/\/utopia-muc.de\/index.php\/wp-json\/wp\/v2\/types\/page"}],"author":[{"embeddable":true,"href":"https:\/\/utopia-muc.de\/index.php\/wp-json\/wp\/v2\/users\/4"}],"replies":[{"embeddable":true,"href":"https:\/\/utopia-muc.de\/index.php\/wp-json\/wp\/v2\/comments?post=1310"}],"version-history":[{"count":4,"href":"https:\/\/utopia-muc.de\/index.php\/wp-json\/wp\/v2\/pages\/1310\/revisions"}],"predecessor-version":[{"id":3185,"href":"https:\/\/utopia-muc.de\/index.php\/wp-json\/wp\/v2\/pages\/1310\/revisions\/3185"}],"up":[{"embeddable":true,"href":"https:\/\/utopia-muc.de\/index.php\/wp-json\/wp\/v2\/pages\/139"}],"wp:attachment":[{"href":"https:\/\/utopia-muc.de\/index.php\/wp-json\/wp\/v2\/media?parent=1310"}],"curies":[{"name":"wp","href":"https:\/\/api.w.org\/{rel}","templated":true}]}}