{"id":122,"date":"2017-04-23T15:59:45","date_gmt":"2017-04-23T13:59:45","guid":{"rendered":"http:\/\/utopia-muc.de\/?page_id=122"},"modified":"2026-04-23T12:52:34","modified_gmt":"2026-04-23T10:52:34","slug":"abenteuerspielplatz","status":"publish","type":"page","link":"https:\/\/utopia-muc.de\/index.php\/abenteuerspielplatz\/","title":{"rendered":"Unser Abenteuerspielplatz"},"content":{"rendered":"<div class=\"wp-block-image\">\n<figure class=\"alignright\"><img loading=\"lazy\" decoding=\"async\" width=\"300\" height=\"200\" src=\"https:\/\/utopia-muc.de\/wp-content\/uploads\/2017\/04\/IMG_5544-300x200.jpg\" alt=\"\" class=\"wp-image-369\"\/><\/figure><\/div>\n\n\n<p>Herzlich willkommen auf dem UTOPIA Abenteuerspielplatz in Ramersdorf.<\/p>\n\n\n\n<p>Schaue dich auf unserer <a href=\"https:\/\/utopia-muc.de\/index.php\/abenteuerspielplatz\/plan\/\">Seite<\/a> um &#8211; oder noch besser: komm gleich zu uns auf den Abenteuerspielplatz und schaue dich dort um. Wir sind f\u00fcr Kinder ab der <strong>1.Klasse<\/strong> bis 13 Jahren.<\/p>\n\n\n\n<p class=\"has-text-align-center\"><strong>Dein Besuch bei uns ist immer kostenfrei und an vielen Tagen gibt es ein besonderes <a href=\"https:\/\/utopia-muc.de\/index.php\/abenteuerspielplatz\/programm\/\">Programm<\/a>.<\/strong><\/p>\n\n\n\n<p>Wir haben das <strong>ganze Jahr ge\u00f6ffnet<\/strong> siehe unsere <strong><a href=\"https:\/\/utopia-muc.de\/index.php\/abenteuerspielplatz\/oeffnungszeiten-asp\/\">\u00d6ffnungszeiten<\/a> <\/strong>und auch in den Schulferien gibt es bei uns Vieles zu erleben.<\/p>\n\n\n\n<p class=\"has-text-align-center\"><strong>Ab sofort k\u00f6nnt ihr uns auch direkt mit Spenden unterst\u00fctzen<\/strong>:<\/p>\n\n\n\n<div class=\"wp-block-buttons is-content-justification-center is-layout-flex wp-container-core-buttons-is-layout-16018d1d wp-block-buttons-is-layout-flex\">\n<div class=\"wp-block-button is-style-fill\"><a class=\"wp-block-button__link has-black-color has-luminous-vivid-orange-background-color has-text-color has-background has-link-color wp-element-button\" href=\"https:\/\/utopia-muc.de\/index.php\/abenteuerspielplatz\/spendet-und-unterstuetzt-das-utopia\/\" target=\"_blank\" rel=\"noreferrer noopener\"><strong>Jetzt Spenden<\/strong><\/a><\/div>\n<\/div>\n\n\n\n<p class=\"has-text-align-center\"><br><\/p>\n\n\n\n<h2 class=\"wp-block-heading\"><strong>Aktuelles<\/strong>:<\/h2>\n\n\n<div class=\"wp-block-image\">\n<figure class=\"aligncenter size-full is-resized\"><img srcset=\"https:\/\/utopia-muc.de\/wp-content\/uploads\/2026\/04\/Fruehlingsfest-2026-17x24.jpg 17w, https:\/\/utopia-muc.de\/wp-content\/uploads\/2026\/04\/Fruehlingsfest-2026-25x36.jpg 25w, https:\/\/utopia-muc.de\/wp-content\/uploads\/2026\/04\/Fruehlingsfest-2026-33x48.jpg 33w, https:\/\/utopia-muc.de\/wp-content\/uploads\/2026\/04\/Fruehlingsfest-2026-150x150.jpg 150w, https:\/\/utopia-muc.de\/wp-content\/uploads\/2026\/04\/Fruehlingsfest-2026-207x300.jpg 207w, https:\/\/utopia-muc.de\/wp-content\/uploads\/2026\/04\/Fruehlingsfest-2026-600x600.jpg 600w, https:\/\/utopia-muc.de\/wp-content\/uploads\/2026\/04\/Fruehlingsfest-2026-600x400.jpg 600w, https:\/\/utopia-muc.de\/wp-content\/uploads\/2026\/04\/Fruehlingsfest-2026-600x600.jpg 600w, https:\/\/utopia-muc.de\/wp-content\/uploads\/2026\/04\/Fruehlingsfest-2026-600x400.jpg 600w, https:\/\/utopia-muc.de\/wp-content\/uploads\/2026\/04\/Fruehlingsfest-2026.jpg 646w\" sizes=\"(min-width: 600px) 646px, (min-width: 600px) 600px, (min-width: 600px) 600px, (min-width: 600px) 600px, (min-width: 207px) 600px, (min-width: 150px) 207px, (min-width: 33px) 150px, (min-width: 25px) 33px, (min-width: 17px) 25px, 17px\" alt=\"\" class=\"wp-image-4397\" style=\"width:379px;height:auto\"><\/figure><\/div>\n\n\n<div class=\"wp-block-columns has-background is-layout-flex wp-container-core-columns-is-layout-9d6595d7 wp-block-columns-is-layout-flex\" style=\"background-color:#fce800c2\">\n<div class=\"wp-block-column is-layout-flow wp-block-column-is-layout-flow\"><div class=\"wp-block-image\">\n<figure class=\"aligncenter size-large is-resized\"><img srcset=\"https:\/\/utopia-muc.de\/wp-content\/uploads\/2023\/08\/Utopia_Falkie_Farbig_Neu_Transparent-edited-24x24.png 24w, https:\/\/utopia-muc.de\/wp-content\/uploads\/2023\/08\/Utopia_Falkie_Farbig_Neu_Transparent-edited-36x36.png 36w, https:\/\/utopia-muc.de\/wp-content\/uploads\/2023\/08\/Utopia_Falkie_Farbig_Neu_Transparent-edited-48x48.png 48w, https:\/\/utopia-muc.de\/wp-content\/uploads\/2023\/08\/Utopia_Falkie_Farbig_Neu_Transparent-edited-150x150.png 150w, https:\/\/utopia-muc.de\/wp-content\/uploads\/2023\/08\/Utopia_Falkie_Farbig_Neu_Transparent-edited-300x300.png 300w, https:\/\/utopia-muc.de\/wp-content\/uploads\/2023\/08\/Utopia_Falkie_Farbig_Neu_Transparent-edited-600x600.png 600w, https:\/\/utopia-muc.de\/wp-content\/uploads\/2023\/08\/Utopia_Falkie_Farbig_Neu_Transparent-edited-600x400.png 600w, https:\/\/utopia-muc.de\/wp-content\/uploads\/2023\/08\/Utopia_Falkie_Farbig_Neu_Transparent-edited-600x600.png 600w, https:\/\/utopia-muc.de\/wp-content\/uploads\/2023\/08\/Utopia_Falkie_Farbig_Neu_Transparent-edited-600x400.png 600w, https:\/\/utopia-muc.de\/wp-content\/uploads\/2023\/08\/Utopia_Falkie_Farbig_Neu_Transparent-edited-768x768.png 768w, https:\/\/utopia-muc.de\/wp-content\/uploads\/2023\/08\/Utopia_Falkie_Farbig_Neu_Transparent-edited-800x800.png 800w, https:\/\/utopia-muc.de\/wp-content\/uploads\/2023\/08\/Utopia_Falkie_Farbig_Neu_Transparent-edited-1024x1024.png 1024w, https:\/\/utopia-muc.de\/wp-content\/uploads\/2023\/08\/Utopia_Falkie_Farbig_Neu_Transparent-edited-1200x1200.png 1200w, https:\/\/utopia-muc.de\/wp-content\/uploads\/2023\/08\/Utopia_Falkie_Farbig_Neu_Transparent-edited-1200x1200.png 1200w, https:\/\/utopia-muc.de\/wp-content\/uploads\/2023\/08\/Utopia_Falkie_Farbig_Neu_Transparent-edited.png 1240w\" sizes=\"(min-width: 1200px) 1240px, (min-width: 1200px) 1200px, (min-width: 1024px) 1200px, (min-width: 800px) 1024px, (min-width: 768px) 800px, (min-width: 600px) 768px, (min-width: 600px) 600px, (min-width: 600px) 600px, (min-width: 600px) 600px, (min-width: 300px) 600px, (min-width: 150px) 300px, (min-width: 48px) 150px, (min-width: 36px) 48px, (min-width: 24px) 36px, 24px\" alt=\"\" class=\"wp-image-3433\" style=\"width:173px;height:undefinedpx\"><\/figure><\/div><\/div>\n\n\n\n<div class=\"wp-block-column is-vertically-aligned-center is-layout-flow wp-block-column-is-layout-flow\">\n<p class=\"has-text-align-center has-black-color has-text-color has-medium-font-size\"><strong>\u00d6ffnungszeiten:<\/strong><\/p>\n\n\n\n<p class=\"has-text-align-center has-black-color has-text-color has-medium-font-size\"><strong><strong>Dienstag bis Freitag<\/strong><\/strong><br><strong><strong>14:00 bis 18:00 Uhr<\/strong><\/strong><\/p>\n\n\n\n<p class=\"has-text-align-center has-black-color has-text-color has-medium-font-size\"><strong>Au\u00dferhalb der Ferien<\/strong><\/p>\n<\/div>\n<\/div>\n\n\n\n<p class=\"has-text-align-center\">Die <strong>Ferien\u00f6ffnungszeiten<\/strong> findet ihr im aktuellen <a href=\"https:\/\/utopia-muc.de\/index.php\/abenteuerspielplatz\/programm\/\">Programm<\/a>.<\/p>\n\n\n\n<ul class=\"wp-block-list\">\n<li>Ihr k\u00f6nnt ohne Anmeldung vorbeikommen.<\/li>\n\n\n\n<li>Bei eurem ersten Besuch nehmen wir einmalig eure Kontaktdaten auf. (Die Daten werden in unsere Kinderkartei f\u00fcr Notf\u00e4lle gesicher.)<\/li>\n<\/ul>\n\n\n\n<p>Bei Fragen k\u00f6nnt ihr uns w\u00e4rend der <strong>\u00d6ffnungszeiten <\/strong>unter der <strong>ASP-Nummer 089\/45240042<\/strong> erreichen.<strong><br><\/strong><\/p>\n\n\n\n<p class=\"has-text-align-center\">____<\/p>\n\n\n\n<p>Euer ASP-Team<\/p>\n\n\n\n<p><\/p>\n\n\n\n<div class=\"grid-x grid-padding-x\">\n<div class=\"cell medium-4\"><figure><img loading=\"lazy\" decoding=\"async\" class=\"alignnone wp-image-386\" src=\"https:\/\/utopia-muc.de\/wp-content\/uploads\/2017\/05\/IMG_5583-300x200.jpg\" alt=\"\" width=\"600\" height=\"400\"><\/figure><\/div>\n<div class=\"cell medium-4\"><figure><img loading=\"lazy\" decoding=\"async\" class=\"alignnone wp-image-1034\" src=\"https:\/\/utopia-muc.de\/wp-content\/uploads\/2017\/04\/17-10-20loewenzahn300x200.jpg\" alt=\"\" width=\"600\" height=\"400\"><\/figure><\/div>\n<div class=\"cell medium-4\"><figure><img loading=\"lazy\" decoding=\"async\" class=\"alignnone wp-image-360\" src=\"https:\/\/utopia-muc.de\/wp-content\/uploads\/2017\/05\/IMG_3883-300x200.jpg\" alt=\"\" width=\"600\" height=\"400\"><\/figure><\/div>\n<\/div>\n","protected":false},"excerpt":{"rendered":"<p>Herzlich willkommen auf dem UTOPIA Abenteuerspielplatz in Ramersdorf. Schaue dich auf unserer Seite um &#8211; oder noch besser: komm gleich zu uns auf den Abenteuerspielplatz und schaue dich dort um. Wir sind f\u00fcr Kinder ab der 1.Klasse bis 13 Jahren. Dein Besuch bei uns ist immer kostenfrei und an vielen Tagen gibt es ein besonderes Programm. Wir haben das ganze Jahr ge\u00f6ffnet siehe unsere \u00d6ffnungszeiten &hellip; <a href=\"https:\/\/utopia-muc.de\/index.php\/abenteuerspielplatz\/\" class=\"more-link\">Continue reading <span class=\"screen-reader-text\">Unser Abenteuerspielplatz<\/span> <span class=\"meta-nav\">&raquo;<\/span><\/a><\/p>\n","protected":false},"author":4,"featured_media":0,"parent":0,"menu_order":0,"comment_status":"closed","ping_status":"closed","template":"page-templates\/full-width-utopia.php","meta":{"ngg_post_thumbnail":0,"footnotes":""},"class_list":["post-122","page","type-page","status-publish","hentry"],"yoast_head":"<!-- This site is optimized with the Yoast SEO plugin v25.3.1 - https:\/\/yoast.com\/wordpress\/plugins\/seo\/ -->\n<title>Unser Abenteuerspielplatz - Utopia Ramersdorf | Freizeitst\u00e4tte und Abenteuerspielplatz<\/title>\n<meta name=\"robots\" content=\"index, follow, max-snippet:-1, max-image-preview:large, max-video-preview:-1\" \/>\n<link rel=\"canonical\" href=\"https:\/\/utopia-muc.de\/index.php\/abenteuerspielplatz\/\" \/>\n<meta property=\"og:locale\" content=\"de_DE\" \/>\n<meta property=\"og:type\" content=\"article\" \/>\n<meta property=\"og:title\" content=\"Unser Abenteuerspielplatz - Utopia Ramersdorf | Freizeitst\u00e4tte und Abenteuerspielplatz\" \/>\n<meta property=\"og:description\" content=\"Herzlich willkommen auf dem UTOPIA Abenteuerspielplatz in Ramersdorf. Schaue dich auf unserer Seite um &#8211; oder noch besser: komm gleich zu uns auf den Abenteuerspielplatz und schaue dich dort um. Wir sind f\u00fcr Kinder ab der 1.Klasse bis 13 Jahren. Dein Besuch bei uns ist immer kostenfrei und an vielen Tagen gibt es ein besonderes Programm. Wir haben das ganze Jahr ge\u00f6ffnet siehe unsere \u00d6ffnungszeiten &hellip; Continue reading Unser Abenteuerspielplatz &raquo;\" \/>\n<meta property=\"og:url\" content=\"https:\/\/utopia-muc.de\/index.php\/abenteuerspielplatz\/\" \/>\n<meta property=\"og:site_name\" content=\"Utopia Ramersdorf | Freizeitst\u00e4tte und Abenteuerspielplatz\" \/>\n<meta property=\"article:publisher\" content=\"https:\/\/www.facebook.com\/UtopiaRamersdorf\" \/>\n<meta property=\"article:modified_time\" content=\"2026-04-23T10:52:34+00:00\" \/>\n<meta property=\"og:image\" content=\"https:\/\/utopia-muc.de\/wp-content\/uploads\/2017\/04\/IMG_5544-e1499859698176.jpg\" \/>\n\t<meta property=\"og:image:width\" content=\"1200\" \/>\n\t<meta property=\"og:image:height\" content=\"800\" \/>\n\t<meta property=\"og:image:type\" content=\"image\/jpeg\" \/>\n<meta name=\"twitter:card\" content=\"summary_large_image\" \/>\n<meta name=\"twitter:label1\" content=\"Gesch\u00e4tzte Lesezeit\" \/>\n\t<meta name=\"twitter:data1\" content=\"3\u00a0Minuten\" \/>\n<script type=\"application\/ld+json\" class=\"yoast-schema-graph\">{\"@context\":\"https:\/\/schema.org\",\"@graph\":[{\"@type\":\"WebPage\",\"@id\":\"https:\/\/utopia-muc.de\/index.php\/abenteuerspielplatz\/\",\"url\":\"https:\/\/utopia-muc.de\/index.php\/abenteuerspielplatz\/\",\"name\":\"Unser Abenteuerspielplatz - Utopia Ramersdorf | Freizeitst\u00e4tte und Abenteuerspielplatz\",\"isPartOf\":{\"@id\":\"https:\/\/utopia-muc.de\/#website\"},\"primaryImageOfPage\":{\"@id\":\"https:\/\/utopia-muc.de\/index.php\/abenteuerspielplatz\/#primaryimage\"},\"image\":{\"@id\":\"https:\/\/utopia-muc.de\/index.php\/abenteuerspielplatz\/#primaryimage\"},\"thumbnailUrl\":\"https:\/\/utopia-muc.de\/wp-content\/uploads\/2017\/04\/IMG_5544-300x200.jpg\",\"datePublished\":\"2017-04-23T13:59:45+00:00\",\"dateModified\":\"2026-04-23T10:52:34+00:00\",\"breadcrumb\":{\"@id\":\"https:\/\/utopia-muc.de\/index.php\/abenteuerspielplatz\/#breadcrumb\"},\"inLanguage\":\"de\",\"potentialAction\":[{\"@type\":\"ReadAction\",\"target\":[\"https:\/\/utopia-muc.de\/index.php\/abenteuerspielplatz\/\"]}]},{\"@type\":\"ImageObject\",\"inLanguage\":\"de\",\"@id\":\"https:\/\/utopia-muc.de\/index.php\/abenteuerspielplatz\/#primaryimage\",\"url\":\"https:\/\/utopia-muc.de\/wp-content\/uploads\/2017\/04\/IMG_5544-300x200.jpg\",\"contentUrl\":\"https:\/\/utopia-muc.de\/wp-content\/uploads\/2017\/04\/IMG_5544-300x200.jpg\"},{\"@type\":\"BreadcrumbList\",\"@id\":\"https:\/\/utopia-muc.de\/index.php\/abenteuerspielplatz\/#breadcrumb\",\"itemListElement\":[{\"@type\":\"ListItem\",\"position\":1,\"name\":\"Startseite\",\"item\":\"https:\/\/utopia-muc.de\/\"},{\"@type\":\"ListItem\",\"position\":2,\"name\":\"Unser Abenteuerspielplatz\"}]},{\"@type\":\"WebSite\",\"@id\":\"https:\/\/utopia-muc.de\/#website\",\"url\":\"https:\/\/utopia-muc.de\/\",\"name\":\"Utopia Ramersdorf | Freizeitst\u00e4tte und Abenteuerspielplatz\",\"description\":\"Vorgestellt wird das Utopia Ramersdorf,  Freizeitst\u00e4tte und Abenteuerspielplatz in M\u00fcnchen-Ramersdorf\",\"potentialAction\":[{\"@type\":\"SearchAction\",\"target\":{\"@type\":\"EntryPoint\",\"urlTemplate\":\"https:\/\/utopia-muc.de\/?s={search_term_string}\"},\"query-input\":{\"@type\":\"PropertyValueSpecification\",\"valueRequired\":true,\"valueName\":\"search_term_string\"}}],\"inLanguage\":\"de\"}]}<\/script>\n<!-- \/ Yoast SEO plugin. -->","yoast_head_json":{"title":"Unser Abenteuerspielplatz - Utopia Ramersdorf | Freizeitst\u00e4tte und Abenteuerspielplatz","robots":{"index":"index","follow":"follow","max-snippet":"max-snippet:-1","max-image-preview":"max-image-preview:large","max-video-preview":"max-video-preview:-1"},"canonical":"https:\/\/utopia-muc.de\/index.php\/abenteuerspielplatz\/","og_locale":"de_DE","og_type":"article","og_title":"Unser Abenteuerspielplatz - Utopia Ramersdorf | Freizeitst\u00e4tte und Abenteuerspielplatz","og_description":"Herzlich willkommen auf dem UTOPIA Abenteuerspielplatz in Ramersdorf. Schaue dich auf unserer Seite um &#8211; oder noch besser: komm gleich zu uns auf den Abenteuerspielplatz und schaue dich dort um. Wir sind f\u00fcr Kinder ab der 1.Klasse bis 13 Jahren. Dein Besuch bei uns ist immer kostenfrei und an vielen Tagen gibt es ein besonderes Programm. Wir haben das ganze Jahr ge\u00f6ffnet siehe unsere \u00d6ffnungszeiten &hellip; Continue reading Unser Abenteuerspielplatz &raquo;","og_url":"https:\/\/utopia-muc.de\/index.php\/abenteuerspielplatz\/","og_site_name":"Utopia Ramersdorf | Freizeitst\u00e4tte und Abenteuerspielplatz","article_publisher":"https:\/\/www.facebook.com\/UtopiaRamersdorf","article_modified_time":"2026-04-23T10:52:34+00:00","og_image":[{"width":1200,"height":800,"url":"https:\/\/utopia-muc.de\/wp-content\/uploads\/2017\/04\/IMG_5544-e1499859698176.jpg","type":"image\/jpeg"}],"twitter_card":"summary_large_image","twitter_misc":{"Gesch\u00e4tzte Lesezeit":"3\u00a0Minuten"},"schema":{"@context":"https:\/\/schema.org","@graph":[{"@type":"WebPage","@id":"https:\/\/utopia-muc.de\/index.php\/abenteuerspielplatz\/","url":"https:\/\/utopia-muc.de\/index.php\/abenteuerspielplatz\/","name":"Unser Abenteuerspielplatz - Utopia Ramersdorf | Freizeitst\u00e4tte und Abenteuerspielplatz","isPartOf":{"@id":"https:\/\/utopia-muc.de\/#website"},"primaryImageOfPage":{"@id":"https:\/\/utopia-muc.de\/index.php\/abenteuerspielplatz\/#primaryimage"},"image":{"@id":"https:\/\/utopia-muc.de\/index.php\/abenteuerspielplatz\/#primaryimage"},"thumbnailUrl":"https:\/\/utopia-muc.de\/wp-content\/uploads\/2017\/04\/IMG_5544-300x200.jpg","datePublished":"2017-04-23T13:59:45+00:00","dateModified":"2026-04-23T10:52:34+00:00","breadcrumb":{"@id":"https:\/\/utopia-muc.de\/index.php\/abenteuerspielplatz\/#breadcrumb"},"inLanguage":"de","potentialAction":[{"@type":"ReadAction","target":["https:\/\/utopia-muc.de\/index.php\/abenteuerspielplatz\/"]}]},{"@type":"ImageObject","inLanguage":"de","@id":"https:\/\/utopia-muc.de\/index.php\/abenteuerspielplatz\/#primaryimage","url":"https:\/\/utopia-muc.de\/wp-content\/uploads\/2017\/04\/IMG_5544-300x200.jpg","contentUrl":"https:\/\/utopia-muc.de\/wp-content\/uploads\/2017\/04\/IMG_5544-300x200.jpg"},{"@type":"BreadcrumbList","@id":"https:\/\/utopia-muc.de\/index.php\/abenteuerspielplatz\/#breadcrumb","itemListElement":[{"@type":"ListItem","position":1,"name":"Startseite","item":"https:\/\/utopia-muc.de\/"},{"@type":"ListItem","position":2,"name":"Unser Abenteuerspielplatz"}]},{"@type":"WebSite","@id":"https:\/\/utopia-muc.de\/#website","url":"https:\/\/utopia-muc.de\/","name":"Utopia Ramersdorf | Freizeitst\u00e4tte und Abenteuerspielplatz","description":"Vorgestellt wird das Utopia Ramersdorf,  Freizeitst\u00e4tte und Abenteuerspielplatz in M\u00fcnchen-Ramersdorf","potentialAction":[{"@type":"SearchAction","target":{"@type":"EntryPoint","urlTemplate":"https:\/\/utopia-muc.de\/?s={search_term_string}"},"query-input":{"@type":"PropertyValueSpecification","valueRequired":true,"valueName":"search_term_string"}}],"inLanguage":"de"}]}},"featured_image_src":null,"featured_image_src_square":null,"_links":{"self":[{"href":"https:\/\/utopia-muc.de\/index.php\/wp-json\/wp\/v2\/pages\/122","targetHints":{"allow":["GET"]}}],"collection":[{"href":"https:\/\/utopia-muc.de\/index.php\/wp-json\/wp\/v2\/pages"}],"about":[{"href":"https:\/\/utopia-muc.de\/index.php\/wp-json\/wp\/v2\/types\/page"}],"author":[{"embeddable":true,"href":"https:\/\/utopia-muc.de\/index.php\/wp-json\/wp\/v2\/users\/4"}],"replies":[{"embeddable":true,"href":"https:\/\/utopia-muc.de\/index.php\/wp-json\/wp\/v2\/comments?post=122"}],"version-history":[{"count":216,"href":"https:\/\/utopia-muc.de\/index.php\/wp-json\/wp\/v2\/pages\/122\/revisions"}],"predecessor-version":[{"id":4398,"href":"https:\/\/utopia-muc.de\/index.php\/wp-json\/wp\/v2\/pages\/122\/revisions\/4398"}],"wp:attachment":[{"href":"https:\/\/utopia-muc.de\/index.php\/wp-json\/wp\/v2\/media?parent=122"}],"curies":[{"name":"wp","href":"https:\/\/api.w.org\/{rel}","templated":true}]}}