{"id":120,"date":"2017-04-23T15:58:31","date_gmt":"2017-04-23T13:58:31","guid":{"rendered":"http:\/\/utopia-muc.de\/?page_id=120"},"modified":"2022-11-30T12:54:49","modified_gmt":"2022-11-30T11:54:49","slug":"freizeitstaette","status":"publish","type":"page","link":"https:\/\/utopia-muc.de\/index.php\/freizeitstaette\/","title":{"rendered":"Freizeitst\u00e4tte"},"content":{"rendered":"<!-- Widget Shortcode --><div id=\"simple-social-icons-2\" class=\"widget simple-social-icons widget-shortcode area-arbitrary \"><ul class=\"alignleft\"><li class=\"ssi-facebook\"><a href=\"https:\/\/www.facebook.com\/UtopiaRamersdorf\" target=\"_blank\" rel=\"noopener noreferrer\"><svg role=\"img\" class=\"social-facebook\" aria-labelledby=\"social-facebook--1\"><title id=\"social-facebook--1\">Facebook<\/title><use xlink:href=\"https:\/\/utopia-muc.de\/wp-content\/plugins\/simple-social-icons\/symbol-defs.svg#social-facebook\"><\/use><\/svg><\/a><\/li><li class=\"ssi-instagram\"><a href=\"https:\/\/www.instagram.com\/utopia_freizeitstatte_\/\" target=\"_blank\" rel=\"noopener noreferrer\"><svg role=\"img\" class=\"social-instagram\" aria-labelledby=\"social-instagram--1\"><title id=\"social-instagram--1\">Instagram<\/title><use xlink:href=\"https:\/\/utopia-muc.de\/wp-content\/plugins\/simple-social-icons\/symbol-defs.svg#social-instagram\"><\/use><\/svg><\/a><\/li><\/ul><\/div><!-- \/Widget Shortcode -->\n<h3>Herzlich willkommen im Utopia-Jugendtreff!<img loading=\"lazy\" decoding=\"async\" class=\"img-fzs rund alignright wp-image-422 \" src=\"https:\/\/utopia-muc.de\/wp-content\/uploads\/2017\/04\/IMG_5062-e1498815727427-300x300.jpg\" alt=\"\" width=\"210\" height=\"210\"><\/h3>\n<p>Ge\u00f6ffnet f\u00fcr <strong>alle Jugendlichen ab 13 Jahren<\/strong> aus Ramersdorf und von wo auch immer her Ihr den Weg zu uns findet!<\/p>\n<p>W\u00e4hrend des offenen Betriebes gibt es im Utopia:<\/p>\n<p>&#8211; Billardtisch, Tischtennisplatte, Playstation, Internetzugang, Kicker und jede Menge Spiele!<\/p>\n<p>Ihr k\u00f6nnt einige Instrumente wie z.B. Keyboard, Gitarre und verschiedene Trommeln ausprobieren. In unserem Musikstudio kann man Musik aufnehmen, bearbeiten, schneiden (Link zum Musikstudio-Kalender, Telefonnummer f\u00fcr Anmeldung).<\/p>\n<p>Au\u00dferdem gibt es einen Tobe-Raum mit Boxsack, einen Lern- und Computer-Raum und ein M\u00e4dchenzimmer.<\/p>\n<p>Ums rote Haus gibt es viel gr\u00fcnen Platz, einen Streetball-Korb und ein Volleyballfeld.<\/p>\n<p>Bei uns finden regelm\u00e4\u00dfig Workshops (z.B. Graffiti, Tanz und Boxen), Projekte, Partys, Ausfl\u00fcge, Ferienprogramme und Ferienfahrten statt.<\/p>\n<p>Regelm\u00e4\u00dfig spielen wir Fu\u00dfball, einmal die Woche kochen und essen wir zusammen.<img loading=\"lazy\" decoding=\"async\" class=\"img-fzs rund alignright wp-image-423\" src=\"https:\/\/utopia-muc.de\/wp-content\/uploads\/2017\/04\/IMG_5130-e1498818017984-300x300.jpg\" alt=\"\" width=\"210\" height=\"210\"><\/p>\n<p>Wir bieten Unterst\u00fctzung, Hilfe und Beratung bei der Suche nach einem Ausbildungsplatz, bei Quali-Vorbereitungen, Deutsch-Tests, Bewerbungsunterlagen und was immer gerade ansteht<\/p>\n<p>&#8230;.und bei allen gro\u00dfen und kleinen Problemen mit Eltern, Schule usw.!<\/p>\n<p>&nbsp;<\/p>\n<h3 class=\"fzs\">Unsere \u00d6ffnungszeiten:<\/h3>\n<table>\n<tbody>\n<tr>\n<td>Montag<\/td>\n<td>15.00 bis 18.00 Uhr<\/td>\n<\/tr>\n<tr>\n<td>Dienstag<\/td>\n<td>15.00 bis 19.00 Uhr<\/td>\n<\/tr>\n<tr>\n<td>Mittwoch<\/td>\n<td>15.00 bis 21.00 Uhr<\/td>\n<\/tr>\n<tr>\n<td>Donnerstag<\/td>\n<td>15.00 bis 21.00 Uhr<\/td>\n<\/tr>\n<tr>\n<td>Freitag<\/td>\n<td>15.00 bis 21.00 Uhr<\/td>\n<\/tr>\n<\/tbody>\n<\/table>\n<p>&nbsp;<\/p>\n<p>Kommt alle!<\/p>\n<p>Wir freuen uns auf Euch :)))<\/p>\n","protected":false},"excerpt":{"rendered":"<p>Herzlich willkommen im Utopia-Jugendtreff! Ge\u00f6ffnet f\u00fcr alle Jugendlichen ab 13 Jahren aus Ramersdorf und von wo auch immer her Ihr den Weg zu uns findet! W\u00e4hrend des offenen Betriebes gibt es im Utopia: &#8211; Billardtisch, Tischtennisplatte, Playstation, Internetzugang, Kicker und jede Menge Spiele! Ihr k\u00f6nnt einige Instrumente wie z.B. Keyboard, Gitarre und verschiedene Trommeln ausprobieren. In unserem Musikstudio kann man Musik aufnehmen, bearbeiten, schneiden (Link &hellip; <a href=\"https:\/\/utopia-muc.de\/index.php\/freizeitstaette\/\" class=\"more-link\">Continue reading <span class=\"screen-reader-text\">Freizeitst\u00e4tte<\/span> <span class=\"meta-nav\">&raquo;<\/span><\/a><\/p>\n","protected":false},"author":4,"featured_media":0,"parent":0,"menu_order":1,"comment_status":"closed","ping_status":"closed","template":"page-templates\/full-width-utopia.php","meta":{"ngg_post_thumbnail":0,"footnotes":""},"class_list":["post-120","page","type-page","status-publish","hentry"],"yoast_head":"<!-- This site is optimized with the Yoast SEO plugin v25.3.1 - https:\/\/yoast.com\/wordpress\/plugins\/seo\/ -->\n<title>Freizeitst\u00e4tte - Utopia Ramersdorf | Freizeitst\u00e4tte und Abenteuerspielplatz<\/title>\n<meta name=\"robots\" content=\"index, follow, max-snippet:-1, max-image-preview:large, max-video-preview:-1\" \/>\n<link rel=\"canonical\" href=\"https:\/\/utopia-muc.de\/index.php\/freizeitstaette\/\" \/>\n<meta property=\"og:locale\" content=\"de_DE\" \/>\n<meta property=\"og:type\" content=\"article\" \/>\n<meta property=\"og:title\" content=\"Freizeitst\u00e4tte - Utopia Ramersdorf | Freizeitst\u00e4tte und Abenteuerspielplatz\" \/>\n<meta property=\"og:description\" content=\"Herzlich willkommen im Utopia-Jugendtreff! Ge\u00f6ffnet f\u00fcr alle Jugendlichen ab 13 Jahren aus Ramersdorf und von wo auch immer her Ihr den Weg zu uns findet! W\u00e4hrend des offenen Betriebes gibt es im Utopia: &#8211; Billardtisch, Tischtennisplatte, Playstation, Internetzugang, Kicker und jede Menge Spiele! Ihr k\u00f6nnt einige Instrumente wie z.B. Keyboard, Gitarre und verschiedene Trommeln ausprobieren. In unserem Musikstudio kann man Musik aufnehmen, bearbeiten, schneiden (Link &hellip; Continue reading Freizeitst\u00e4tte &raquo;\" \/>\n<meta property=\"og:url\" content=\"https:\/\/utopia-muc.de\/index.php\/freizeitstaette\/\" \/>\n<meta property=\"og:site_name\" content=\"Utopia Ramersdorf | Freizeitst\u00e4tte und Abenteuerspielplatz\" \/>\n<meta property=\"article:publisher\" content=\"https:\/\/www.facebook.com\/UtopiaRamersdorf\" \/>\n<meta property=\"article:modified_time\" content=\"2022-11-30T11:54:49+00:00\" \/>\n<meta property=\"og:image\" content=\"https:\/\/utopia-muc.de\/wp-content\/uploads\/2017\/04\/IMG_5062-e1498815727427-300x300.jpg\" \/>\n<meta name=\"twitter:card\" content=\"summary_large_image\" \/>\n<meta name=\"twitter:label1\" content=\"Gesch\u00e4tzte Lesezeit\" \/>\n\t<meta name=\"twitter:data1\" content=\"2\u00a0Minuten\" \/>\n<script type=\"application\/ld+json\" class=\"yoast-schema-graph\">{\"@context\":\"https:\/\/schema.org\",\"@graph\":[{\"@type\":\"WebPage\",\"@id\":\"https:\/\/utopia-muc.de\/index.php\/freizeitstaette\/\",\"url\":\"https:\/\/utopia-muc.de\/index.php\/freizeitstaette\/\",\"name\":\"Freizeitst\u00e4tte - Utopia Ramersdorf | Freizeitst\u00e4tte und Abenteuerspielplatz\",\"isPartOf\":{\"@id\":\"https:\/\/utopia-muc.de\/#website\"},\"primaryImageOfPage\":{\"@id\":\"https:\/\/utopia-muc.de\/index.php\/freizeitstaette\/#primaryimage\"},\"image\":{\"@id\":\"https:\/\/utopia-muc.de\/index.php\/freizeitstaette\/#primaryimage\"},\"thumbnailUrl\":\"https:\/\/utopia-muc.de\/wp-content\/uploads\/2017\/04\/IMG_5062-e1498815727427-300x300.jpg\",\"datePublished\":\"2017-04-23T13:58:31+00:00\",\"dateModified\":\"2022-11-30T11:54:49+00:00\",\"breadcrumb\":{\"@id\":\"https:\/\/utopia-muc.de\/index.php\/freizeitstaette\/#breadcrumb\"},\"inLanguage\":\"de\",\"potentialAction\":[{\"@type\":\"ReadAction\",\"target\":[\"https:\/\/utopia-muc.de\/index.php\/freizeitstaette\/\"]}]},{\"@type\":\"ImageObject\",\"inLanguage\":\"de\",\"@id\":\"https:\/\/utopia-muc.de\/index.php\/freizeitstaette\/#primaryimage\",\"url\":\"https:\/\/utopia-muc.de\/wp-content\/uploads\/2017\/04\/IMG_5062-e1498815727427.jpg\",\"contentUrl\":\"https:\/\/utopia-muc.de\/wp-content\/uploads\/2017\/04\/IMG_5062-e1498815727427.jpg\",\"width\":1200,\"height\":1200},{\"@type\":\"BreadcrumbList\",\"@id\":\"https:\/\/utopia-muc.de\/index.php\/freizeitstaette\/#breadcrumb\",\"itemListElement\":[{\"@type\":\"ListItem\",\"position\":1,\"name\":\"Startseite\",\"item\":\"https:\/\/utopia-muc.de\/\"},{\"@type\":\"ListItem\",\"position\":2,\"name\":\"Freizeitst\u00e4tte\"}]},{\"@type\":\"WebSite\",\"@id\":\"https:\/\/utopia-muc.de\/#website\",\"url\":\"https:\/\/utopia-muc.de\/\",\"name\":\"Utopia Ramersdorf | Freizeitst\u00e4tte und Abenteuerspielplatz\",\"description\":\"Vorgestellt wird das Utopia Ramersdorf,  Freizeitst\u00e4tte und Abenteuerspielplatz in M\u00fcnchen-Ramersdorf\",\"potentialAction\":[{\"@type\":\"SearchAction\",\"target\":{\"@type\":\"EntryPoint\",\"urlTemplate\":\"https:\/\/utopia-muc.de\/?s={search_term_string}\"},\"query-input\":{\"@type\":\"PropertyValueSpecification\",\"valueRequired\":true,\"valueName\":\"search_term_string\"}}],\"inLanguage\":\"de\"}]}<\/script>\n<!-- \/ Yoast SEO plugin. -->","yoast_head_json":{"title":"Freizeitst\u00e4tte - Utopia Ramersdorf | Freizeitst\u00e4tte und Abenteuerspielplatz","robots":{"index":"index","follow":"follow","max-snippet":"max-snippet:-1","max-image-preview":"max-image-preview:large","max-video-preview":"max-video-preview:-1"},"canonical":"https:\/\/utopia-muc.de\/index.php\/freizeitstaette\/","og_locale":"de_DE","og_type":"article","og_title":"Freizeitst\u00e4tte - Utopia Ramersdorf | Freizeitst\u00e4tte und Abenteuerspielplatz","og_description":"Herzlich willkommen im Utopia-Jugendtreff! Ge\u00f6ffnet f\u00fcr alle Jugendlichen ab 13 Jahren aus Ramersdorf und von wo auch immer her Ihr den Weg zu uns findet! W\u00e4hrend des offenen Betriebes gibt es im Utopia: &#8211; Billardtisch, Tischtennisplatte, Playstation, Internetzugang, Kicker und jede Menge Spiele! Ihr k\u00f6nnt einige Instrumente wie z.B. Keyboard, Gitarre und verschiedene Trommeln ausprobieren. In unserem Musikstudio kann man Musik aufnehmen, bearbeiten, schneiden (Link &hellip; Continue reading Freizeitst\u00e4tte &raquo;","og_url":"https:\/\/utopia-muc.de\/index.php\/freizeitstaette\/","og_site_name":"Utopia Ramersdorf | Freizeitst\u00e4tte und Abenteuerspielplatz","article_publisher":"https:\/\/www.facebook.com\/UtopiaRamersdorf","article_modified_time":"2022-11-30T11:54:49+00:00","og_image":[{"url":"https:\/\/utopia-muc.de\/wp-content\/uploads\/2017\/04\/IMG_5062-e1498815727427-300x300.jpg","type":"","width":"","height":""}],"twitter_card":"summary_large_image","twitter_misc":{"Gesch\u00e4tzte Lesezeit":"2\u00a0Minuten"},"schema":{"@context":"https:\/\/schema.org","@graph":[{"@type":"WebPage","@id":"https:\/\/utopia-muc.de\/index.php\/freizeitstaette\/","url":"https:\/\/utopia-muc.de\/index.php\/freizeitstaette\/","name":"Freizeitst\u00e4tte - Utopia Ramersdorf | Freizeitst\u00e4tte und Abenteuerspielplatz","isPartOf":{"@id":"https:\/\/utopia-muc.de\/#website"},"primaryImageOfPage":{"@id":"https:\/\/utopia-muc.de\/index.php\/freizeitstaette\/#primaryimage"},"image":{"@id":"https:\/\/utopia-muc.de\/index.php\/freizeitstaette\/#primaryimage"},"thumbnailUrl":"https:\/\/utopia-muc.de\/wp-content\/uploads\/2017\/04\/IMG_5062-e1498815727427-300x300.jpg","datePublished":"2017-04-23T13:58:31+00:00","dateModified":"2022-11-30T11:54:49+00:00","breadcrumb":{"@id":"https:\/\/utopia-muc.de\/index.php\/freizeitstaette\/#breadcrumb"},"inLanguage":"de","potentialAction":[{"@type":"ReadAction","target":["https:\/\/utopia-muc.de\/index.php\/freizeitstaette\/"]}]},{"@type":"ImageObject","inLanguage":"de","@id":"https:\/\/utopia-muc.de\/index.php\/freizeitstaette\/#primaryimage","url":"https:\/\/utopia-muc.de\/wp-content\/uploads\/2017\/04\/IMG_5062-e1498815727427.jpg","contentUrl":"https:\/\/utopia-muc.de\/wp-content\/uploads\/2017\/04\/IMG_5062-e1498815727427.jpg","width":1200,"height":1200},{"@type":"BreadcrumbList","@id":"https:\/\/utopia-muc.de\/index.php\/freizeitstaette\/#breadcrumb","itemListElement":[{"@type":"ListItem","position":1,"name":"Startseite","item":"https:\/\/utopia-muc.de\/"},{"@type":"ListItem","position":2,"name":"Freizeitst\u00e4tte"}]},{"@type":"WebSite","@id":"https:\/\/utopia-muc.de\/#website","url":"https:\/\/utopia-muc.de\/","name":"Utopia Ramersdorf | Freizeitst\u00e4tte und Abenteuerspielplatz","description":"Vorgestellt wird das Utopia Ramersdorf,  Freizeitst\u00e4tte und Abenteuerspielplatz in M\u00fcnchen-Ramersdorf","potentialAction":[{"@type":"SearchAction","target":{"@type":"EntryPoint","urlTemplate":"https:\/\/utopia-muc.de\/?s={search_term_string}"},"query-input":{"@type":"PropertyValueSpecification","valueRequired":true,"valueName":"search_term_string"}}],"inLanguage":"de"}]}},"featured_image_src":null,"featured_image_src_square":null,"_links":{"self":[{"href":"https:\/\/utopia-muc.de\/index.php\/wp-json\/wp\/v2\/pages\/120","targetHints":{"allow":["GET"]}}],"collection":[{"href":"https:\/\/utopia-muc.de\/index.php\/wp-json\/wp\/v2\/pages"}],"about":[{"href":"https:\/\/utopia-muc.de\/index.php\/wp-json\/wp\/v2\/types\/page"}],"author":[{"embeddable":true,"href":"https:\/\/utopia-muc.de\/index.php\/wp-json\/wp\/v2\/users\/4"}],"replies":[{"embeddable":true,"href":"https:\/\/utopia-muc.de\/index.php\/wp-json\/wp\/v2\/comments?post=120"}],"version-history":[{"count":27,"href":"https:\/\/utopia-muc.de\/index.php\/wp-json\/wp\/v2\/pages\/120\/revisions"}],"predecessor-version":[{"id":3268,"href":"https:\/\/utopia-muc.de\/index.php\/wp-json\/wp\/v2\/pages\/120\/revisions\/3268"}],"wp:attachment":[{"href":"https:\/\/utopia-muc.de\/index.php\/wp-json\/wp\/v2\/media?parent=120"}],"curies":[{"name":"wp","href":"https:\/\/api.w.org\/{rel}","templated":true}]}}