{"id":1029,"date":"2017-10-20T12:55:32","date_gmt":"2017-10-20T10:55:32","guid":{"rendered":"http:\/\/utopia-muc.de\/?page_id=1029"},"modified":"2017-10-25T19:17:36","modified_gmt":"2017-10-25T17:17:36","slug":"anleitung","status":"publish","type":"page","link":"https:\/\/utopia-muc.de\/index.php\/anleitung\/","title":{"rendered":"Anleitung allgemein"},"content":{"rendered":"<p>Ihr k\u00f6nnt im Dashboard unter \u201a<em>Seiten<\/em>\u2018 alle vorhanden Seiten ansehen. Ver\u00e4ndern k\u00f6nnt ihr alle Seiten, bei denen als Autor \u201aDein Utopia Team\u2018 eingetragen ist. Ihr k\u00f6nnt auch neue Seiten erstellen.<\/p>\n<p>Damit vorhandene oder neue Seiten im Men\u00fc erscheinen sagt mir Bescheid telefonisch oder in einer E-Mail.<\/p>\n<p>Folgende Links helfen f\u00fcr den Umgang mit WordPress allgemein und mit dem Editor:<\/p>\n<p><a href=\"http:\/\/www.wordpress-anleitung.net\/\" target=\"_blank\" rel=\"noopener\">http:\/\/www.wordpress-anleitung.net\/<\/a><\/p>\n<p><a href=\"https:\/\/de.wordpress.org\/hilfe\/\" target=\"_blank\" rel=\"noopener\">https:\/\/de.wordpress.org\/hilfe\/<\/a><\/p>\n","protected":false},"excerpt":{"rendered":"<p>Ihr k\u00f6nnt im Dashboard unter \u201aSeiten\u2018 alle vorhanden Seiten ansehen. Ver\u00e4ndern k\u00f6nnt ihr alle Seiten, bei denen als Autor \u201aDein Utopia Team\u2018 eingetragen ist. Ihr k\u00f6nnt auch neue Seiten erstellen. Damit vorhandene oder neue Seiten im Men\u00fc erscheinen sagt mir Bescheid telefonisch oder in einer E-Mail. Folgende Links helfen f\u00fcr den Umgang mit WordPress allgemein und mit dem Editor: http:\/\/www.wordpress-anleitung.net\/ https:\/\/de.wordpress.org\/hilfe\/<\/p>\n","protected":false},"author":1,"featured_media":0,"parent":0,"menu_order":0,"comment_status":"closed","ping_status":"closed","template":"page-templates\/full-width-utopia.php","meta":{"ngg_post_thumbnail":0,"footnotes":""},"class_list":["post-1029","page","type-page","status-publish","hentry"],"yoast_head":"<!-- This site is optimized with the Yoast SEO plugin v25.3.1 - https:\/\/yoast.com\/wordpress\/plugins\/seo\/ -->\n<title>Anleitung allgemein - Utopia Ramersdorf | Freizeitst\u00e4tte und Abenteuerspielplatz<\/title>\n<meta name=\"robots\" content=\"index, follow, max-snippet:-1, max-image-preview:large, max-video-preview:-1\" \/>\n<link rel=\"canonical\" href=\"https:\/\/utopia-muc.de\/index.php\/anleitung\/\" \/>\n<meta property=\"og:locale\" content=\"de_DE\" \/>\n<meta property=\"og:type\" content=\"article\" \/>\n<meta property=\"og:title\" content=\"Anleitung allgemein - Utopia Ramersdorf | Freizeitst\u00e4tte und Abenteuerspielplatz\" \/>\n<meta property=\"og:description\" content=\"Ihr k\u00f6nnt im Dashboard unter \u201aSeiten\u2018 alle vorhanden Seiten ansehen. Ver\u00e4ndern k\u00f6nnt ihr alle Seiten, bei denen als Autor \u201aDein Utopia Team\u2018 eingetragen ist. Ihr k\u00f6nnt auch neue Seiten erstellen. Damit vorhandene oder neue Seiten im Men\u00fc erscheinen sagt mir Bescheid telefonisch oder in einer E-Mail. Folgende Links helfen f\u00fcr den Umgang mit WordPress allgemein und mit dem Editor: http:\/\/www.wordpress-anleitung.net\/ https:\/\/de.wordpress.org\/hilfe\/\" \/>\n<meta property=\"og:url\" content=\"https:\/\/utopia-muc.de\/index.php\/anleitung\/\" \/>\n<meta property=\"og:site_name\" content=\"Utopia Ramersdorf | Freizeitst\u00e4tte und Abenteuerspielplatz\" \/>\n<meta property=\"article:publisher\" content=\"https:\/\/www.facebook.com\/UtopiaRamersdorf\" \/>\n<meta property=\"article:modified_time\" content=\"2017-10-25T17:17:36+00:00\" \/>\n<meta name=\"twitter:card\" content=\"summary_large_image\" \/>\n<script type=\"application\/ld+json\" class=\"yoast-schema-graph\">{\"@context\":\"https:\/\/schema.org\",\"@graph\":[{\"@type\":\"WebPage\",\"@id\":\"https:\/\/utopia-muc.de\/index.php\/anleitung\/\",\"url\":\"https:\/\/utopia-muc.de\/index.php\/anleitung\/\",\"name\":\"Anleitung allgemein - Utopia Ramersdorf | Freizeitst\u00e4tte und Abenteuerspielplatz\",\"isPartOf\":{\"@id\":\"https:\/\/utopia-muc.de\/#website\"},\"datePublished\":\"2017-10-20T10:55:32+00:00\",\"dateModified\":\"2017-10-25T17:17:36+00:00\",\"breadcrumb\":{\"@id\":\"https:\/\/utopia-muc.de\/index.php\/anleitung\/#breadcrumb\"},\"inLanguage\":\"de\",\"potentialAction\":[{\"@type\":\"ReadAction\",\"target\":[\"https:\/\/utopia-muc.de\/index.php\/anleitung\/\"]}]},{\"@type\":\"BreadcrumbList\",\"@id\":\"https:\/\/utopia-muc.de\/index.php\/anleitung\/#breadcrumb\",\"itemListElement\":[{\"@type\":\"ListItem\",\"position\":1,\"name\":\"Startseite\",\"item\":\"https:\/\/utopia-muc.de\/\"},{\"@type\":\"ListItem\",\"position\":2,\"name\":\"Anleitung allgemein\"}]},{\"@type\":\"WebSite\",\"@id\":\"https:\/\/utopia-muc.de\/#website\",\"url\":\"https:\/\/utopia-muc.de\/\",\"name\":\"Utopia Ramersdorf | Freizeitst\u00e4tte und Abenteuerspielplatz\",\"description\":\"Vorgestellt wird das Utopia Ramersdorf,  Freizeitst\u00e4tte und Abenteuerspielplatz in M\u00fcnchen-Ramersdorf\",\"potentialAction\":[{\"@type\":\"SearchAction\",\"target\":{\"@type\":\"EntryPoint\",\"urlTemplate\":\"https:\/\/utopia-muc.de\/?s={search_term_string}\"},\"query-input\":{\"@type\":\"PropertyValueSpecification\",\"valueRequired\":true,\"valueName\":\"search_term_string\"}}],\"inLanguage\":\"de\"}]}<\/script>\n<!-- \/ Yoast SEO plugin. -->","yoast_head_json":{"title":"Anleitung allgemein - Utopia Ramersdorf | Freizeitst\u00e4tte und Abenteuerspielplatz","robots":{"index":"index","follow":"follow","max-snippet":"max-snippet:-1","max-image-preview":"max-image-preview:large","max-video-preview":"max-video-preview:-1"},"canonical":"https:\/\/utopia-muc.de\/index.php\/anleitung\/","og_locale":"de_DE","og_type":"article","og_title":"Anleitung allgemein - Utopia Ramersdorf | Freizeitst\u00e4tte und Abenteuerspielplatz","og_description":"Ihr k\u00f6nnt im Dashboard unter \u201aSeiten\u2018 alle vorhanden Seiten ansehen. Ver\u00e4ndern k\u00f6nnt ihr alle Seiten, bei denen als Autor \u201aDein Utopia Team\u2018 eingetragen ist. Ihr k\u00f6nnt auch neue Seiten erstellen. Damit vorhandene oder neue Seiten im Men\u00fc erscheinen sagt mir Bescheid telefonisch oder in einer E-Mail. Folgende Links helfen f\u00fcr den Umgang mit WordPress allgemein und mit dem Editor: http:\/\/www.wordpress-anleitung.net\/ https:\/\/de.wordpress.org\/hilfe\/","og_url":"https:\/\/utopia-muc.de\/index.php\/anleitung\/","og_site_name":"Utopia Ramersdorf | Freizeitst\u00e4tte und Abenteuerspielplatz","article_publisher":"https:\/\/www.facebook.com\/UtopiaRamersdorf","article_modified_time":"2017-10-25T17:17:36+00:00","twitter_card":"summary_large_image","schema":{"@context":"https:\/\/schema.org","@graph":[{"@type":"WebPage","@id":"https:\/\/utopia-muc.de\/index.php\/anleitung\/","url":"https:\/\/utopia-muc.de\/index.php\/anleitung\/","name":"Anleitung allgemein - Utopia Ramersdorf | Freizeitst\u00e4tte und Abenteuerspielplatz","isPartOf":{"@id":"https:\/\/utopia-muc.de\/#website"},"datePublished":"2017-10-20T10:55:32+00:00","dateModified":"2017-10-25T17:17:36+00:00","breadcrumb":{"@id":"https:\/\/utopia-muc.de\/index.php\/anleitung\/#breadcrumb"},"inLanguage":"de","potentialAction":[{"@type":"ReadAction","target":["https:\/\/utopia-muc.de\/index.php\/anleitung\/"]}]},{"@type":"BreadcrumbList","@id":"https:\/\/utopia-muc.de\/index.php\/anleitung\/#breadcrumb","itemListElement":[{"@type":"ListItem","position":1,"name":"Startseite","item":"https:\/\/utopia-muc.de\/"},{"@type":"ListItem","position":2,"name":"Anleitung allgemein"}]},{"@type":"WebSite","@id":"https:\/\/utopia-muc.de\/#website","url":"https:\/\/utopia-muc.de\/","name":"Utopia Ramersdorf | Freizeitst\u00e4tte und Abenteuerspielplatz","description":"Vorgestellt wird das Utopia Ramersdorf,  Freizeitst\u00e4tte und Abenteuerspielplatz in M\u00fcnchen-Ramersdorf","potentialAction":[{"@type":"SearchAction","target":{"@type":"EntryPoint","urlTemplate":"https:\/\/utopia-muc.de\/?s={search_term_string}"},"query-input":{"@type":"PropertyValueSpecification","valueRequired":true,"valueName":"search_term_string"}}],"inLanguage":"de"}]}},"featured_image_src":null,"featured_image_src_square":null,"_links":{"self":[{"href":"https:\/\/utopia-muc.de\/index.php\/wp-json\/wp\/v2\/pages\/1029","targetHints":{"allow":["GET"]}}],"collection":[{"href":"https:\/\/utopia-muc.de\/index.php\/wp-json\/wp\/v2\/pages"}],"about":[{"href":"https:\/\/utopia-muc.de\/index.php\/wp-json\/wp\/v2\/types\/page"}],"author":[{"embeddable":true,"href":"https:\/\/utopia-muc.de\/index.php\/wp-json\/wp\/v2\/users\/1"}],"replies":[{"embeddable":true,"href":"https:\/\/utopia-muc.de\/index.php\/wp-json\/wp\/v2\/comments?post=1029"}],"version-history":[{"count":3,"href":"https:\/\/utopia-muc.de\/index.php\/wp-json\/wp\/v2\/pages\/1029\/revisions"}],"predecessor-version":[{"id":1043,"href":"https:\/\/utopia-muc.de\/index.php\/wp-json\/wp\/v2\/pages\/1029\/revisions\/1043"}],"wp:attachment":[{"href":"https:\/\/utopia-muc.de\/index.php\/wp-json\/wp\/v2\/media?parent=1029"}],"curies":[{"name":"wp","href":"https:\/\/api.w.org\/{rel}","templated":true}]}}